{"id":999,"date":"2020-01-31T22:19:01","date_gmt":"2020-01-31T21:19:01","guid":{"rendered":"http:\/\/www.cfccp.net\/?page_id=999"},"modified":"2020-01-31T22:58:36","modified_gmt":"2020-01-31T21:58:36","slug":"cartophiles-2013","status":"publish","type":"page","link":"https:\/\/www.cfccp.net\/index.php\/le-cartophile\/cartophiles-2013\/","title":{"rendered":"Sommaires des n\u00b0 165 \u00e0 162 (2013)"},"content":{"rendered":"\n<p><strong>&lt;= <\/strong><a href=\"http:\/\/www.cfccp.net\/index.php\/le-cartophile\/\"><strong> RETOUR<\/strong><\/a><\/p>\n\n\n\n<h3>Sujets trait\u00e9s dans le n\u00b0165 du 4\u00e8me trim. 2013<\/h3>\n\n\n<div class=\"principal\"><center><p><\/p>\n<div>\n<table>\n<tbody>\n<tr>\n<td valign=\"top\" width=\"10%\">ZOUT<\/td>\n<td valign=\"top\" width=\"7%\">&nbsp;<\/td>\n<td valign=\"top\" width=\"3%\">&nbsp;<\/td>\n<td valign=\"top\" width=\"60%\">Conseil d&rsquo;administration<\/td>\n<td valign=\"top\" width=\"20%\">Cercle<\/td>\n<\/tr>\n<tr>\n<td valign=\"top\" width=\"10%\">FA<\/td>\n<td valign=\"top\" width=\"7%\">&nbsp;<\/td>\n<td valign=\"top\" width=\"3%\">&nbsp;<\/td>\n<td valign=\"top\" width=\"60%\">Bonne ann\u00e9e 2014 \u00e0 tous<\/td>\n<td valign=\"top\" width=\"20%\">Cercle<\/td>\n<\/tr>\n<tr>\n<td valign=\"top\" width=\"10%\">ZOUT<\/td>\n<td valign=\"top\" width=\"7%\">&nbsp;<\/td>\n<td valign=\"top\" width=\"3%\">&nbsp;<\/td>\n<td valign=\"top\" width=\"60%\">Sommaire<\/td>\n<td valign=\"top\" width=\"20%\">Cercle<\/td>\n<\/tr>\n<tr>\n<td valign=\"top\" width=\"10%\">D\u00e9c\u00e8s<\/td>\n<td valign=\"top\" width=\"7%\">&nbsp;<\/td>\n<td valign=\"top\" width=\"3%\">&nbsp;<\/td>\n<td valign=\"top\" width=\"60%\">Marcel REDON nous a quitt\u00e9s<\/td>\n<td valign=\"top\" width=\"20%\">Cercle<\/td>\n<\/tr>\n<tr>\n<td valign=\"top\" width=\"10%\">PRE<\/td>\n<td valign=\"top\" width=\"7%\">&nbsp;<\/td>\n<td valign=\"top\" width=\"3%\">&nbsp;<\/td>\n<td valign=\"top\" width=\"60%\">Mot du Pr\u00e9sident (Le)<\/td>\n<td valign=\"top\" width=\"20%\">Mattatia R.<\/td>\n<\/tr>\n<tr>\n<td valign=\"top\" width=\"10%\">INF<\/td>\n<td valign=\"top\" width=\"7%\">&nbsp;<\/td>\n<td valign=\"top\" width=\"3%\">&nbsp;<\/td>\n<td valign=\"top\" width=\"60%\">Nos adh\u00e9rents s&rsquo;expriment &#8230;<\/td>\n<td valign=\"top\" width=\"20%\">Cercle<\/td>\n<\/tr>\n<tr>\n<td valign=\"top\" width=\"10%\">&nbsp;<\/td>\n<td valign=\"top\" width=\"7%\">DEP<\/td>\n<td valign=\"top\" width=\"3%\">75<\/td>\n<td valign=\"top\" width=\"60%\">Quand Panoramas et Diaporamas montaient \u00e0 Montmartre<\/td>\n<td valign=\"top\" width=\"20%\">Lacroix D. Bourgeon G. Guillon H.<\/td>\n<\/tr>\n<tr>\n<td valign=\"top\" width=\"10%\">INF<\/td>\n<td valign=\"top\" width=\"7%\">&nbsp;<\/td>\n<td valign=\"top\" width=\"3%\">&nbsp;<\/td>\n<td valign=\"top\" width=\"60%\">Actualit\u00e9s : Eug\u00e8ne ATGET : une longue histoire avec la Grande Bretagne<\/td>\n<td valign=\"top\" width=\"20%\">Pierdait-Filli\u00e9 M.<\/td>\n<\/tr>\n<tr>\n<td valign=\"top\" width=\"10%\">VPN<\/td>\n<td valign=\"top\" width=\"7%\">&nbsp;<\/td>\n<td valign=\"top\" width=\"3%\">&nbsp;<\/td>\n<td valign=\"top\" width=\"60%\">R\u00e8glement de la vente \u00e0 prix nets du 4 f\u00e9vrier 2014<\/td>\n<td valign=\"top\" width=\"20%\">Cercle<\/td>\n<\/tr>\n<tr>\n<td valign=\"top\" width=\"10%\">VPN<\/td>\n<td valign=\"top\" width=\"7%\">&nbsp;<\/td>\n<td valign=\"top\" width=\"3%\">&nbsp;<\/td>\n<td valign=\"top\" width=\"60%\">Liste des cartes et des lots : VPN du 4 f\u00e9vrier 2014<\/td>\n<td valign=\"top\" width=\"20%\">Cercle<\/td>\n<\/tr>\n<tr>\n<td valign=\"top\" width=\"10%\">&nbsp;<\/td>\n<td valign=\"top\" width=\"7%\">DEP<\/td>\n<td valign=\"top\" width=\"3%\">75<\/td>\n<td valign=\"top\" width=\"60%\">Le Temps des Guinguette<\/td>\n<td valign=\"top\" width=\"20%\">Vergne C.<\/td>\n<\/tr>\n<tr>\n<td valign=\"top\" width=\"10%\">MC<\/td>\n<td valign=\"top\" width=\"7%\">&nbsp;<\/td>\n<td valign=\"top\" width=\"3%\">&nbsp;<\/td>\n<td valign=\"top\" width=\"60%\">Mots crois\u00e9s<\/td>\n<td valign=\"top\" width=\"20%\">Gr\u00e9cias E.<\/td>\n<\/tr>\n<tr>\n<td valign=\"top\" width=\"10%\">INF<\/td>\n<td valign=\"top\" width=\"7%\">&nbsp;<\/td>\n<td valign=\"top\" width=\"3%\">&nbsp;<\/td>\n<td valign=\"top\" width=\"60%\">T\u00e9moignages<\/td>\n<td valign=\"top\" width=\"20%\">Mattatia R.<\/td>\n<\/tr>\n<tr>\n<td valign=\"top\" width=\"10%\">INF<\/td>\n<td valign=\"top\" width=\"7%\">&nbsp;<\/td>\n<td valign=\"top\" width=\"3%\">&nbsp;<\/td>\n<td valign=\"top\" width=\"60%\">My afternoon with the club<\/td>\n<td valign=\"top\" width=\"20%\">Pitt L.<\/td>\n<\/tr>\n<tr>\n<td valign=\"top\" width=\"10%\">INF<\/td>\n<td valign=\"top\" width=\"7%\">&nbsp;<\/td>\n<td valign=\"top\" width=\"3%\">&nbsp;<\/td>\n<td valign=\"top\" width=\"60%\">Les adh\u00e9rents m\u00e9nent l&rsquo;enqu\u00eate !<\/td>\n<td valign=\"top\" width=\"20%\">Legros D.<\/td>\n<\/tr>\n<tr>\n<td valign=\"top\" width=\"10%\">INF<\/td>\n<td valign=\"top\" width=\"7%\">&nbsp;<\/td>\n<td valign=\"top\" width=\"3%\">&nbsp;<\/td>\n<td valign=\"top\" width=\"60%\">Vie associative : F\u00eate des associations du XV\u00e8 le 14 septembre 2013<\/td>\n<td valign=\"top\" width=\"20%\">Pierdait-Filli\u00e9 M.<\/td>\n<\/tr>\n<tr>\n<td valign=\"top\" width=\"10%\">INF<\/td>\n<td valign=\"top\" width=\"7%\">&nbsp;<\/td>\n<td valign=\"top\" width=\"3%\">&nbsp;<\/td>\n<td valign=\"top\" width=\"60%\">Deux auteurs au stand du CFCCP<\/td>\n<td valign=\"top\" width=\"20%\">Cercle<\/td>\n<\/tr>\n<tr>\n<td valign=\"top\" width=\"10%\">INF<\/td>\n<td valign=\"top\" width=\"7%\">&nbsp;<\/td>\n<td valign=\"top\" width=\"3%\">&nbsp;<\/td>\n<td valign=\"top\" width=\"60%\">Le repas associatif du CFCCP aura lieu le samedi 8 f\u00e9vrier 2014<\/td>\n<td valign=\"top\" width=\"20%\">Cercle<\/td>\n<\/tr>\n<tr>\n<td valign=\"top\" width=\"10%\">TOMB<\/td>\n<td valign=\"top\" width=\"7%\">&nbsp;<\/td>\n<td valign=\"top\" width=\"3%\">&nbsp;<\/td>\n<td valign=\"top\" width=\"60%\">Tirage de la tombola cartophile n\u00b0 164<\/td>\n<td valign=\"top\" width=\"20%\">Cercle<\/td>\n<\/tr>\n<tr>\n<td valign=\"top\" width=\"10%\">REU<\/td>\n<td valign=\"top\" width=\"7%\">&nbsp;<\/td>\n<td valign=\"top\" width=\"3%\">&nbsp;<\/td>\n<td valign=\"top\" width=\"60%\">Prochaines r\u00e9unions de 2014<\/td>\n<td valign=\"top\" width=\"20%\">Cercle<\/td>\n<\/tr>\n<\/tbody>\n<\/table>\n<\/div>\n<p><\/p><\/center><\/div>\n\n\n<h3>Sujets trait\u00e9s dans le n\u00b0164 du 3\u00e8me trim. 2013<\/h3>\n\n\n<div class=\"principal\"><center><p><\/p>\n<div>\n<table>\n<tbody>\n<tr>\n<td valign=\"top\" width=\"10%\">ZOUT<\/td>\n<td valign=\"top\" width=\"7%\">&nbsp;<\/td>\n<td valign=\"top\" width=\"3%\">&nbsp;<\/td>\n<td valign=\"top\" width=\"60%\">Conseil d&rsquo;administration<\/td>\n<td valign=\"top\" width=\"20%\">Cercle<\/td>\n<\/tr>\n<tr>\n<td valign=\"top\" width=\"10%\">&nbsp;<\/td>\n<td valign=\"top\" width=\"7%\">DEP<\/td>\n<td valign=\"top\" width=\"3%\">75<\/td>\n<td valign=\"top\" width=\"60%\">La carte du cartophile : A PARIS Les vendeuses de fripes du Carreau du Temple<\/td>\n<td valign=\"top\" width=\"20%\">Toulet M.<\/td>\n<\/tr>\n<tr>\n<td valign=\"top\" width=\"10%\">ZOUT<\/td>\n<td valign=\"top\" width=\"7%\">&nbsp;<\/td>\n<td valign=\"top\" width=\"3%\">&nbsp;<\/td>\n<td valign=\"top\" width=\"60%\">Sommaire<\/td>\n<td valign=\"top\" width=\"20%\">Cercle<\/td>\n<\/tr>\n<tr>\n<td valign=\"top\" width=\"10%\">Cercle<\/td>\n<td valign=\"top\" width=\"7%\">&nbsp;<\/td>\n<td valign=\"top\" width=\"3%\">&nbsp;<\/td>\n<td valign=\"top\" width=\"60%\">Merci \u00e0 Claudie<\/td>\n<td valign=\"top\" width=\"20%\">Mattatia R.<\/td>\n<\/tr>\n<tr>\n<td valign=\"top\" width=\"10%\">PRE<\/td>\n<td valign=\"top\" width=\"7%\">&nbsp;<\/td>\n<td valign=\"top\" width=\"3%\">&nbsp;<\/td>\n<td valign=\"top\" width=\"60%\">Mot du Pr\u00e9sident d&rsquo;Honneur (Le)<\/td>\n<td valign=\"top\" width=\"20%\">Zeyons S.<\/td>\n<\/tr>\n<tr>\n<td valign=\"top\" width=\"10%\">PRE<\/td>\n<td valign=\"top\" width=\"7%\">&nbsp;<\/td>\n<td valign=\"top\" width=\"3%\">&nbsp;<\/td>\n<td valign=\"top\" width=\"60%\">Mot du Pr\u00e9sident (Le)<\/td>\n<td valign=\"top\" width=\"20%\">Mattatia R.<\/td>\n<\/tr>\n<tr>\n<td valign=\"top\" width=\"10%\">&nbsp;<\/td>\n<td valign=\"top\" width=\"7%\">DEP<\/td>\n<td valign=\"top\" width=\"3%\">75<\/td>\n<td valign=\"top\" width=\"60%\">Quand Panoramas et Diaporamas montaient \u00e0 Montmartre<\/td>\n<td valign=\"top\" width=\"20%\">Lacroix D. Bourgeon G. Guillon H.<\/td>\n<\/tr>\n<tr>\n<td valign=\"top\" width=\"10%\">VPN<\/td>\n<td valign=\"top\" width=\"7%\">&nbsp;<\/td>\n<td valign=\"top\" width=\"3%\">&nbsp;<\/td>\n<td valign=\"top\" width=\"60%\">R\u00e8glement de la vente \u00e0 prix nets du 14 d\u00e9cembre 2013<\/td>\n<td valign=\"top\" width=\"20%\">Cercle<\/td>\n<\/tr>\n<tr>\n<td valign=\"top\" width=\"10%\">VPN<\/td>\n<td valign=\"top\" width=\"7%\">&nbsp;<\/td>\n<td valign=\"top\" width=\"3%\">&nbsp;<\/td>\n<td valign=\"top\" width=\"60%\">Liste des cartes et des lots : VPN du 14 d\u00e9cembre 2013<\/td>\n<td valign=\"top\" width=\"20%\">Cercle<\/td>\n<\/tr>\n<tr>\n<td valign=\"top\" width=\"10%\">CPM<\/td>\n<td valign=\"top\" width=\"7%\">&nbsp;<\/td>\n<td valign=\"top\" width=\"3%\">&nbsp;<\/td>\n<td valign=\"top\" width=\"60%\">Les Cart&rsquo;Com : une collection facile et \u00e9conomique<\/td>\n<td valign=\"top\" width=\"20%\">Mattatia R.<\/td>\n<\/tr>\n<tr>\n<td valign=\"top\" width=\"10%\">INF<\/td>\n<td valign=\"top\" width=\"7%\">&nbsp;<\/td>\n<td valign=\"top\" width=\"3%\">&nbsp;<\/td>\n<td valign=\"top\" width=\"60%\">Nos adh\u00e9rents s&rsquo;expriment &#8230;<\/td>\n<td valign=\"top\" width=\"20%\">Cercle<\/td>\n<\/tr>\n<tr>\n<td valign=\"top\" width=\"10%\">PRE<\/td>\n<td valign=\"top\" width=\"7%\">&nbsp;<\/td>\n<td valign=\"top\" width=\"3%\">&nbsp;<\/td>\n<td valign=\"top\" width=\"60%\">Changement de Pr\u00e9sident au CFCCP : petite c\u00e9r\u00e9monie conviviale<\/td>\n<td valign=\"top\" width=\"20%\">Guieux C.<\/td>\n<\/tr>\n<tr>\n<td valign=\"top\" width=\"10%\">INF<\/td>\n<td valign=\"top\" width=\"7%\">&nbsp;<\/td>\n<td valign=\"top\" width=\"3%\">&nbsp;<\/td>\n<td valign=\"top\" width=\"60%\">Le Cercle des collectionneurs \u00e0 l&rsquo;honneur m\u00eame pendant les vacances _<\/td>\n<td valign=\"top\" width=\"20%\">Lacroix D.<\/td>\n<\/tr>\n<tr>\n<td valign=\"top\" width=\"10%\">INF<\/td>\n<td valign=\"top\" width=\"7%\">&nbsp;<\/td>\n<td valign=\"top\" width=\"3%\">&nbsp;<\/td>\n<td valign=\"top\" width=\"60%\">Dans la presse \u00e9crite &#8230;<\/td>\n<td valign=\"top\" width=\"20%\">Mattatia R.<\/td>\n<\/tr>\n<tr>\n<td valign=\"top\" width=\"10%\">D\u00e9c\u00e8s<\/td>\n<td valign=\"top\" width=\"7%\">&nbsp;<\/td>\n<td valign=\"top\" width=\"3%\">&nbsp;<\/td>\n<td valign=\"top\" width=\"60%\">D\u00e9c\u00e8s de Michel COUVE<\/td>\n<td valign=\"top\" width=\"20%\">Cercle<\/td>\n<\/tr>\n<tr>\n<td valign=\"top\" width=\"10%\">INF<\/td>\n<td valign=\"top\" width=\"7%\">&nbsp;<\/td>\n<td valign=\"top\" width=\"3%\">&nbsp;<\/td>\n<td valign=\"top\" width=\"60%\">le CFCCP \u00e9tait pr\u00e9sent \u00e0 Cartexpo du mois de juin<\/td>\n<td valign=\"top\" width=\"20%\">Mattatia R.<\/td>\n<\/tr>\n<tr>\n<td valign=\"top\" width=\"10%\">INF<\/td>\n<td valign=\"top\" width=\"7%\">&nbsp;<\/td>\n<td valign=\"top\" width=\"3%\">&nbsp;<\/td>\n<td valign=\"top\" width=\"60%\">Le CFCCP \u00e9tait aussi \u00e0 la f\u00eate de quartier du XV\u00e8 au square Necker<\/td>\n<td valign=\"top\" width=\"20%\">Pierdait-Filli\u00e9 M.<\/td>\n<\/tr>\n<tr>\n<td valign=\"top\" width=\"10%\">INF<\/td>\n<td valign=\"top\" width=\"7%\">&nbsp;<\/td>\n<td valign=\"top\" width=\"3%\">&nbsp;<\/td>\n<td valign=\"top\" width=\"60%\">Annonces (Petites)<\/td>\n<td valign=\"top\" width=\"20%\">Cercle<\/td>\n<\/tr>\n<tr>\n<td valign=\"top\" width=\"10%\">&nbsp;<\/td>\n<td valign=\"top\" width=\"7%\">DEP<\/td>\n<td valign=\"top\" width=\"3%\">75<\/td>\n<td valign=\"top\" width=\"60%\">March\u00e9s de Paris : Le Carreau du Temple<\/td>\n<td valign=\"top\" width=\"20%\">Toulet M.<\/td>\n<\/tr>\n<tr>\n<td valign=\"top\" width=\"10%\">INF<\/td>\n<td valign=\"top\" width=\"7%\">&nbsp;<\/td>\n<td valign=\"top\" width=\"3%\">&nbsp;<\/td>\n<td valign=\"top\" width=\"60%\">Les adh\u00e9rents m\u00e8nent l&rsquo;enqu\u00eate !<\/td>\n<td valign=\"top\" width=\"20%\">Cercle<\/td>\n<\/tr>\n<tr>\n<td valign=\"top\" width=\"10%\">REU<\/td>\n<td valign=\"top\" width=\"7%\">&nbsp;<\/td>\n<td valign=\"top\" width=\"3%\">&nbsp;<\/td>\n<td valign=\"top\" width=\"60%\">Prochaines r\u00e9unions<\/td>\n<td valign=\"top\" width=\"20%\">Cercle<\/td>\n<\/tr>\n<tr>\n<td valign=\"top\" width=\"10%\">TOMB<\/td>\n<td valign=\"top\" width=\"7%\">&nbsp;<\/td>\n<td valign=\"top\" width=\"3%\">&nbsp;<\/td>\n<td valign=\"top\" width=\"60%\">Tirage de la tombola cartophile n\u00b0 163<\/td>\n<td valign=\"top\" width=\"20%\">Cercle<\/td>\n<\/tr>\n<tr>\n<td valign=\"top\" width=\"10%\">MC<\/td>\n<td valign=\"top\" width=\"7%\">&nbsp;<\/td>\n<td valign=\"top\" width=\"3%\">&nbsp;<\/td>\n<td valign=\"top\" width=\"60%\">Mots crois\u00e9s<\/td>\n<td valign=\"top\" width=\"20%\">Gr\u00e9cias E.<\/td>\n<\/tr>\n<tr>\n<td valign=\"top\" width=\"10%\">INF<\/td>\n<td valign=\"top\" width=\"7%\">&nbsp;<\/td>\n<td valign=\"top\" width=\"3%\">&nbsp;<\/td>\n<td valign=\"top\" width=\"60%\">Annonce de la 34\u00e8 bourse \u00e0 St-Denis en Val le 8 d\u00e9cembre 2013<\/td>\n<td valign=\"top\" width=\"20%\">Cercle<\/td>\n<\/tr>\n<\/tbody>\n<\/table>\n<\/div>\n<p><\/p><\/center><\/div>\n\n\n<h3>Sujets trait\u00e9s dans le n\u00b0163 du 2\u00e8me trim. 2013<\/h3>\n\n\n<div class=\"principal\"><center><p><\/p>\n<div>\n<table>\n<tbody>\n<tr>\n<td valign=\"top\" width=\"10%\">ZOUT<\/td>\n<td valign=\"top\" width=\"7%\">&nbsp;<\/td>\n<td valign=\"top\" width=\"3%\">&nbsp;<\/td>\n<td valign=\"top\" width=\"60%\">Conseil d&rsquo;administration<\/td>\n<td valign=\"top\" width=\"20%\">Cercle<\/td>\n<\/tr>\n<tr>\n<td valign=\"top\" width=\"10%\">ZOUT<\/td>\n<td valign=\"top\" width=\"7%\">&nbsp;<\/td>\n<td valign=\"top\" width=\"3%\">&nbsp;<\/td>\n<td valign=\"top\" width=\"60%\">Sommaire<\/td>\n<td valign=\"top\" width=\"20%\">Cercle<\/td>\n<\/tr>\n<tr>\n<td valign=\"top\" width=\"10%\">&nbsp;<\/td>\n<td valign=\"top\" width=\"7%\">&nbsp;<\/td>\n<td valign=\"top\" width=\"3%\">&nbsp;<\/td>\n<td valign=\"top\" width=\"60%\">La carte du cartophile : A Paris sur les boulevards<\/td>\n<td valign=\"top\" width=\"20%\">Toulet M.<\/td>\n<\/tr>\n<tr>\n<td valign=\"top\" width=\"10%\">AGA<\/td>\n<td valign=\"top\" width=\"7%\">&nbsp;<\/td>\n<td valign=\"top\" width=\"3%\">&nbsp;<\/td>\n<td valign=\"top\" width=\"60%\">AG 2013 le 23 mars 2013 : rapport d&rsquo;activit\u00e9<\/td>\n<td valign=\"top\" width=\"20%\">Zeyons S.<\/td>\n<\/tr>\n<tr>\n<td valign=\"top\" width=\"10%\">AGA<\/td>\n<td valign=\"top\" width=\"7%\">&nbsp;<\/td>\n<td valign=\"top\" width=\"3%\">&nbsp;<\/td>\n<td valign=\"top\" width=\"60%\">AG 2013 le 23 mars 2013 : compte de r\u00e9sultat<\/td>\n<td valign=\"top\" width=\"20%\">Guieux C.<\/td>\n<\/tr>\n<tr>\n<td valign=\"top\" width=\"10%\">AGA<\/td>\n<td valign=\"top\" width=\"7%\">&nbsp;<\/td>\n<td valign=\"top\" width=\"3%\">&nbsp;<\/td>\n<td valign=\"top\" width=\"60%\">AG 2013 le 23 mars 2013 : r\u00e9sultats du vote et composition du bureau<\/td>\n<td valign=\"top\" width=\"20%\">Cercle<\/td>\n<\/tr>\n<tr>\n<td valign=\"top\" width=\"10%\">MA<\/td>\n<td valign=\"top\" width=\"7%\">DEP<\/td>\n<td valign=\"top\" width=\"3%\">75<\/td>\n<td valign=\"top\" width=\"60%\">Le bon march\u00e9<\/td>\n<td valign=\"top\" width=\"20%\">Toulet M.<\/td>\n<\/tr>\n<tr>\n<td valign=\"top\" width=\"10%\">VPN<\/td>\n<td valign=\"top\" width=\"7%\">&nbsp;<\/td>\n<td valign=\"top\" width=\"3%\">&nbsp;<\/td>\n<td valign=\"top\" width=\"60%\">R\u00e8glement de la vente \u00e0 prix nets du 19 octobre 2013<\/td>\n<td valign=\"top\" width=\"20%\">Cercle<\/td>\n<\/tr>\n<tr>\n<td valign=\"top\" width=\"10%\">VPN<\/td>\n<td valign=\"top\" width=\"7%\">&nbsp;<\/td>\n<td valign=\"top\" width=\"3%\">&nbsp;<\/td>\n<td valign=\"top\" width=\"60%\">Liste des cartes et des lots : VPN du 19 octobre 2013<\/td>\n<td valign=\"top\" width=\"20%\">Cercle<\/td>\n<\/tr>\n<tr>\n<td valign=\"top\" width=\"10%\">&nbsp;<\/td>\n<td valign=\"top\" width=\"7%\">DEP<\/td>\n<td valign=\"top\" width=\"3%\">75<\/td>\n<td valign=\"top\" width=\"60%\">Les \u00e9gouts<\/td>\n<td valign=\"top\" width=\"20%\">Toulet M.<\/td>\n<\/tr>\n<tr>\n<td valign=\"top\" width=\"10%\">INF<\/td>\n<td valign=\"top\" width=\"7%\">&nbsp;<\/td>\n<td valign=\"top\" width=\"3%\">&nbsp;<\/td>\n<td valign=\"top\" width=\"60%\">3\u00e8me journ\u00e9e de la carte postale de Collection<\/td>\n<td valign=\"top\" width=\"20%\">Mattatia R.<\/td>\n<\/tr>\n<tr>\n<td valign=\"top\" width=\"10%\">MO<\/td>\n<td valign=\"top\" width=\"7%\">&nbsp;<\/td>\n<td valign=\"top\" width=\"3%\">&nbsp;<\/td>\n<td valign=\"top\" width=\"60%\">Pour Genevi\u00e8ve (po\u00e8me sur la broderie)<\/td>\n<td valign=\"top\" width=\"20%\">Cercle<\/td>\n<\/tr>\n<tr>\n<td valign=\"top\" width=\"10%\">MC<\/td>\n<td valign=\"top\" width=\"7%\">&nbsp;<\/td>\n<td valign=\"top\" width=\"3%\">&nbsp;<\/td>\n<td valign=\"top\" width=\"60%\">Mots crois\u00e9s<\/td>\n<td valign=\"top\" width=\"20%\">Gr\u00e9cias E.<\/td>\n<\/tr>\n<tr>\n<td valign=\"top\" width=\"10%\">&nbsp;<\/td>\n<td valign=\"top\" width=\"7%\">DEP<\/td>\n<td valign=\"top\" width=\"3%\">75<\/td>\n<td valign=\"top\" width=\"60%\">R\u00e9ponses au jeu \u00ab\u00a0connaissez vous Paris ? \u00ab\u00a0<\/td>\n<td valign=\"top\" width=\"20%\">Vergne M.<\/td>\n<\/tr>\n<tr>\n<td valign=\"top\" width=\"10%\">INF<\/td>\n<td valign=\"top\" width=\"7%\">&nbsp;<\/td>\n<td valign=\"top\" width=\"3%\">&nbsp;<\/td>\n<td valign=\"top\" width=\"60%\">Nos adh\u00e9rents nous \u00e9crivent<\/td>\n<td valign=\"top\" width=\"20%\">Cercle<\/td>\n<\/tr>\n<tr>\n<td valign=\"top\" width=\"10%\">INF<\/td>\n<td valign=\"top\" width=\"7%\">&nbsp;<\/td>\n<td valign=\"top\" width=\"3%\">&nbsp;<\/td>\n<td valign=\"top\" width=\"60%\">La Brasserie Mollard<\/td>\n<td valign=\"top\" width=\"20%\">Cercle<\/td>\n<\/tr>\n<tr>\n<td valign=\"top\" width=\"10%\">BI<\/td>\n<td valign=\"top\" width=\"7%\">&nbsp;<\/td>\n<td valign=\"top\" width=\"3%\">&nbsp;<\/td>\n<td valign=\"top\" width=\"60%\">Suzanne Meunier<\/td>\n<td valign=\"top\" width=\"20%\">Auliac D.<\/td>\n<\/tr>\n<tr>\n<td valign=\"top\" width=\"10%\">REU<\/td>\n<td valign=\"top\" width=\"7%\">&nbsp;<\/td>\n<td valign=\"top\" width=\"3%\">&nbsp;<\/td>\n<td valign=\"top\" width=\"60%\">Prochaines r\u00e9unions<\/td>\n<td valign=\"top\" width=\"20%\">Cercle<\/td>\n<\/tr>\n<tr>\n<td valign=\"top\" width=\"10%\">TOMB<\/td>\n<td valign=\"top\" width=\"7%\">&nbsp;<\/td>\n<td valign=\"top\" width=\"3%\">&nbsp;<\/td>\n<td valign=\"top\" width=\"60%\">Tirage de la tombola cartophile n\u00b0 162<\/td>\n<td valign=\"top\" width=\"20%\">Cercle<\/td>\n<\/tr>\n<tr>\n<td valign=\"top\" width=\"10%\">INF<\/td>\n<td valign=\"top\" width=\"7%\">&nbsp;<\/td>\n<td valign=\"top\" width=\"3%\">&nbsp;<\/td>\n<td valign=\"top\" width=\"60%\">Le repas associatif du 2 f\u00e9vrier 2013<\/td>\n<td valign=\"top\" width=\"20%\">Cercle<\/td>\n<\/tr>\n<\/tbody>\n<\/table>\n<\/div>\n<p><\/p><\/center><\/div>\n\n\n<h3>Sujets trait\u00e9s dans le n\u00b0162 du 1er trim. 2013<\/h3>\n\n\n<div class=\"principal\"><center><p><\/p>\n<div>\n<table>\n<tbody>\n<tr>\n<td valign=\"top\" width=\"10%\">ZOUT<\/td>\n<td valign=\"top\" width=\"7%\">&nbsp;<\/td>\n<td valign=\"top\" width=\"3%\">&nbsp;<\/td>\n<td valign=\"top\" width=\"60%\">Conseil d&rsquo;Administration<\/td>\n<td valign=\"top\" width=\"20%\">Cercle<\/td>\n<\/tr>\n<tr>\n<td valign=\"top\" width=\"10%\">ZOUT<\/td>\n<td valign=\"top\" width=\"7%\">&nbsp;<\/td>\n<td valign=\"top\" width=\"3%\">&nbsp;<\/td>\n<td valign=\"top\" width=\"60%\">Sommaire<\/td>\n<td valign=\"top\" width=\"20%\">Cercle<\/td>\n<\/tr>\n<tr>\n<td valign=\"top\" width=\"10%\">&nbsp;<\/td>\n<td valign=\"top\" width=\"7%\">DEP<\/td>\n<td valign=\"top\" width=\"3%\">75<\/td>\n<td valign=\"top\" width=\"60%\">La carte du cartophile : une cordonnerie \u00e0 Paris<\/td>\n<td valign=\"top\" width=\"20%\">Toulet M.<\/td>\n<\/tr>\n<tr>\n<td valign=\"top\" width=\"10%\">&nbsp;<\/td>\n<td valign=\"top\" width=\"7%\">&nbsp;<\/td>\n<td valign=\"top\" width=\"3%\">&nbsp;<\/td>\n<td valign=\"top\" width=\"60%\">Mot du Pr\u00e9sident (Le) : un anniversaire<\/td>\n<td valign=\"top\" width=\"20%\">Zeyons S.<\/td>\n<\/tr>\n<tr>\n<td valign=\"top\" width=\"10%\">GR<\/td>\n<td valign=\"top\" width=\"7%\">DEP<\/td>\n<td valign=\"top\" width=\"3%\">94<\/td>\n<td valign=\"top\" width=\"60%\">La gr\u00e8ve des verriers \u00e0 Choisy le Roi<\/td>\n<td valign=\"top\" width=\"20%\">Toulet M.<\/td>\n<\/tr>\n<tr>\n<td valign=\"top\" width=\"10%\">GR<\/td>\n<td valign=\"top\" width=\"7%\">DEP<\/td>\n<td valign=\"top\" width=\"3%\">49<\/td>\n<td valign=\"top\" width=\"60%\">Gr\u00e8ve des ardoisiers en Maine et Loire<\/td>\n<td valign=\"top\" width=\"20%\">Toulet M.<\/td>\n<\/tr>\n<tr>\n<td valign=\"top\" width=\"10%\">FA<\/td>\n<td valign=\"top\" width=\"7%\">&nbsp;<\/td>\n<td valign=\"top\" width=\"3%\">&nbsp;<\/td>\n<td valign=\"top\" width=\"60%\">Un jour, une carte &#8230;<\/td>\n<td valign=\"top\" width=\"20%\">Lacroix D.<\/td>\n<\/tr>\n<tr>\n<td valign=\"top\" width=\"10%\">ILL<\/td>\n<td valign=\"top\" width=\"7%\">&nbsp;<\/td>\n<td valign=\"top\" width=\"3%\">&nbsp;<\/td>\n<td valign=\"top\" width=\"60%\">Compl\u00e9ment \u00e0 l&rsquo;article paru dans le cartophile 161 : Quand deux illustrateurs &#8230; veulent bien se donner la main &#8230;<\/td>\n<td valign=\"top\" width=\"20%\">Gu\u00e9rin D. et M.<\/td>\n<\/tr>\n<tr>\n<td valign=\"top\" width=\"10%\">VPN<\/td>\n<td valign=\"top\" width=\"7%\">&nbsp;<\/td>\n<td valign=\"top\" width=\"3%\">&nbsp;<\/td>\n<td valign=\"top\" width=\"60%\">R\u00e9glement de la vente \u00e0 prix nets du 9 avril 2013<\/td>\n<td valign=\"top\" width=\"20%\">Cercle<\/td>\n<\/tr>\n<tr>\n<td valign=\"top\" width=\"10%\">VPN<\/td>\n<td valign=\"top\" width=\"7%\">&nbsp;<\/td>\n<td valign=\"top\" width=\"3%\">&nbsp;<\/td>\n<td valign=\"top\" width=\"60%\">Liste des cartes et des lots : VPN du 9 avril 2013<\/td>\n<td valign=\"top\" width=\"20%\">Cercle<\/td>\n<\/tr>\n<tr>\n<td valign=\"top\" width=\"10%\">MC<\/td>\n<td valign=\"top\" width=\"7%\">&nbsp;<\/td>\n<td valign=\"top\" width=\"3%\">&nbsp;<\/td>\n<td valign=\"top\" width=\"60%\">Mots crois\u00e9s<\/td>\n<td valign=\"top\" width=\"20%\">Gr\u00e9cias E.<\/td>\n<\/tr>\n<tr>\n<td valign=\"top\" width=\"10%\">FA<\/td>\n<td valign=\"top\" width=\"7%\">&nbsp;<\/td>\n<td valign=\"top\" width=\"3%\">&nbsp;<\/td>\n<td valign=\"top\" width=\"60%\">Interview de Mme Merchadou-Panossian : les cartes de voeux , une tradition immuable<\/td>\n<td valign=\"top\" width=\"20%\">Cercle<\/td>\n<\/tr>\n<tr>\n<td valign=\"top\" width=\"10%\">&nbsp;<\/td>\n<td valign=\"top\" width=\"7%\">DEP<\/td>\n<td valign=\"top\" width=\"3%\">75<\/td>\n<td valign=\"top\" width=\"60%\">Le jeu \u00ab\u00a0connaissez vous Paris ? \u00ab\u00a0<\/td>\n<td valign=\"top\" width=\"20%\">Vergne M.<\/td>\n<\/tr>\n<tr>\n<td valign=\"top\" width=\"10%\">INF<\/td>\n<td valign=\"top\" width=\"7%\">&nbsp;<\/td>\n<td valign=\"top\" width=\"3%\">&nbsp;<\/td>\n<td valign=\"top\" width=\"60%\">Informations<\/td>\n<td valign=\"top\" width=\"20%\">Cercle<\/td>\n<\/tr>\n<tr>\n<td valign=\"top\" width=\"10%\">TOMB<\/td>\n<td valign=\"top\" width=\"7%\">&nbsp;<\/td>\n<td valign=\"top\" width=\"3%\">&nbsp;<\/td>\n<td valign=\"top\" width=\"60%\">Tirage de la tombola cartophile n\u00b0 161<\/td>\n<td valign=\"top\" width=\"20%\">Cercle<\/td>\n<\/tr>\n<tr>\n<td valign=\"top\" width=\"10%\">INF<\/td>\n<td valign=\"top\" width=\"7%\">&nbsp;<\/td>\n<td valign=\"top\" width=\"3%\">&nbsp;<\/td>\n<td valign=\"top\" width=\"60%\">Annonces (Petites)<\/td>\n<td valign=\"top\" width=\"20%\">Cercle<\/td>\n<\/tr>\n<tr>\n<td valign=\"top\" width=\"10%\">REU<\/td>\n<td valign=\"top\" width=\"7%\">&nbsp;<\/td>\n<td valign=\"top\" width=\"3%\">&nbsp;<\/td>\n<td valign=\"top\" width=\"60%\">Prochaines r\u00e9unions<\/td>\n<td valign=\"top\" width=\"20%\">Cercle<\/td>\n<\/tr>\n<tr>\n<td valign=\"top\" width=\"10%\">INF<\/td>\n<td valign=\"top\" width=\"7%\">&nbsp;<\/td>\n<td valign=\"top\" width=\"3%\">&nbsp;<\/td>\n<td valign=\"top\" width=\"60%\">Cartexpo<\/td>\n<td valign=\"top\" width=\"20%\">Cercle<\/td>\n<\/tr>\n<tr>\n<td valign=\"top\" width=\"10%\">&nbsp;<\/td>\n<td valign=\"top\" width=\"7%\">DEP<\/td>\n<td valign=\"top\" width=\"3%\">75<\/td>\n<td valign=\"top\" width=\"60%\">Une cordonnerie \u00e0 Paris<\/td>\n<td valign=\"top\" width=\"20%\">Toulet M.<\/td>\n<\/tr>\n<tr>\n<td valign=\"top\" width=\"10%\">INF<\/td>\n<td valign=\"top\" width=\"7%\">&nbsp;<\/td>\n<td valign=\"top\" width=\"3%\">&nbsp;<\/td>\n<td valign=\"top\" width=\"60%\">Annonce de la journ\u00e9e de la carte postale le 9 mai 2013<\/td>\n<td valign=\"top\" width=\"20%\">Cercle<\/td>\n<\/tr>\n<tr>\n<td valign=\"top\" width=\"10%\">INF<\/td>\n<td valign=\"top\" width=\"7%\">&nbsp;<\/td>\n<td valign=\"top\" width=\"3%\">&nbsp;<\/td>\n<td valign=\"top\" width=\"60%\">Nos adh\u00e9rents nous \u00e9crivent<\/td>\n<td valign=\"top\" width=\"20%\">Cercle<\/td>\n<\/tr>\n<\/tbody>\n<\/table>\n<\/div>\n<p><\/p><\/center><\/div>\n\n\n<p><strong>&lt;= <\/strong><a href=\"http:\/\/www.cfccp.net\/index.php\/le-cartophile\/\"><strong> RETOUR<\/strong><\/a><\/p>\n","protected":false},"excerpt":{"rendered":"<p>&lt;= RETOUR Sujets trait\u00e9s dans le n\u00b0165 du 4\u00e8me trim. 2013 ZOUT &nbsp; &nbsp; Conseil d&rsquo;administration Cercle FA &nbsp; &nbsp;&hellip;<\/p>\n","protected":false},"author":4,"featured_media":1014,"parent":364,"menu_order":8,"comment_status":"closed","ping_status":"closed","template":"","meta":[],"_links":{"self":[{"href":"https:\/\/www.cfccp.net\/index.php\/wp-json\/wp\/v2\/pages\/999"}],"collection":[{"href":"https:\/\/www.cfccp.net\/index.php\/wp-json\/wp\/v2\/pages"}],"about":[{"href":"https:\/\/www.cfccp.net\/index.php\/wp-json\/wp\/v2\/types\/page"}],"author":[{"embeddable":true,"href":"https:\/\/www.cfccp.net\/index.php\/wp-json\/wp\/v2\/users\/4"}],"replies":[{"embeddable":true,"href":"https:\/\/www.cfccp.net\/index.php\/wp-json\/wp\/v2\/comments?post=999"}],"version-history":[{"count":6,"href":"https:\/\/www.cfccp.net\/index.php\/wp-json\/wp\/v2\/pages\/999\/revisions"}],"predecessor-version":[{"id":1009,"href":"https:\/\/www.cfccp.net\/index.php\/wp-json\/wp\/v2\/pages\/999\/revisions\/1009"}],"up":[{"embeddable":true,"href":"https:\/\/www.cfccp.net\/index.php\/wp-json\/wp\/v2\/pages\/364"}],"wp:featuredmedia":[{"embeddable":true,"href":"https:\/\/www.cfccp.net\/index.php\/wp-json\/wp\/v2\/media\/1014"}],"wp:attachment":[{"href":"https:\/\/www.cfccp.net\/index.php\/wp-json\/wp\/v2\/media?parent=999"}],"curies":[{"name":"wp","href":"https:\/\/api.w.org\/{rel}","templated":true}]}}