{"id":916,"date":"2020-01-29T19:21:01","date_gmt":"2020-01-29T18:21:01","guid":{"rendered":"http:\/\/www.cfccp.net\/?page_id=916"},"modified":"2020-08-01T23:48:52","modified_gmt":"2020-08-01T21:48:52","slug":"histoire-cp","status":"publish","type":"page","link":"https:\/\/www.cfccp.net\/index.php\/galeries\/histoire-cp\/","title":{"rendered":"Histoire de la Carte Postale"},"content":{"rendered":"\n<p style=\"color:#0788bf\" class=\"has-text-color\"><strong><em><a href=\"http:\/\/www.cfccp.net\/index.php\/galeries\/\">&lt;=   RETOUR<\/a><\/em><\/strong><\/p>\n\n\n\n<h2>Histoire de la CP<\/h2>\n\n\n\n<p>Voici quelques textes \u00e9crits par nos adh\u00e9rents qui seront profitables \u00e0 tous les collectionneurs de cartes postales. Une plong\u00e9e dans les anciens num\u00e9ros du Cartophiles qui montre les \u00e9volutions de l&rsquo;histoire de la carte postale. <strong>Cliquez sur un article pour le faire appara\u00eetre en format pdf.<\/strong> (Certains fichiers sont scind\u00e9s pour faciliter le t\u00e9l\u00e9chargement).<\/p>\n\n\n\n<table class=\"wp-block-table aligncenter has-subtle-pale-pink-background-color has-background\"><tbody><tr><td><strong>Auteurs<\/strong><\/td><td><strong>Sujets<\/strong><\/td><td><strong>Fichier<\/strong>s<\/td><\/tr><tr><td>Ronald MATTATIA<\/td><td>Histoire de la CP<\/td><td><a href=\"http:\/\/cfccp.com\/cfccp-lagalerie\/cfccp-lagaleriepdf\/histoiredelacp03112013.pdf\"><strong>Article 1\/2<\/strong><\/a><br><a href=\"http:\/\/cfccp.com\/cfccp-lagalerie\/cfccp-lagaleriepdf\/histoiredelacpneudin03112013.pdf\"><strong>Article 2\/2<\/strong><\/a><\/td><\/tr><tr><td>Denise &amp; Marcel GUERIN<\/td><td>Histoire de la carte postale <br>administrative<\/td><td><a href=\"http:\/\/cfccp.com\/cfccp-lagalerie\/cfccp-lagaleriepdf\/levieuxpapier22fevrier2015-1.pdf\"><strong>Article 1\/3<\/strong><\/a><br><a href=\"http:\/\/cfccp.com\/cfccp-lagalerie\/cfccp-lagaleriepdf\/levieuxpapier22fevrier2015-2.pdf\"><strong>Article 2\/3<\/strong><\/a><br><a href=\"http:\/\/cfccp.com\/cfccp-lagalerie\/cfccp-lagaleriepdf\/levieuxpapier22fevrier2015-3.pdf\"><strong>Article 3\/3<\/strong><\/a> <\/td><\/tr><tr><td>Albert THINLOT<\/td><td>Cartes Postales et Arts Graphiques<\/td><td><a href=\"http:\/\/cfccp.com\/cfccp-lagalerie\/cfccp-lagaleriepdf\/thinlotcartos72-73.pdf\"><strong>Article 1\/3<\/strong><\/a><br><a href=\"http:\/\/cfccp.com\/cfccp-lagalerie\/cfccp-lagaleriepdf\/thinlotcartos74-75.pdf\"><strong>Article 2\/3<\/strong><\/a><br><a href=\"http:\/\/cfccp.com\/cfccp-lagalerie\/cfccp-lagaleriepdf\/thinlotcartos76-77-78.pdf\"><strong>Article 3\/3<\/strong><\/a> <\/td><\/tr><tr><td>Cyril VERGNE<\/td><td>Les \u00e9diteurs de cartes postales<\/td><td><a href=\"http:\/\/cfccp.com\/cfccp-lagalerie\/cfccp-lagaleriepdf\/vergne20131110-editeurscp.pdf\"><strong>Article<\/strong><\/a><\/td><\/tr><tr><td>PATAGON Diaporamas<\/td><td>Histoire de la carte Postale<\/td><td><a href=\"http:\/\/cfccp.com\/cfccp-lagalerie\/cfccp-lagaleriepdf\/cfccp-histoirecartepostale.pdf\"><strong>Article<\/strong><\/a><\/td><\/tr><\/tbody><\/table>\n\n\n\n<p>      <\/p>\n\n\n\n<p><strong>A VOUS LA PAROLE !<\/strong><\/p>\n","protected":false},"excerpt":{"rendered":"<p>&lt;= RETOUR Histoire de la CP Voici quelques textes \u00e9crits par nos adh\u00e9rents qui seront profitables \u00e0 tous les collectionneurs&hellip;<\/p>\n","protected":false},"author":4,"featured_media":342,"parent":11,"menu_order":0,"comment_status":"closed","ping_status":"closed","template":"","meta":[],"_links":{"self":[{"href":"https:\/\/www.cfccp.net\/index.php\/wp-json\/wp\/v2\/pages\/916"}],"collection":[{"href":"https:\/\/www.cfccp.net\/index.php\/wp-json\/wp\/v2\/pages"}],"about":[{"href":"https:\/\/www.cfccp.net\/index.php\/wp-json\/wp\/v2\/types\/page"}],"author":[{"embeddable":true,"href":"https:\/\/www.cfccp.net\/index.php\/wp-json\/wp\/v2\/users\/4"}],"replies":[{"embeddable":true,"href":"https:\/\/www.cfccp.net\/index.php\/wp-json\/wp\/v2\/comments?post=916"}],"version-history":[{"count":5,"href":"https:\/\/www.cfccp.net\/index.php\/wp-json\/wp\/v2\/pages\/916\/revisions"}],"predecessor-version":[{"id":1768,"href":"https:\/\/www.cfccp.net\/index.php\/wp-json\/wp\/v2\/pages\/916\/revisions\/1768"}],"up":[{"embeddable":true,"href":"https:\/\/www.cfccp.net\/index.php\/wp-json\/wp\/v2\/pages\/11"}],"wp:featuredmedia":[{"embeddable":true,"href":"https:\/\/www.cfccp.net\/index.php\/wp-json\/wp\/v2\/media\/342"}],"wp:attachment":[{"href":"https:\/\/www.cfccp.net\/index.php\/wp-json\/wp\/v2\/media?parent=916"}],"curies":[{"name":"wp","href":"https:\/\/api.w.org\/{rel}","templated":true}]}}