{"id":90,"date":"2019-01-10T21:36:28","date_gmt":"2019-01-10T20:36:28","guid":{"rendered":"http:\/\/cfccp.france1900.com\/?page_id=90"},"modified":"2025-04-29T21:12:29","modified_gmt":"2025-04-29T19:12:29","slug":"cotisation","status":"publish","type":"page","link":"https:\/\/www.cfccp.net\/index.php\/espace-adherents\/cotisation\/","title":{"rendered":"Cotisation \/ Mise \u00e0 jour"},"content":{"rendered":"\n<p><strong><a href=\"http:\/\/www.cfccp.net\/index.php\/espace-adherents\/\">&lt;=   RETOUR<\/a><\/strong><\/p>\n\n\n\n<p class=\"has-luminous-vivid-amber-background-color has-background\"><strong>Vous souhaitez renouveler votre cotisation, merci de votre fid\u00e9lit\u00e9.<\/strong><\/p>\n\n\n\n<p class=\"has-background\" style=\"background-color:#47fc05\">L&rsquo;AG du 10 avril 2025 a confirm\u00e9 les taux de cotisation individuelle. T\u00e9l\u00e9chargez le document ci-dessous et renvoyez-le accompagn\u00e9 de votre r\u00e8glement (cotisation de base <strong>20\u20ac<\/strong>, cotisation de soutien <strong>libre au dessus de 20\u20ac<\/strong>) en suivant les instructions.<\/p>\n\n\n\n<p class=\"has-light-green-cyan-background-color has-background\">Si vous souhaitez mettre \u00e0 jour votre profil en modifiant des \u00e9l\u00e9ments (adresse postale, adresse \u00e9lectronique, t\u00e9l\u00e9phone,  th\u00e8mes collectionn\u00e9s, etc.) il vous suffira de nous faire parvenir le formulaire en indiquant en rouge la ou les modifications.<\/p>\n\n\n<p><em>RAPPEL<\/em><\/p>\n<p><em>Les d\u00e9tails de vos coordonn\u00e9es sont n\u00e9cessaires pour la gestion du Cercle. Il est important que nous puisions vous joindre rapidement pour vous adresser des messages sp\u00e9cifiques, pour vous pr\u00e9venir d&rsquo;une dispersion qui pourrait correspondre \u00e0 votre th\u00e8me collectionn\u00e9, vous r\u00e9clamer ou vous verser des sommes. Cependant vous pouvez choisir les d\u00e9tails qui seront inscrits ou masqu\u00e9s dans l&rsquo;annuaire des membres \u00e9dit\u00e9 chaque ann\u00e9e ainsi que dans sa version en ligne.<\/em><br><em>Il est donc crucial que votre bulletin soit r\u00e9dig\u00e9 de fa\u00e7on lisible et de pr\u00e9f\u00e9rence en majuscules.<\/em><\/p>\n\n\n<p><strong>Bulletin \u00e0 imprimer et \u00e0 renvoyer :<\/strong><\/p>\n\n\n\n<div class=\"wp-block-file\"><object class=\"wp-block-file__embed\" data=\"http:\/\/www.cfccp.net\/wp-content\/uploads\/2025\/04\/Adhesion-Cotisation_CFCCP_2025-1.pdf\" type=\"application\/pdf\" style=\"width:100%;height:280px\" aria-label=\"Contenu embarqu\u00e9 Adhesion-Cotisation_CFCCP_2025-1.\"><\/object><a href=\"http:\/\/www.cfccp.net\/wp-content\/uploads\/2025\/04\/Adhesion-Cotisation_CFCCP_2025-1.pdf\">Adhesion-Cotisation_CFCCP_2025-1<\/a><a href=\"http:\/\/www.cfccp.net\/wp-content\/uploads\/2025\/04\/Adhesion-Cotisation_CFCCP_2025-1.pdf\" class=\"wp-block-file__button\" download>T\u00e9l\u00e9charger<\/a><\/div>\n\n\n\n<p class=\"has-quinary-color has-text-color has-background\" style=\"background-color:#f40303\"><strong>ATTENTION Nous vous offrons maintenant la possibilit\u00e9 de payer votre cotisation par virement bancaire. Toutes les r\u00e9f\u00e9rences bancaires n\u00e9cessaires (IBAN, BIC, nom du titulaire, &#8230;) peuvent \u00eatre trouv\u00e9es en 2\u00e8me de couverture sur un Cartophile, depuis 2020, ou obtenues sur simple demande.<\/strong><\/p>\n\n\n\n<p><strong><a href=\"http:\/\/www.cfccp.net\/index.php\/espace-adherents\/\">&lt;=   RETOUR<\/a><\/strong><\/p>\n\n\n\n<p><\/p>\n","protected":false},"excerpt":{"rendered":"<p>&lt;= RETOUR Vous souhaitez renouveler votre cotisation, merci de votre fid\u00e9lit\u00e9. L&rsquo;AG du 10 avril 2025 a confirm\u00e9 les taux&hellip;<\/p>\n","protected":false},"author":1,"featured_media":184,"parent":194,"menu_order":0,"comment_status":"closed","ping_status":"closed","template":"","meta":[],"_links":{"self":[{"href":"https:\/\/www.cfccp.net\/index.php\/wp-json\/wp\/v2\/pages\/90"}],"collection":[{"href":"https:\/\/www.cfccp.net\/index.php\/wp-json\/wp\/v2\/pages"}],"about":[{"href":"https:\/\/www.cfccp.net\/index.php\/wp-json\/wp\/v2\/types\/page"}],"author":[{"embeddable":true,"href":"https:\/\/www.cfccp.net\/index.php\/wp-json\/wp\/v2\/users\/1"}],"replies":[{"embeddable":true,"href":"https:\/\/www.cfccp.net\/index.php\/wp-json\/wp\/v2\/comments?post=90"}],"version-history":[{"count":30,"href":"https:\/\/www.cfccp.net\/index.php\/wp-json\/wp\/v2\/pages\/90\/revisions"}],"predecessor-version":[{"id":4169,"href":"https:\/\/www.cfccp.net\/index.php\/wp-json\/wp\/v2\/pages\/90\/revisions\/4169"}],"up":[{"embeddable":true,"href":"https:\/\/www.cfccp.net\/index.php\/wp-json\/wp\/v2\/pages\/194"}],"wp:featuredmedia":[{"embeddable":true,"href":"https:\/\/www.cfccp.net\/index.php\/wp-json\/wp\/v2\/media\/184"}],"wp:attachment":[{"href":"https:\/\/www.cfccp.net\/index.php\/wp-json\/wp\/v2\/media?parent=90"}],"curies":[{"name":"wp","href":"https:\/\/api.w.org\/{rel}","templated":true}]}}