{"id":893,"date":"2020-01-29T18:18:33","date_gmt":"2020-01-29T17:18:33","guid":{"rendered":"http:\/\/www.cfccp.net\/?page_id=893"},"modified":"2020-08-05T23:07:37","modified_gmt":"2020-08-05T21:07:37","slug":"galerie-1","status":"publish","type":"page","link":"https:\/\/www.cfccp.net\/index.php\/galeries\/galerie-1\/","title":{"rendered":"Galerie des adh\u00e9rents 1"},"content":{"rendered":"\n<p style=\"color:#047fb4\" class=\"has-text-color\"><strong><a href=\"http:\/\/www.cfccp.net\/index.php\/galeries\/\"><em>&lt;=  RETOUR<\/em><\/a><\/strong><\/p>\n\n\n\n<p class=\"has-text-color has-background has-quaternary-color has-quinary-background-color\">Voici quelques textes qui seront profitables \u00e0 tous les collectionneurs de cartes postales.  <strong>Cliquez sur un article pour le faire appara\u00eetre en format pdf.<\/strong> Si les informations contenues dans ces documents vous inspirent des travaux ou des articles, nous vous remercions de citer le ou les auteurs.<\/p>\n\n\n\n<h2> S\u00e9ries s\u00e9lectionn\u00e9es <\/h2>\n\n\n\n<p>Pour d\u00e9velopper la galerie, nous avons fait appel \u00e0 nos adh\u00e9rents en leur demandant de nous communiquer des s\u00e9ries de cartes qui leurs semblent remarquables. Vous trouverez ci-dessous quelques exemples qui, nous l&rsquo;esp\u00e9rons, vous int\u00e9resseront. <\/p>\n\n\n\n<p>    <\/p>\n\n\n\n<table class=\"wp-block-table aligncenter has-subtle-pale-pink-background-color has-background\"><tbody><tr><td><strong>Auteurs<\/strong><\/td><td><strong>Sujets<\/strong><\/td><td><strong>Fichier<\/strong>s<\/td><\/tr><tr><td>Serge ZEYONS<\/td><td>Atget \u00ab\u00a0Les p&rsquo;tits m\u00e9tiers de Paris\u00a0\u00bb<\/td><td><a href=\"http:\/\/cfccp.com\/cfccp-lagalerie\/cfccp-lagaleriepdf\/adjettextecercle09012013.pdf\"><strong>Article<\/strong><\/a><\/td><\/tr><tr><td>Le CFCCP<\/td><td> ATGET Les 80 cartes num\u00e9rot\u00e9es<br>&nbsp;&nbsp;\u00ab\u00a0Les p&rsquo;tits m\u00e9tiers de Paris\u00a0\u00bb <\/td><td><a href=\"http:\/\/cfccp.com\/cfccp-lagalerie\/cfccp-lagaleriepdf\/adjet01cercle09012013.pdf\"><strong>Article 1\/4<\/strong><\/a><br><a href=\"http:\/\/cfccp.com\/cfccp-lagalerie\/cfccp-lagaleriepdf\/adjet02cercle09012013.pdf\"><strong>Article 2\/4<\/strong><\/a><br><a href=\"http:\/\/cfccp.com\/cfccp-lagalerie\/cfccp-lagaleriepdf\/adjet03cercle09012013.pdf\"><strong>Article 3\/4<\/strong><\/a><br><a href=\"http:\/\/cfccp.com\/cfccp-lagalerie\/cfccp-lagaleriepdf\/adjet04cercle09012013.pdf\"><strong>Article 4\/4<\/strong><\/a> <\/td><\/tr><tr><td> Le CFCCP <\/td><td> ATGET Les 80 cartes num\u00e9rot\u00e9es<br>&nbsp;&nbsp;\u00ab\u00a0Les p&rsquo;tits m\u00e9tiers de Paris\u00a0\u00bb<\/td><td><a href=\"http:\/\/cfccp.com\/cfccp-lagalerie\/cfccp-lagaleriepdf\/cfccp-petitsmetiersparisiens-1.pdf\"><strong>Article 1\/2<\/strong><\/a><br><a href=\"http:\/\/cfccp.com\/cfccp-lagalerie\/cfccp-lagaleriepdf\/cfccp-petitsmetiersparisiens-2.pdf\"><strong>Article 2\/2<\/strong><\/a> <\/td><\/tr><tr><td> Le CFCCP <\/td><td>G\u00e9o Thiercy<\/td><td><a href=\"http:\/\/cfccp.com\/cfccp-lagalerie\/cfccp-lagaleriepdf\/cfccp-thiercy.pdf\"><strong>Article<\/strong><\/a><\/td><\/tr><tr><td> Le CFCCP <\/td><td>Zacot<\/td><td><a href=\"http:\/\/cfccp.com\/cfccp-lagalerie\/cfccp-lagaleriepdf\/cfccp-zacot.pdf\"><strong>Article<\/strong><\/a><\/td><\/tr><tr><td>Alain DEBARBOUILLE<\/td><td> La collection \u201cBRESSON\u2013CHERONNET\u201d<br>&nbsp;&nbsp;de BERCK\u2013PLAGE\u00a0\u00bb <\/td><td><a href=\"http:\/\/cfccp.com\/cfccp-lagalerie\/cfccp-lagaleriepdf\/debarbouille20131217texte.pdf\"><strong>Article 1\/4<\/strong><\/a><br><a href=\"http:\/\/cfccp.com\/cfccp-lagalerie\/cfccp-lagaleriepdf\/debarbouille20131217marins.pdf\"><strong>Article 2\/4<\/strong><\/a><br><a href=\"http:\/\/cfccp.com\/cfccp-lagalerie\/cfccp-lagaleriepdf\/debarbouille20131217metiers.pdf\"><strong>Article 3\/4<\/strong><\/a><br><a href=\"http:\/\/cfccp.com\/cfccp-lagalerie\/cfccp-lagaleriepdf\/debarbouille20131217hopital.pdf\"><strong>Article 4\/4<\/strong><\/a> <\/td><\/tr><tr><td>Denise &amp; Marcel GUERIN<\/td><td> Les petits m\u00e9tiers de la rue \u00e0 Paris <\/td><td><a href=\"http:\/\/cfccp.com\/cfccp-lagalerie\/cfccp-lagaleriepdf\/guerindetm20150206.pdf\"><strong>Article<\/strong><\/a><\/td><\/tr><tr><td>Claudie GUIEUX<\/td><td>Les catherinettes<\/td><td><a href=\"http:\/\/cfccp.com\/cfccp-lagalerie\/cfccp-lagaleriepdf\/\/guieuxclaudie14novembre2013.pdf\"><strong>Article<\/strong><\/a> <\/td><\/tr><tr><td>Claudie  GUIEUX<\/td><td>Les cartes du Premier Avril<\/td><td><a href=\"http:\/\/cfccp.com\/cfccp-lagalerie\/cfccp-lagaleriepdf\/guieuxclaudie23mar2014.pdf\"><strong>Article<\/strong><\/a> <\/td><\/tr><\/tbody><\/table>\n\n\n\n<table class=\"wp-block-table aligncenter has-subtle-pale-pink-background-color has-background\"><tbody><tr><td><strong>Auteurs<\/strong><\/td><td><strong>Sujets<\/strong><\/td><td><strong>Fichier<\/strong>s<\/td><\/tr><tr><td>Jacques  GUIEUX <\/td><td>Illustrateur KOSA<\/td><td> <a href=\"http:\/\/cfccp.com\/cfccp-lagalerie\/cfccp-lagaleriepdf\/guieux01mai2010.pdf\"><strong>Article<\/strong><\/a> <\/td><\/tr><tr><td>Jacques  GUIEUX <\/td><td>Les champignons<\/td><td> <a href=\"http:\/\/cfccp.com\/cfccp-lagalerie\/cfccp-lagaleriepdf\/guieux06octobre2010.pdf\"><strong>Article<\/strong><\/a> <\/td><\/tr><tr><td>Jacques  GUIEUX <\/td><td>Illustrateur Medaille<\/td><td> <a href=\"http:\/\/cfccp.com\/cfccp-lagalerie\/cfccp-lagaleriepdf\/guieux26juin2012.pdf\"><strong>Article<\/strong><\/a> <\/td><\/tr><tr><td>Danielle LACROIX<\/td><td>L&rsquo;Assommoir<\/td><td> <a href=\"http:\/\/cfccp.com\/cfccp-lagalerie\/cfccp-lagaleriepdf\/lacroix16juin2011.pdf\"><strong>Article<\/strong> <\/a><\/td><\/tr><tr><td>Danielle LACROIX<\/td><td>CARCO une promenade <br>\u00e0 Montmartre <\/td><td><a href=\"http:\/\/cfccp.com\/cfccp-lagalerie\/cfccp-lagaleriepdf\/lacroix6fevrier2014-1.pdf\"><strong>Article 1\/3<\/strong><\/a><br><a href=\"http:\/\/cfccp.com\/cfccp-lagalerie\/cfccp-lagaleriepdf\/lacroix6fevrier2014-2.pdf\"><strong>Article 2\/3<\/strong><\/a><br><a href=\"http:\/\/cfccp.com\/cfccp-lagalerie\/cfccp-lagaleriepdf\/lacroix6fevrier2014-3.pdf\"><strong>Article 3\/3<\/strong><\/a><\/td><\/tr><tr><td>Dominique MARTIN<\/td><td>Paris la nuit<\/td><td><a href=\"http:\/\/cfccp.com\/cfccp-lagalerie\/cfccp-lagaleriepdf\/cfccp-lagalerie-martin-parislanuit.pdf\"><strong>Article<\/strong><\/a><\/td><\/tr><tr><td>Betty MATTATIA<\/td><td>Les grands chapeaux<\/td><td><a href=\"http:\/\/cfccp.com\/cfccp-lagalerie\/cfccp-lagaleriepdf\/mattatia01-lesgrandschapeaux.pdf\"><strong>Article<\/strong><\/a><\/td><\/tr><tr><td>Ronald MATTATIA<\/td><td>H\u00f4tel des Monnaies \u00e0 Paris<\/td><td><a href=\"http:\/\/cfccp.com\/cfccp-lagalerie\/cfccp-lagaleriepdf\/mattatia02-hotelmonnaies.pdf\"><strong>Article<\/strong><\/a><\/td><\/tr><tr><td>Ronald MATTATIA <\/td><td>Les petits m\u00e9tiers parisiens<\/td><td><a href=\"http:\/\/cfccp.com\/cfccp-lagalerie\/cfccp-lagaleriepdf\/mattatia03-petitsmetiersparisiens.pdf\"><strong>Article<\/strong><\/a><\/td><\/tr><tr><td>Ronald MATTATIA <\/td><td>L&rsquo;Ecole Centrale<\/td><td><a href=\"http:\/\/cfccp.com\/cfccp-lagalerie\/cfccp-lagaleriepdf\/mattatia08-ecolecentrale.pdf\"><strong>Article<\/strong><\/a><\/td><\/tr><\/tbody><\/table>\n\n\n\n<p>    <\/p>\n\n\n\n<p style=\"text-align:left\"><strong>A VOUS LA PAROLE !<\/strong><\/p>\n\n\n\n<p><\/p>\n","protected":false},"excerpt":{"rendered":"<p>&lt;= RETOUR Voici quelques textes qui seront profitables \u00e0 tous les collectionneurs de cartes postales. Cliquez sur un article pour&hellip;<\/p>\n","protected":false},"author":4,"featured_media":342,"parent":11,"menu_order":1,"comment_status":"closed","ping_status":"closed","template":"","meta":[],"_links":{"self":[{"href":"https:\/\/www.cfccp.net\/index.php\/wp-json\/wp\/v2\/pages\/893"}],"collection":[{"href":"https:\/\/www.cfccp.net\/index.php\/wp-json\/wp\/v2\/pages"}],"about":[{"href":"https:\/\/www.cfccp.net\/index.php\/wp-json\/wp\/v2\/types\/page"}],"author":[{"embeddable":true,"href":"https:\/\/www.cfccp.net\/index.php\/wp-json\/wp\/v2\/users\/4"}],"replies":[{"embeddable":true,"href":"https:\/\/www.cfccp.net\/index.php\/wp-json\/wp\/v2\/comments?post=893"}],"version-history":[{"count":13,"href":"https:\/\/www.cfccp.net\/index.php\/wp-json\/wp\/v2\/pages\/893\/revisions"}],"predecessor-version":[{"id":1793,"href":"https:\/\/www.cfccp.net\/index.php\/wp-json\/wp\/v2\/pages\/893\/revisions\/1793"}],"up":[{"embeddable":true,"href":"https:\/\/www.cfccp.net\/index.php\/wp-json\/wp\/v2\/pages\/11"}],"wp:featuredmedia":[{"embeddable":true,"href":"https:\/\/www.cfccp.net\/index.php\/wp-json\/wp\/v2\/media\/342"}],"wp:attachment":[{"href":"https:\/\/www.cfccp.net\/index.php\/wp-json\/wp\/v2\/media?parent=893"}],"curies":[{"name":"wp","href":"https:\/\/api.w.org\/{rel}","templated":true}]}}