{"id":720,"date":"2020-01-13T18:13:31","date_gmt":"2020-01-13T17:13:31","guid":{"rendered":"http:\/\/www.cfccp.net\/?page_id=720"},"modified":"2020-02-04T00:24:02","modified_gmt":"2020-02-03T23:24:02","slug":"le-quarantenaire","status":"publish","type":"page","link":"https:\/\/www.cfccp.net\/index.php\/archives\/le-quarantenaire\/","title":{"rendered":"Le Quarantenaire"},"content":{"rendered":"\n<p style=\"color:#0477a9\" class=\"has-text-color\"><strong><em><a href=\"http:\/\/www.cfccp.net\/index.php\/archives\/\">&lt;=&nbsp; RETOUR AUX ARCHIVES<\/a><\/em><\/strong><\/p>\n\n\n<h1>Le 40\u00e8me anniversaire du Cercle<\/h1>\n<p>Le CFCCP a \u00e9t\u00e9 cr\u00e9\u00e9 en 1966 et nous avons f\u00eat\u00e9 en 2006 notre quaranti\u00e8me anniversaire. Pour cet \u00e9v\u00e8nement, nous avons organis\u00e9 un ensemble de manifestations. Vous trouverez ci-dessous, le programme des principales activit\u00e9s.<\/p>\n<p>Un grand banquet, r\u00e9serv\u00e9 aux adh\u00e9rents, s&rsquo;est tenu le 24 f\u00e9vrier, \u00e0 19h30, au restaurant Au Moulin Vert 34 bis, rue des Plantes \u00e0 Paris, 14\u00e8me arrondissement. Il a r\u00e9unit plus de 50 participants dans une ambiance festive. Notre Pr\u00e9sident au nom de tous a remerci\u00e9 Fran\u00e7oise VALETTE, l&rsquo;organisatrice de cette r\u00e9union.<\/p>\n<ul>\n<li><b><a href=\"http:\/\/www.cfccp.com\/cfccpbanquet2006.php\">Le banquet au Moulin Vert<\/a><\/b><\/li>\n<\/ul>\n<p>Un num\u00e9ro sp\u00e9cial du Cartophile a \u00e9t\u00e9 distribu\u00e9 aupr\u00e8s des adh\u00e9rents (pr\u00e9cisons \u00e0 jour de leur cotisation 2006 !!!). Fort de 130 pages, il \u00e9tait accompagn\u00e9 d&rsquo;une carte comm\u00e9morative \u00e9dit\u00e9e par notre cercle. Saluons le travail accompli par Jacques et Claudie Guieux, grands ma\u00eetres d&rsquo;oeuvre de cette parution.<\/p>\n<p><strong>Sommaire du 134\u00e8 num\u00e9ro du Cartophile<\/strong><\/p>\n<p>Introduction par Jacques GUIEUX<br \/>Les 40 ans du CFCCP par Serge ZEYONS<br \/>Les Associations et les bulletins cartophiles par Serge ZEYONS<br \/>Aux sources du r\u00e9gionalisme par Christian DEFLANDRE<br \/>Les cartes Viennoises de la Maison d&rsquo;Edition Munck par Jacques GUIEUX<br \/>1920-1975 : 55 ann\u00e9es de CP par Bernard NANTY<br \/>\u00ab\u00a0Les pieds mouill\u00e9s\u00a0\u00bb par Serge ZEYONS<br \/>La petite ceinture de Paris en cartes postales par Michel DEFRANCHI<br \/>Salon International de la Carte Postale par J.F. JEHANNO<br \/>Cartexpo par Claire MATHIS<br \/>Bibliographie cartophile historique et th\u00e9matique par Serge ZEYONS<br \/>Germaine Bouret Edition M.D. Paris par Bernard NANTY<br \/>Le Mus\u00e9e de la Carte Postale \u00e0 Antibes par Christian DEFLANDRE<br \/>Conservatoire R\u00e9gional de la CP \u00e0 Baud par James EVEILLARD<br \/>Connaissez-vous le portail du CFCCP ? par Jean VEROT<br \/>\u00ab\u00a0Quartier libre\u00a0\u00bb Exposition des adh\u00e9rents<br \/>Mots crois\u00e9s par Lucien NOYELLE<br \/>Une d\u00e9couverte &#8230; une renaissance &#8230; une reconnaissance \u00e0 Andr\u00e9 PRIVES<\/p>\n<p><img loading=\"lazy\" class=\"size-medium wp-image-1083 aligncenter\" src=\"http:\/\/www.cfccp.net\/wp-content\/uploads\/2020\/02\/modexpo20060308-04-300x225.jpg\" alt=\"\" width=\"300\" height=\"225\" srcset=\"https:\/\/www.cfccp.net\/wp-content\/uploads\/2020\/02\/modexpo20060308-04-300x225.jpg 300w, https:\/\/www.cfccp.net\/wp-content\/uploads\/2020\/02\/modexpo20060308-04.jpg 378w\" sizes=\"(max-width: 300px) 100vw, 300px\" \/><\/p>\n<p style=\"text-align: center;\">Un visiteur de l&rsquo;exposition avec le num\u00e9ro sp\u00e9cial du cartophile entre les mains<\/p>\n<p>Une grande exposition collective \u00ab\u00a0<strong>quartier libre aux collectionneurs de cartes postales<\/strong>\u00a0\u00bb a \u00e9t\u00e9 organis\u00e9e \u00e0 la Mairie du 9\u00e8me arrondissement de Paris, du 8 au 11 mars 2006 dans la salle Rossini.<\/p>\n<ul>\n<li><b><a href=\"http:\/\/www.cfccp.com\/cfccpexpos2006.php\">Expo 2006 \u00e0 la salle Rossini de la Mairie Paris 9\u00e8<\/a><\/b><\/li>\n<\/ul>\n<p>Pour le dernier jour de l&rsquo;exposition le 11 mars, Un Salon Cartophile Associatif a \u00e9t\u00e9 organis\u00e9 dans la salle Rossini.<\/p>\n<ul>\n<li><b><a href=\"http:\/\/www.cfccp.com\/cfccpsalon2006.php\">Salon 2006 \u00e0 la salle Rossini de la Mairie Paris 9\u00e8<\/a><\/b><\/li>\n<\/ul>\n<p>Et maintenant ? Les festivit\u00e9s sont-elles termin\u00e9es ? <br \/>Pour 2006, oui bien s\u00fbr, mais pour les prochaines ann\u00e9es nous vous r\u00e9serverons des surprises, sans oubler en 2016 la c\u00e9l\u00e9bration de notre 50\u00e8 anniversaire !!! <br \/>Les r\u00e9flexions sont lanc\u00e9es, \u00e0 vous de nous rejoindre pour nous faire part de vos suggestions et pour nous acccompagner dans la r\u00e9alisation de nos prochaines manifestations.<br \/>Nous vous en reparlerons, au cours de nos r\u00e9unions ou dans le Cartophile.<\/p>\n\n\n<p style=\"color:#0378aa\" class=\"has-text-color\"><strong><em><a href=\"http:\/\/www.cfccp.net\/index.php\/archives\/\">&lt;=&nbsp; RETOUR AUX ARCHIVES<\/a><\/em><\/strong><\/p>\n","protected":false},"excerpt":{"rendered":"<p>&lt;=&nbsp; RETOUR AUX ARCHIVES Le 40\u00e8me anniversaire du Cercle Le CFCCP a \u00e9t\u00e9 cr\u00e9\u00e9 en 1966 et nous avons f\u00eat\u00e9&hellip;<\/p>\n","protected":false},"author":4,"featured_media":0,"parent":190,"menu_order":6,"comment_status":"closed","ping_status":"closed","template":"","meta":[],"_links":{"self":[{"href":"https:\/\/www.cfccp.net\/index.php\/wp-json\/wp\/v2\/pages\/720"}],"collection":[{"href":"https:\/\/www.cfccp.net\/index.php\/wp-json\/wp\/v2\/pages"}],"about":[{"href":"https:\/\/www.cfccp.net\/index.php\/wp-json\/wp\/v2\/types\/page"}],"author":[{"embeddable":true,"href":"https:\/\/www.cfccp.net\/index.php\/wp-json\/wp\/v2\/users\/4"}],"replies":[{"embeddable":true,"href":"https:\/\/www.cfccp.net\/index.php\/wp-json\/wp\/v2\/comments?post=720"}],"version-history":[{"count":6,"href":"https:\/\/www.cfccp.net\/index.php\/wp-json\/wp\/v2\/pages\/720\/revisions"}],"predecessor-version":[{"id":1094,"href":"https:\/\/www.cfccp.net\/index.php\/wp-json\/wp\/v2\/pages\/720\/revisions\/1094"}],"up":[{"embeddable":true,"href":"https:\/\/www.cfccp.net\/index.php\/wp-json\/wp\/v2\/pages\/190"}],"wp:attachment":[{"href":"https:\/\/www.cfccp.net\/index.php\/wp-json\/wp\/v2\/media?parent=720"}],"curies":[{"name":"wp","href":"https:\/\/api.w.org\/{rel}","templated":true}]}}