{"id":715,"date":"2020-01-13T14:17:02","date_gmt":"2020-01-13T13:17:02","guid":{"rendered":"http:\/\/www.cfccp.net\/?page_id=715"},"modified":"2020-02-04T09:31:56","modified_gmt":"2020-02-04T08:31:56","slug":"manifs-images","status":"publish","type":"page","link":"https:\/\/www.cfccp.net\/index.php\/archives\/manifs-images\/","title":{"rendered":"Nos manifestations en images"},"content":{"rendered":"\n<p><strong><em><a href=\"http:\/\/www.cfccp.net\/index.php\/archives\/\">&lt;=&nbsp;&nbsp; RETOUR AUX ARCHIVES<\/a><\/em><\/strong><\/p>\n\n\n<p>En suppl\u00e9ment \u00e0 ses nombreuses activit\u00e9s (r\u00e9unions, expositions, bourses,conf\u00e9rences, r\u00e9daction du journal de liaison le Cartophile, ..) le Cercle participe ou organise d&rsquo;autres activit\u00e9s. Citons la participation \u00e0 Cartexpo \u00e0 l&rsquo;Espace Champerret, aux Vieux Papiers toujours \u00e0 Champerret, aux Journ\u00e9es Nantaises de la CP, aux salons des association de la Mairie du XV\u00e8me, &#8230;<\/p>\n<p>Vous trouverez ci-dessous quelques informations et photos glan\u00e9es lors de ces manifestations.<\/p>\n<h2>Liste des manifestations<\/h2>\n<ul>\n<li><a href=\"http:\/\/www.cfccp.com\/cfccpautresmanifsberck.php\">Berck salon de la carte postale<\/a><\/li>\n<li><a href=\"http:\/\/www.cfccp.com\/cfccp-autresmanifs-bibliomania.php\">BiblioMania<\/a><\/li>\n<li><a href=\"http:\/\/www.cfccp.com\/cfccpautresmanifscartexpo.php\">Cartexpo<\/a><\/li>\n<li><a href=\"http:\/\/www.cfccp.com\/cfccpautresmanifsclichy.php\">Salon de Clichy<\/a><\/li>\n<li><a href=\"http:\/\/www.cfccp.com\/cfccpautresmanifsjourneesnantaises.php\">Journ\u00e9e Nantaise de la Carte Postale<\/a><\/li>\n<li><a href=\"http:\/\/www.cfccp.com\/cfccpautresmanifsloiret.php\">Le Salon de Saint-Denis en Val<\/a><\/li>\n<li><a href=\"http:\/\/www.cfccp.com\/cfccpautresmanifsmairie15paris.php\">Paris Mairie du 15\u00e8 arrdt<\/a><\/li>\n<li><a href=\"http:\/\/www.cfccp.com\/cfccpautresmanifsnumicarta.php\">Numicarta<\/a><\/li>\n<li><a href=\"http:\/\/www.cfccp.com\/cfccpautresmanifsvieuxpapiers.php\">Vieux papiers Champerret<\/a><\/li>\n<li><a href=\"http:\/\/www.cfccp.com\/cfccpautresmanifsviroflay.php\">Viroflay salon de la carte postale<\/a><\/li>\n<\/ul>\n\n\n<p><strong><em><a href=\"http:\/\/www.cfccp.net\/index.php\/archives\/\">&lt;=&nbsp;&nbsp; RETOUR AUX ARCHIVES<\/a><\/em><\/strong><\/p>\n","protected":false},"excerpt":{"rendered":"<p>&lt;=&nbsp;&nbsp; RETOUR AUX ARCHIVES En suppl\u00e9ment \u00e0 ses nombreuses activit\u00e9s (r\u00e9unions, expositions, bourses,conf\u00e9rences, r\u00e9daction du journal de liaison le Cartophile,&hellip;<\/p>\n","protected":false},"author":4,"featured_media":0,"parent":190,"menu_order":3,"comment_status":"closed","ping_status":"closed","template":"","meta":[],"_links":{"self":[{"href":"https:\/\/www.cfccp.net\/index.php\/wp-json\/wp\/v2\/pages\/715"}],"collection":[{"href":"https:\/\/www.cfccp.net\/index.php\/wp-json\/wp\/v2\/pages"}],"about":[{"href":"https:\/\/www.cfccp.net\/index.php\/wp-json\/wp\/v2\/types\/page"}],"author":[{"embeddable":true,"href":"https:\/\/www.cfccp.net\/index.php\/wp-json\/wp\/v2\/users\/4"}],"replies":[{"embeddable":true,"href":"https:\/\/www.cfccp.net\/index.php\/wp-json\/wp\/v2\/comments?post=715"}],"version-history":[{"count":5,"href":"https:\/\/www.cfccp.net\/index.php\/wp-json\/wp\/v2\/pages\/715\/revisions"}],"predecessor-version":[{"id":1174,"href":"https:\/\/www.cfccp.net\/index.php\/wp-json\/wp\/v2\/pages\/715\/revisions\/1174"}],"up":[{"embeddable":true,"href":"https:\/\/www.cfccp.net\/index.php\/wp-json\/wp\/v2\/pages\/190"}],"wp:attachment":[{"href":"https:\/\/www.cfccp.net\/index.php\/wp-json\/wp\/v2\/media?parent=715"}],"curies":[{"name":"wp","href":"https:\/\/api.w.org\/{rel}","templated":true}]}}