{"id":708,"date":"2020-01-13T13:57:06","date_gmt":"2020-01-13T12:57:06","guid":{"rendered":"http:\/\/www.cfccp.net\/?page_id=708"},"modified":"2020-02-17T01:11:13","modified_gmt":"2020-02-17T00:11:13","slug":"reunions-images","status":"publish","type":"page","link":"https:\/\/www.cfccp.net\/index.php\/archives\/reunions-images\/","title":{"rendered":"Nos r\u00e9unions en images"},"content":{"rendered":"\n<p><strong><em><a href=\"http:\/\/www.cfccp.net\/index.php\/archives\/\">&lt;=&nbsp;&nbsp; RETOUR AUX ARCHIVES<\/a><\/em><\/strong><\/p>\n\n\n<p>Les r\u00e9unions du cercle se tiennent \u00e0 partir de 2019 \u00e0 la Brasserie-Restaurant Mollard, pr\u00e8s de la gare Saint-Lazare et \u00e0 la Maison des Associations du XV\u00e8me, 22 rue de la Sa\u00cfda.<\/p>\n<h4>Les r\u00e9unions \u00e0 la Brasserie-Restaurant Mollard, 6 rue de l&rsquo;Isly<\/h4>\n<p>Acc\u00e8s par la gare St-Lazare, autobus, RER ou m\u00e9tro. Parking disponible<b><\/b><\/p>\n<p><a href=\"http:\/\/www.cfccp.com\/cfccp-reunions-mollard.php\"><em><strong>Photos de r\u00e9union<\/strong><\/em><\/a><\/p>\n<h4>Les r\u00e9unions \u00e0 la Maison des Associations du 15\u00e8me, 22 rue de la Sa\u00efda<\/h4>\n<p>Acc\u00e8s par le tram : ligne 03\u00a0 station Georges Brassens.\u00a0Acc\u00e8s par les bus : ligne 89 arr\u00eat Georges Brassens, ligne 80 arr\u00eat Vaugirard-Croix Nivert, ligne 95 arr\u00eat Pte de Brancion.\u00a0Acc\u00e8s par le m\u00e9tro : ligne 12 station Convention ou Porte de Versailles, ligne 13 station Pte de Vanves<\/p>\n<p><a href=\"http:\/\/www.cfccp.com\/cfccp-reunions-saida.php\"><em><strong>Photos de r\u00e9union<\/strong><\/em><\/a><\/p>\n<h3>Les pr\u00e9c\u00e9dents lieux de r\u00e9union<\/h3>\n<h4>Les r\u00e9unions au cin\u00e9ma La Clef, angle 21 rue de la Clef 34 rue Daubenton, Paris 5\u00e8me<\/h4>\n<p><a href=\"http:\/\/www.cfccp.com\/cfccp-reunions-laclef.php\"><em><strong><u>Photos de r\u00e9union<\/u><\/strong><\/em><\/a><\/p>\n<h4>Les r\u00e9unions Villa Modigliani, 13 rue Delambre, Paris 14\u00e8me<\/h4>\n<p><a href=\"http:\/\/www.cfccp.com\/cfccp-reunions-delambre.php\"><em><strong><u>Photos de r\u00e9union<\/u><\/strong><\/em><\/a><b><\/b><b><\/b><b><\/b><\/p>\n<h4>Les r\u00e9unions au CEDIAS Mus\u00e9e social, 5 rue Las Cases, Paris 15\u00e8me<\/h4>\n<p><a href=\"http:\/\/www.cfccp.com\/cfccp-reunions-lascases.php\"><em><strong><u>Photos de r\u00e9union<\/u><\/strong><\/em><\/a><\/p>\n<h4>Les r\u00e9unions au Cercle de la Librairie, 117 boulevard Saint Germain, Paris 6\u00e8me<\/h4>\n<p>\u00a0<\/p>\n<p><b><\/b><b><br \/><\/b><\/p>\n\n\n<p><strong><em><a href=\"http:\/\/www.cfccp.net\/index.php\/archives\/\">&lt;=&nbsp;&nbsp; RETOUR AUX ARCHIVES<\/a><\/em><\/strong><\/p>\n","protected":false},"excerpt":{"rendered":"<p>&lt;=&nbsp;&nbsp; RETOUR AUX ARCHIVES Les r\u00e9unions du cercle se tiennent \u00e0 partir de 2019 \u00e0 la Brasserie-Restaurant Mollard, pr\u00e8s de&hellip;<\/p>\n","protected":false},"author":4,"featured_media":200,"parent":190,"menu_order":2,"comment_status":"closed","ping_status":"closed","template":"","meta":[],"_links":{"self":[{"href":"https:\/\/www.cfccp.net\/index.php\/wp-json\/wp\/v2\/pages\/708"}],"collection":[{"href":"https:\/\/www.cfccp.net\/index.php\/wp-json\/wp\/v2\/pages"}],"about":[{"href":"https:\/\/www.cfccp.net\/index.php\/wp-json\/wp\/v2\/types\/page"}],"author":[{"embeddable":true,"href":"https:\/\/www.cfccp.net\/index.php\/wp-json\/wp\/v2\/users\/4"}],"replies":[{"embeddable":true,"href":"https:\/\/www.cfccp.net\/index.php\/wp-json\/wp\/v2\/comments?post=708"}],"version-history":[{"count":8,"href":"https:\/\/www.cfccp.net\/index.php\/wp-json\/wp\/v2\/pages\/708\/revisions"}],"predecessor-version":[{"id":1191,"href":"https:\/\/www.cfccp.net\/index.php\/wp-json\/wp\/v2\/pages\/708\/revisions\/1191"}],"up":[{"embeddable":true,"href":"https:\/\/www.cfccp.net\/index.php\/wp-json\/wp\/v2\/pages\/190"}],"wp:featuredmedia":[{"embeddable":true,"href":"https:\/\/www.cfccp.net\/index.php\/wp-json\/wp\/v2\/media\/200"}],"wp:attachment":[{"href":"https:\/\/www.cfccp.net\/index.php\/wp-json\/wp\/v2\/media?parent=708"}],"curies":[{"name":"wp","href":"https:\/\/api.w.org\/{rel}","templated":true}]}}