{"id":703,"date":"2020-01-13T11:37:55","date_gmt":"2020-01-13T10:37:55","guid":{"rendered":"http:\/\/www.cfccp.net\/?page_id=703"},"modified":"2020-01-28T09:28:27","modified_gmt":"2020-01-28T08:28:27","slug":"carto-50","status":"publish","type":"page","link":"https:\/\/www.cfccp.net\/index.php\/le-cartophile\/carto-50\/","title":{"rendered":"Le Cartophile sp\u00e9cial du Cinquantenaire"},"content":{"rendered":"\n<p><strong><a href=\"http:\/\/www.cfccp.net\/index.php\/le-cartophile\/\">&lt;= RETOUR<\/a><\/strong><\/p>\n\n\n<h3>Sujets trait\u00e9s dans LE SPECIAL CINQUANTENAIRE, Cartophile n\u00b0173 du 4\u00e8me trimestre 2015.<\/h3>\n<ul>\n<li>Le Mot du Pr\u00e9sident par Ronald MATTATIA<\/li>\n<li>Les \u00ab\u00a050 cartes coup de coeur\u00a0\u00bb<\/li>\n<li>Sommaire<\/li>\n<li>Le Cercle Fran\u00e7ais des Collectionneurs de Cartes Postales a 50 ans<\/li>\n<li>Le CFCCP dans l&rsquo;aventure cartophile<\/li>\n<li>Notre carte du cinquantenaire<\/li>\n<li>La parole \u00e0 des adh\u00e9rents<\/li>\n<li>Les 50 coups de coeur de 50 adh\u00e9rents du CFCCP<\/li>\n<li>Collections et th\u00e9matiques<\/li>\n<li>A l&rsquo;imagination d\u00e9bordante des collectionneurs, la carte postale r\u00e9pond toujours pr\u00e9sente !<\/li>\n<li>A chacun sa marotte !<\/li>\n<li>Les marchandes de fleurs<\/li>\n<li>Les illustratrices d\u00e9but du si\u00e8cle<\/li>\n<li>Les viennoises de Rapha\u00ebl Kirchner<\/li>\n<li>Une collection nourrissante<\/li>\n<li>Une petite commune en Champagne<\/li>\n<li>Avec un bandeau sur les yeux<\/li>\n<li>Les cartes autographes<\/li>\n<li>Et si on regardait le dos des cartes ?<\/li>\n<li>Les recettes auxiliaires des postes parisiennes<\/li>\n<li>Laroche-Joubert &amp; Cie, \u00e9dit. Angoul\u00eame-Paris<\/li>\n<li>Les Cart&rsquo;Com<\/li>\n<li>Evolution de la carte postale \u00e0 travers le temps<\/li>\n<li>Faut-il craindre pour la cartophile ?<\/li>\n<li>Paradoxes autour de la carte postale ancienne<\/li>\n<li>L&rsquo;\u00e9volution de la production d&rsquo;un \u00e9diteur : CIM<\/li>\n<li>Un site de collectionneur<\/li>\n<li>Comment na\u00eet un mus\u00e9e de la carte postale ?<\/li>\n<li>\u00ab\u00a0Le carton voyageur\u00a0\u00bb, mus\u00e9e de la carte postale<\/li>\n<li>Editer ou faire \u00e9diter un livre sur sa collection<\/li>\n<\/ul>\n\n\n<p><strong><a href=\"http:\/\/www.cfccp.net\/index.php\/le-cartophile\/\">&lt;= RETOUR<\/a><\/strong><\/p>\n","protected":false},"excerpt":{"rendered":"<p>&lt;= RETOUR Sujets trait\u00e9s dans LE SPECIAL CINQUANTENAIRE, Cartophile n\u00b0173 du 4\u00e8me trimestre 2015. Le Mot du Pr\u00e9sident par Ronald&hellip;<\/p>\n","protected":false},"author":4,"featured_media":422,"parent":364,"menu_order":0,"comment_status":"closed","ping_status":"closed","template":"","meta":[],"_links":{"self":[{"href":"https:\/\/www.cfccp.net\/index.php\/wp-json\/wp\/v2\/pages\/703"}],"collection":[{"href":"https:\/\/www.cfccp.net\/index.php\/wp-json\/wp\/v2\/pages"}],"about":[{"href":"https:\/\/www.cfccp.net\/index.php\/wp-json\/wp\/v2\/types\/page"}],"author":[{"embeddable":true,"href":"https:\/\/www.cfccp.net\/index.php\/wp-json\/wp\/v2\/users\/4"}],"replies":[{"embeddable":true,"href":"https:\/\/www.cfccp.net\/index.php\/wp-json\/wp\/v2\/comments?post=703"}],"version-history":[{"count":2,"href":"https:\/\/www.cfccp.net\/index.php\/wp-json\/wp\/v2\/pages\/703\/revisions"}],"predecessor-version":[{"id":861,"href":"https:\/\/www.cfccp.net\/index.php\/wp-json\/wp\/v2\/pages\/703\/revisions\/861"}],"up":[{"embeddable":true,"href":"https:\/\/www.cfccp.net\/index.php\/wp-json\/wp\/v2\/pages\/364"}],"wp:featuredmedia":[{"embeddable":true,"href":"https:\/\/www.cfccp.net\/index.php\/wp-json\/wp\/v2\/media\/422"}],"wp:attachment":[{"href":"https:\/\/www.cfccp.net\/index.php\/wp-json\/wp\/v2\/media?parent=703"}],"curies":[{"name":"wp","href":"https:\/\/api.w.org\/{rel}","templated":true}]}}