{"id":680,"date":"2020-01-13T04:40:29","date_gmt":"2020-01-13T03:40:29","guid":{"rendered":"http:\/\/www.cfccp.net\/?page_id=680"},"modified":"2022-08-01T16:44:56","modified_gmt":"2022-08-01T14:44:56","slug":"statuts","status":"publish","type":"page","link":"https:\/\/www.cfccp.net\/index.php\/espace-adherents\/statuts\/","title":{"rendered":"Statuts et Missions"},"content":{"rendered":"\n<p><strong><a href=\"http:\/\/www.cfccp.net\/index.php\/espace-adherents\/\">&lt;=  RETOUR<\/a><\/strong><\/p>\n\n\n<h3>Cercle Fran\u00e7ais des Collectionneurs<br \/>de Cartes Postales (CFCCP) Extraits des statuts \u00e0 la date du 5 mai 2022<\/h3>\n<h4>Adresse du si\u00e8ge : MVAC 15, CFCCP boite 44, 22 rue de la Sa\u00efda, 75015 PARIS<\/h4>\n<p>\u00a0<\/p>\n<p>Contact avec le cercle : 06 98 56 58 70<br \/>Portail : <strong>www.cfccp.net<\/strong>\u00a0 (archives sur www.cfccp.com)<br \/>Messagerie (\u00e0 privil\u00e9gier) : <strong>cfccpnet@gmail.com<\/strong><\/p>\n<p>Le cercle a \u00e9t\u00e9 cr\u00e9\u00e9 le 27 avril 1966. Les adh\u00e9rents sont d&rsquo;origines g\u00e9ographiques multiples. Leur r\u00e9partition reste stable, soit un tiers pour Paris, un tiers en \u00eele-de-France et pour le dernier tiers la Province. Nous avons aussi le plaisir de compter parmi nous des associations, des adh\u00e9rents de l&rsquo;\u00e9tranger et des DOM \/ TOM. Leur nombre reste stable gr\u00e2ce \u00e0 un effort important de recrutement.<\/p>\n<p><strong><i>Statuts du CFCCP (extraits)<\/i><\/strong><\/p>\n<ul>\n<li>Association loi de 1901 \u00e0 but non lucratif dont les premiers statuts ont \u00e9t\u00e9 d\u00e9pos\u00e9s en 1966 \u00e0 la Pr\u00e9fecture de Police de Paris<\/li>\n<li>Sa dur\u00e9e est illimit\u00e9e. Son si\u00e8ge peut-\u00eatre transf\u00e9r\u00e9, suivant d\u00e9cision du Conseil d&rsquo;Administration, selon n\u00e9cessit\u00e9<\/li>\n<li>Les d\u00e9penses du Cercle, se composent des frais g\u00e9n\u00e9raux d&rsquo;administration et des d\u00e9penses que le Conseil d&rsquo;Administration juge utiles pour la r\u00e9alisation des objectifs du Cercle<\/li>\n<li>Le Conseil d&rsquo;Administration se compose : d&rsquo;un Pr\u00e9sident, de Vice Pr\u00e9sidents, d&rsquo;un Secr\u00e9taire, d&rsquo;un Secr\u00e9taire adjoint, d&rsquo;un Tr\u00e9sorier, d&rsquo;un Tr\u00e9sorier adjoint et d&rsquo;administrateurs.\u00a0<\/li>\n<li>Les Membres du Conseil sont \u00e9lus pour un an. L&rsquo;\u00e9lection du Conseil a lieu \u00e0 l&rsquo;Assembl\u00e9e G\u00e9n\u00e9rale annuelle, \u00e0 la majorit\u00e9 des membres pr\u00e9sents ou repr\u00e9sent\u00e9s.<\/li>\n<li>L&rsquo;Assembl\u00e9e G\u00e9n\u00e9rale est convoqu\u00e9e dans le premier semestre de l&rsquo;ann\u00e9e. C&rsquo;est lors de cette assembl\u00e9e qu&rsquo;a lieu le renouvellement du Conseil et qu&rsquo;est fix\u00e9 le montant de la cotisation.<\/li>\n<\/ul>\n<p><strong><i>Objectifs du CFCCP<\/i><\/strong><\/p>\n<ul>\n<li>Centraliser les renseignements sur la carte postale depuis son origine jusqu&rsquo;\u00e0 nos jours<\/li>\n<li>Servir de lien entre ses adh\u00e9rents pour l&rsquo;\u00e9change de cartes postales et pour leur communiquer les renseignements lui parvenant, relatifs \u00e0 la collection ou \u00e0 l&rsquo;\u00e9dition de cartes postales<\/li>\n<li>D&rsquo;organiser des expositions et toutes manifestations dans le but d&rsquo;am\u00e9liorer les collections des adh\u00e9rents<\/li>\n<\/ul>\n<p><strong><i>Modalit\u00e9s de fonctionnement<\/i><\/strong><\/p>\n<ul>\n<li>R\u00e9unions mensuelles un soir de semaine de 18 h \u00e0 20 h (except\u00e9 juillet et ao\u00fbt) dans le quartier Saint-Lazare avec dispersion de cartes postales. Les jours et dates sont fix\u00e9s en d\u00e9but d&rsquo;ann\u00e9e et indiqu\u00e9s dans <em>L<\/em><i>e Cartophile\u00a0<\/i>et sur notre site internet <a href=\"http:\/\/www.cfccp.net\">www.cfccp.net<\/a>.<\/li>\n<li>R\u00e9unions exceptionnelles le samedi de 14 \u00e0 17 heures (fr\u00e9quence et lieu \u00e0 d\u00e9finir). Des projections comment\u00e9es de cartes postales y sont programm\u00e9es.<\/li>\n<li>Organisation d&rsquo;un Salon Associatif (stands tenus par les adh\u00e9rents) et pr\u00e9sentation d&rsquo;expositions.<\/li>\n<li>Publication d&rsquo;un bulletin trimestriel\u00a0<i>le Cartophile<\/i> offrant articles de fond et br\u00e8ves, informations diverses sur la vie de l&rsquo;association et sur la cartophilie,\u00a0 et liste des adh\u00e9rents avec leurs th\u00e8mes de collection une fois par an. Une tombola avec tirage au sort informatique est effectu\u00e9e en r\u00e9union, lors de la sortie du bulletin.<\/li>\n<li>Pr\u00e9sence du Cercle aux grands salons parisiens de cartes postales. Participations \u00e0 d&rsquo;autres \u00e9v\u00e9nements cartophiles et associatifs.<\/li>\n<li>Sur Internet, les pages du site informent le public de notre fonctionnement et de toutes nos manifestations. Pour les adh\u00e9rents, un mot de passe ouvre l&rsquo;acc\u00e8s aux statistiques et aux th\u00e8mes de collection des adh\u00e9rents, r\u00e9pertori\u00e9s et class\u00e9s selon la nomenclature \u00e9tablie par G\u00e9rard Neudin.<\/li>\n<li>Un groupe Facebook est ouvert aux adh\u00e9rents et non-adh\u00e9rents pour des discussions cartophiles illustr\u00e9es de cartes.<\/li>\n<\/ul>\n<p><strong><i>Adh\u00e9sion avec une cotisation annuelle donnant droit \u00e0 :<\/i><\/strong><\/p>\n<ul>\n<li>la carte d&rsquo;adh\u00e9rent(e)<\/li>\n<li>toutes informations sur les activit\u00e9s ouvertes aux adh\u00e9rents :\u00a0 r\u00e9unions avec dispersion de cartes et dispersions digitales<\/li>\n<li>4 num\u00e9ros cons\u00e9cutifs de notre bulletin trimestriel Le Cartophile<\/li>\n<li>une fois par an, l&rsquo;annuaire papier des adh\u00e9rents avec leurs th\u00e8mes de collection.<\/li>\n<\/ul>\n\n\n<p><strong><a href=\"http:\/\/www.cfccp.net\/index.php\/espace-adherents\/\">&lt;=  RETOUR<\/a><\/strong><\/p>\n","protected":false},"excerpt":{"rendered":"<p>&lt;= RETOUR Cercle Fran\u00e7ais des Collectionneursde Cartes Postales (CFCCP) Extraits des statuts \u00e0 la date du 5 mai 2022 Adresse&hellip;<\/p>\n","protected":false},"author":4,"featured_media":839,"parent":194,"menu_order":2,"comment_status":"closed","ping_status":"closed","template":"","meta":[],"_links":{"self":[{"href":"https:\/\/www.cfccp.net\/index.php\/wp-json\/wp\/v2\/pages\/680"}],"collection":[{"href":"https:\/\/www.cfccp.net\/index.php\/wp-json\/wp\/v2\/pages"}],"about":[{"href":"https:\/\/www.cfccp.net\/index.php\/wp-json\/wp\/v2\/types\/page"}],"author":[{"embeddable":true,"href":"https:\/\/www.cfccp.net\/index.php\/wp-json\/wp\/v2\/users\/4"}],"replies":[{"embeddable":true,"href":"https:\/\/www.cfccp.net\/index.php\/wp-json\/wp\/v2\/comments?post=680"}],"version-history":[{"count":8,"href":"https:\/\/www.cfccp.net\/index.php\/wp-json\/wp\/v2\/pages\/680\/revisions"}],"predecessor-version":[{"id":3447,"href":"https:\/\/www.cfccp.net\/index.php\/wp-json\/wp\/v2\/pages\/680\/revisions\/3447"}],"up":[{"embeddable":true,"href":"https:\/\/www.cfccp.net\/index.php\/wp-json\/wp\/v2\/pages\/194"}],"wp:featuredmedia":[{"embeddable":true,"href":"https:\/\/www.cfccp.net\/index.php\/wp-json\/wp\/v2\/media\/839"}],"wp:attachment":[{"href":"https:\/\/www.cfccp.net\/index.php\/wp-json\/wp\/v2\/media?parent=680"}],"curies":[{"name":"wp","href":"https:\/\/api.w.org\/{rel}","templated":true}]}}