{"id":519,"date":"2019-12-06T08:40:01","date_gmt":"2019-12-06T07:40:01","guid":{"rendered":"http:\/\/www.cfccp.net\/?page_id=519"},"modified":"2021-12-06T17:29:59","modified_gmt":"2021-12-06T16:29:59","slug":"reglement-des-dispersions","status":"publish","type":"page","link":"https:\/\/www.cfccp.net\/index.php\/reunions-dispersions\/reglement-des-dispersions\/","title":{"rendered":"R\u00e8glement des dispersions de cartes postales"},"content":{"rendered":"\n<p> <strong><a href=\"http:\/\/www.cfccp.net\/index.php\/reunions-dispersions\/\">&lt;= RETOUR<\/a><\/strong><\/p>\n\n\n\n<p>Le Cercle organise aupr\u00e8s de ses adh\u00e9rents la dispersion de collections de cartes postales qui lui sont confi\u00e9es par des personnes qui souhaitent s&rsquo;en d\u00e9faire.  Les crit\u00e8res de choix de ces cartes, les conditions de remise par le vendeur, les modalit\u00e9s de vente et le versement du produit &#8211; moyennant une commission de 15% &#8211; sont d\u00e9crits en d\u00e9tail dans le document ci-dessous. Les personnes ext\u00e9rieures au Cercle sont invit\u00e9es \u00e0 lire ce document avant de se d\u00e9faire d&rsquo;une collection. Il leur est ensuite loisible de contacter le Cercle aux coordonn\u00e9es ci-contre.<\/p>\n\n\n\n<div class=\"wp-block-file\"><a href=\"http:\/\/www.cfccp.net\/wp-content\/uploads\/2019\/12\/Reglement-des-dispersions-2019.pdf\">Reglement-des-dispersions-2019<\/a><a href=\"http:\/\/www.cfccp.net\/wp-content\/uploads\/2019\/12\/Reglement-des-dispersions-2019.pdf\" class=\"wp-block-file__button\" download>T\u00e9l\u00e9charger<\/a><\/div>\n\n\n<p style=\"text-align: left;\"><strong>Les dispersions de cartes au CFCCP &#8211; Quelques informations g\u00e9n\u00e9rales<\/strong><\/p>\n<p><strong><span style=\"color: #0000ff;\">1. Vous achetez des cartes au cours d&rsquo;une r\u00e9union du CFCCP ?<\/span><\/strong><br \/>&#8211; Examinez bien l\u2019\u00e9tat et le sujet des cartes avant d\u2019ench\u00e9rir et\/ou apr\u00e8s les avoir<br \/>acquises : celles-ci peuvent \u00eatre reprises seulement le soir m\u00eame de la dispersion, et non dans les jours ou semaines qui suivent. En effet le vendeur aura d\u00e9j\u00e0 \u00e9t\u00e9 pay\u00e9.<br \/>&#8211; Pour les cartes mises au tableau, les d\u00e9fauts \u00e9ventuels sont signal\u00e9s. Dans les lots, il est parfois not\u00e9 \u00ab en l\u2019\u00e9tat \u00bb, ce qui signifie que certaines cartes pr\u00e9sentent des d\u00e9fauts.<\/p>\n<p>&#8211; Marquez bien d\u2019un signe clair en haut de l\u2019enveloppe les lots que vous souhaitez acqu\u00e9rir pour \u00eatre s\u00fbr que ceux-ci soient s\u00e9lectionn\u00e9s pour la vente aux ench\u00e8res. Retenez aussi le code du lot inscrit sur l\u2019enveloppe jointe car celui-ci sera indiqu\u00e9 \u00e0 haute voix lors de la vente et vous devrez alors vous manifester \u00e0 ce moment-l\u00e0.<br \/>&#8211; Les ench\u00e8res fonctionnent de 1 \u20ac en 1 \u20ac jusqu\u2019\u00e0 20 \u20ac puis de 2 \u20ac en 2 \u20ac au-del\u00e0.<br \/>&#8211; Vous payez les lots remport\u00e9s en fin de s\u00e9ance (ch\u00e8que ou esp\u00e8ces).<\/p>\n<p><span style=\"color: #0000ff;\"><strong>2. <\/strong><strong><span style=\"color: #0000ff;\">V<\/span>ous voulez vendre des cartes au sein du CFCCP ?<\/strong><\/span><br \/>Prenez d\u2019abord contact par courriel avec Michel Degrave cramif@netcourrier.com . Il peut \u00e9ventuellement se d\u00e9placer chez vous si les lots sont importants.<br \/>&#8211; Les lots\/cartes apport\u00e9s en s\u00e9ance ne seront dispers\u00e9s qu\u2019aux ventes suivantes et non le jour m\u00eame. Un re\u00e7u vous sera d\u00e9livr\u00e9 au moment de la remise des<br \/>lots\/cartes. Vous y indiquerez si vous souhaitez ou non reprendre vos cartes en cas de non vente. Des frais de port seront factur\u00e9s pour un retour par la poste, sinon vous pourrez les r\u00e9cup\u00e9rer \u00e0 une s\u00e9ance de dispersion.<br \/>&#8211; Un code vous est attribu\u00e9, afin de respecter l\u2019anonymat du vendeur.<br \/>&#8211; Le prix \u00ab plancher \u00bb de d\u00e9part aux ench\u00e8res est fix\u00e9 par les membres du groupe de cotation. Seul un prix indicatif peut nous \u00eatre donn\u00e9 par le vendeur. Les cartes peuvent \u00eatre vendues \u00e0 l\u2019unit\u00e9 ou en petits lots, selon leur int\u00e9r\u00eat. Les cartes de faible valeur sont vendues en lots plus importants (de 100 \u00e0 1000 cartes).<br \/>&#8211; <em>Si vous avez un prix pr\u00e9cis auquel vous souhaitez vendre votre carte postale, votre <\/em><em>carte photo, ou votre lot (quelques cartes), choisissez alors la vente \u00e0 prix nets et <\/em><em>contactez par courriel Jacques Guieux\u00a0 jguieux@laposte.net . Au pr\u00e9alable vous <\/em><em>devrez adh\u00e9rer au CFCCP car ces ventes \u00e0 prix net sont r\u00e9serv\u00e9es aux adh\u00e9rents de <\/em><em>l\u2019association. Consulter la page \u00ab\u00a0VENTES \u00e0 PRIX NETS\u00a0\u00bb pour plus d&rsquo;informations.<\/em><br \/>&#8211; Les cartes sont pr\u00e9sent\u00e9es aux ench\u00e8res une \u00e0 trois fois avec un prix minor\u00e9 la<br \/>derni\u00e8re fois.<br \/>&#8211; L\u2019association pr\u00e9l\u00e8ve 15 % sur le prix de vente obtenu, pour ses frais de gestion.<br \/>&#8211; Lorsque tous vos lots auront \u00e9t\u00e9 vendus, vous serez contact\u00e9s et inform\u00e9s. Si les lots confi\u00e9s sont importants un paiement est effectu\u00e9 au fur et \u00e0 mesure des<br \/>ventes.<\/p>\n<p style=\"text-align: left;\"><strong><span style=\"color: #0000ff;\">3. Quels lots pouvez-vous nous confier ?<\/span><\/strong><br \/><strong>Pour les CPA<\/strong><br \/>&#8211; Toutes CPA r\u00e9gionalistes, th\u00e9matiques, illustr\u00e9es, ainsi que les CPSM et CPM (pour ces derni\u00e8res quelques restrictions \u00e0 voir ci-dessous). Nous nous r\u00e9servons toutefois le droit de ne pas prendre des CPA de certaines villes ou r\u00e9gions, si nous estimons ne pas pouvoir les vendre.<br \/>&#8211; Les cartes d\u2019illustrateurs (anciens ou contemporains).<br \/>&#8211; Les cartes publicitaires.<br \/>&#8211; Les cartes photos localis\u00e9es ou non.<br \/>&#8211; Les cartes \u00e9trang\u00e8res, au coup par coup car celles-ci sont peu collectionn\u00e9es par nos adh\u00e9rents.<br \/>&#8211; Les livres (en rapport avec les cartes), mais nous ne prenons plus les Neudin, Carr\u00e9 ou Fildier.<br \/>&#8211; Certains \u00ab vieux papiers \u00bb (menus, gravures, buvards, chromos, factures, etc.) ou des photos. Nous ne prenons pas les timbres, ni autres documents postaux (sauf exception).<br \/>Ce que nous ne prenons pas (ou tr\u00e8s rarement) :<br \/>&#8211; Les albums vides de cartes (ne seront pris que s\u2019ils sont en bon \u00e9tat).<br \/>&#8211; Les carnets de cartes (sauf rare exception). Si vous nous les confiez malgr\u00e9 tout, ils seront donn\u00e9s lors de tombola aux adh\u00e9rents.<br \/>&#8211; Les cartes fantaisie anciennes ou modernes type amoureux, femmes, hommes,<br \/>enfants, s\u00e9rie humoristiques, fleurs, animaux \u2026<br \/>&#8211; Les cartes de mus\u00e9e ou les cartes de peintres.<br \/>&#8211; Les \u2018cartes com\u2019 ou les cartes gratuites qui ne sont pas destin\u00e9es \u00e0 la vente (\u00e0<br \/>l\u2019exception des cartes de salons cartophiles ou certaines cartes publicitaires \u2026). Ce type de cartes est distribu\u00e9 gratuitement aux adh\u00e9rents lors de l\u2019envoi du<br \/>Cartophile ou en d\u00e9but de chaque s\u00e9ance.<br \/><strong>Pour les CPSM\/ CPM.<\/strong><br \/>Nous ne prenons pas les cartes modernes ou semi modernes qui repr\u00e9sentent des paysages (montagnes, mer, for\u00eats, humour, etc.), des ch\u00e2teaux ou autres vues touristiques, ainsi que certaines destinations. En revanche, nous prenons avec plaisir les CPSM ou CPM pr\u00e9sentant des rues ou des b\u00e2timents (poste, gare, \u00e9cole, h\u00f4pitaux, piscines, etc.) de villes ou villages, ainsi que les vues a\u00e9riennes de petites villes ou villages.<br \/>\u00a0 \u00a0 \u00a0 \u00a0 \u00a0 \u00a0 \u00a0 \u00a0 \u00a0 \u00a0 \u00a0 \u00a0 \u00a0 \u00a0 \u00a0 \u00a0 \u00a0 \u00a0 \u00a0 \u00a0 \u00a0 \u00a0 \u00a0 \u00a0 \u00a0 \u00a0 \u00a0 \u00a0 \u00a0 \u00a0 \u00a0 \u00a0 \u00a0* * * *<br \/><span style=\"color: #ff0000;\">Enfin, point important : les cartes et lots doivent \u00eatre en bon \u00e9tat.<\/span><br \/><span style=\"color: #ff0000;\">Nous \u00e9liminerons les cartes ou les documents qui ont de graves d\u00e9fauts (plis<\/span><br \/><span style=\"color: #ff0000;\">importants, manque sur carte, trous, taches, etc.)<\/span><br \/>\u00a9 CFCCP-2019 Mis \u00e0 jour juillet 2019<\/p>\n\n\n<p><\/p>\n\n\n\n<p> <strong><a href=\"http:\/\/www.cfccp.net\/index.php\/reunions-dispersions\/\">&lt;= RETOUR<\/a><\/strong><\/p>\n","protected":false},"excerpt":{"rendered":"<p>&lt;= RETOUR Le Cercle organise aupr\u00e8s de ses adh\u00e9rents la dispersion de collections de cartes postales qui lui sont confi\u00e9es&hellip;<\/p>\n","protected":false},"author":4,"featured_media":0,"parent":625,"menu_order":1,"comment_status":"closed","ping_status":"closed","template":"","meta":[],"_links":{"self":[{"href":"https:\/\/www.cfccp.net\/index.php\/wp-json\/wp\/v2\/pages\/519"}],"collection":[{"href":"https:\/\/www.cfccp.net\/index.php\/wp-json\/wp\/v2\/pages"}],"about":[{"href":"https:\/\/www.cfccp.net\/index.php\/wp-json\/wp\/v2\/types\/page"}],"author":[{"embeddable":true,"href":"https:\/\/www.cfccp.net\/index.php\/wp-json\/wp\/v2\/users\/4"}],"replies":[{"embeddable":true,"href":"https:\/\/www.cfccp.net\/index.php\/wp-json\/wp\/v2\/comments?post=519"}],"version-history":[{"count":10,"href":"https:\/\/www.cfccp.net\/index.php\/wp-json\/wp\/v2\/pages\/519\/revisions"}],"predecessor-version":[{"id":2923,"href":"https:\/\/www.cfccp.net\/index.php\/wp-json\/wp\/v2\/pages\/519\/revisions\/2923"}],"up":[{"embeddable":true,"href":"https:\/\/www.cfccp.net\/index.php\/wp-json\/wp\/v2\/pages\/625"}],"wp:attachment":[{"href":"https:\/\/www.cfccp.net\/index.php\/wp-json\/wp\/v2\/media?parent=519"}],"curies":[{"name":"wp","href":"https:\/\/api.w.org\/{rel}","templated":true}]}}