{"id":2836,"date":"2021-10-02T02:19:44","date_gmt":"2021-10-02T00:19:44","guid":{"rendered":"http:\/\/www.cfccp.net\/?page_id=2836"},"modified":"2025-12-23T21:40:09","modified_gmt":"2025-12-23T20:40:09","slug":"vso","status":"publish","type":"page","link":"https:\/\/www.cfccp.net\/index.php\/reunions-dispersions\/vso\/","title":{"rendered":"Vente sur Offres (VSO)"},"content":{"rendered":"<p><!--StartFragment--><\/p>\n\n\n<h2><strong>La 15\u00e8me Vente sur Offres propos\u00e9e par le Cercle est CLOSE<\/strong> depuis le 7 d\u00e9cembre.<\/h2>\n\n\n\n<p class=\"has-text-align-center has-background\" style=\"background-color:#f8fc14\"><strong><a rel=\"noreferrer noopener\" aria-label=\"Poser une offre est r\u00e9http:\/\/www.cfccp.net\/index.php\/espace-adherents\/adhesion\/serv\u00e9 aux adh\u00e9rents du CFCCP. Si vous n'\u00eates pas encore adh\u00e9rent, n'h\u00e9sitez pas \u00e0 faire la d\u00e9marche ICI. (s\u2019ouvre dans un nouvel onglet)\" href=\"http:\/\/www.cfccp.net\/index.php\/espace-adherents\/adhesion\/\" target=\"_blank\">En<\/a><\/strong><strong><a rel=\"noreferrer noopener\" aria-label=\"Poser une offre est r\u00e9http:\/\/www.cfccp.net\/index.php\/espace-adherents\/adhesion\/serv\u00e9 aux adh\u00e9rents du CFCCP. Si vous n'\u00eates pas encore adh\u00e9rent, n'h\u00e9sitez pas \u00e0 faire la d\u00e9marche ICI. (s\u2019ouvre dans un nouvel onglet)\" href=\"http:\/\/www.cfccp.net\/index.php\/espace-adherents\/adhesion\/\" target=\"_blank\">c<\/a><\/strong><strong><a rel=\"noreferrer noopener\" aria-label=\"Poser une offre est r\u00e9http:\/\/www.cfccp.net\/index.php\/espace-adherents\/adhesion\/serv\u00e9 aux adh\u00e9rents du CFCCP. Si vous n'\u00eates pas encore adh\u00e9rent, n'h\u00e9sitez pas \u00e0 faire la d\u00e9marche ICI. (s\u2019ouvre dans un nouvel onglet)\" href=\"http:\/\/www.cfccp.net\/index.php\/espace-adherents\/adhesion\/\" target=\"_blank\">h<\/a><\/strong><strong><a rel=\"noreferrer noopener\" aria-label=\"Poser une offre est r\u00e9http:\/\/www.cfccp.net\/index.php\/espace-adherents\/adhesion\/serv\u00e9 aux adh\u00e9rents du CFCCP. Si vous n'\u00eates pas encore adh\u00e9rent, n'h\u00e9sitez pas \u00e0 faire la d\u00e9marche ICI. (s\u2019ouvre dans un nouvel onglet)\" href=\"http:\/\/www.cfccp.net\/index.php\/espace-adherents\/adhesion\/\" target=\"_blank\">\u00e9<\/a><\/strong><strong><a rel=\"noreferrer noopener\" aria-label=\"Poser une offre est r\u00e9http:\/\/www.cfccp.net\/index.php\/espace-adherents\/adhesion\/serv\u00e9 aux adh\u00e9rents du CFCCP. Si vous n'\u00eates pas encore adh\u00e9rent, n'h\u00e9sitez pas \u00e0 faire la d\u00e9marche ICI. (s\u2019ouvre dans un nouvel onglet)\" href=\"http:\/\/www.cfccp.net\/index.php\/espace-adherents\/adhesion\/\" target=\"_blank\">r<\/a><\/strong><strong><a rel=\"noreferrer noopener\" aria-label=\"Poser une offre est r\u00e9http:\/\/www.cfccp.net\/index.php\/espace-adherents\/adhesion\/serv\u00e9 aux adh\u00e9rents du CFCCP. Si vous n'\u00eates pas encore adh\u00e9rent, n'h\u00e9sitez pas \u00e0 faire la d\u00e9marche ICI. (s\u2019ouvre dans un nouvel onglet)\" href=\"http:\/\/www.cfccp.net\/index.php\/espace-adherents\/adhesion\/\" target=\"_blank\">i<\/a><\/strong><strong><a rel=\"noreferrer noopener\" aria-label=\"Poser une offre est r\u00e9http:\/\/www.cfccp.net\/index.php\/espace-adherents\/adhesion\/serv\u00e9 aux adh\u00e9rents du CFCCP. Si vous n'\u00eates pas encore adh\u00e9rent, n'h\u00e9sitez pas \u00e0 faire la d\u00e9marche ICI. (s\u2019ouvre dans un nouvel onglet)\" href=\"http:\/\/www.cfccp.net\/index.php\/espace-adherents\/adhesion\/\" target=\"_blank\">r et <\/a><\/strong><a rel=\"noreferrer noopener\" aria-label=\"Poser une offre est r\u00e9http:\/\/www.cfccp.net\/index.php\/espace-adherents\/adhesion\/serv\u00e9 aux adh\u00e9rents du CFCCP. Si vous n'\u00eates pas encore adh\u00e9rent, n'h\u00e9sitez pas \u00e0 faire la d\u00e9marche ICI. (s\u2019ouvre dans un nouvel onglet)\" href=\"http:\/\/www.cfccp.net\/index.php\/espace-adherents\/adhesion\/\" target=\"_blank\"><strong>p<\/strong><\/a><strong><a rel=\"noreferrer noopener\" aria-label=\"Poser une offre est r\u00e9http:\/\/www.cfccp.net\/index.php\/espace-adherents\/adhesion\/serv\u00e9 aux adh\u00e9rents du CFCCP. Si vous n'\u00eates pas encore adh\u00e9rent, n'h\u00e9sitez pas \u00e0 faire la d\u00e9marche ICI. (s\u2019ouvre dans un nouvel onglet)\" href=\"http:\/\/www.cfccp.net\/index.php\/espace-adherents\/adhesion\/\" target=\"_blank\">oser une offre est r\u00e9serv\u00e9 aux adh\u00e9rents du CFCCP. Si vous n&rsquo;\u00eates pas adh\u00e9rent, devenez-le simplement en cliquant ICI<\/a><\/strong> <\/p>\n\n\n\n<p class=\"has-text-align-center\"><strong>Merci \u00e0 nos vendeurs qui nous ont propos\u00e9 tant de belles cartes et merci \u00e0 nos acheteurs pour leur confiance.<\/strong> Retrouvez les lots emport\u00e9s mis en rouge dans le catalogue ci-dessous. Seul fera foi le courrier adress\u00e9 \u00e0 chaque participant.  <\/p>\n\n\n\n<p class=\"has-text-align-center\"><em><strong><a href=\"http:\/\/legadz.free.fr\/_VSOF-2025-CFCCP\/VSOF-Catalogue.pdf\" target=\"_blank\" rel=\"noreferrer noopener\">CONSULTEZ ICI LE CATALOGUE INTERACTIF <\/a><\/strong><\/em><\/p>\n\n\n<p><span style=\"color: #000000;\">S&rsquo;appuyant sur le succ\u00e8s des premi\u00e8res ventes sur offres, le Cercle programme des ventes sur offres sur un rythme r\u00e9gulier. Ces ventes digitales permettent \u00e0 tous les adh\u00e9rents de participer. Un livret sur papier est adress\u00e9 aux adh\u00e9rents qui en font la demande.<\/span><\/p>\n<p><span style=\"color: #000000;\"><strong>Les ventes sur offres sont organis\u00e9es selon les conditions suivantes :<\/strong><\/span><\/p>\n<ul>\n<li><span style=\"color: #ff0000;\"><strong>L<\/strong>a vente est conclue au b\u00e9n\u00e9fice de la meilleure offre re\u00e7ue par correspondance. En cas d&rsquo;ex-aequo, premier plac\u00e9, premier servi.<\/span><\/li>\n<li><span style=\"color: #ff0000;\"><strong>Par prudence, LES ADH\u00c9RENTS SONT INVIT\u00c9S A TRANSMETTRE RAPIDEMENT LEURS OFFRES AFIN QUE NOUS LES RECEVIONS AU PLUS TARD LE<\/strong><strong> JOUR DE CL\u00d4TURE ANNONC\u00c9.<\/strong><\/span><\/li>\n<li><strong>Les coordonn\u00e9es de la personne \u00e0 contacter (adresse postale, courriel, num\u00e9ro de t\u00e9l\u00e9phone) figurent sur le catalogue de la vente et SONT LES SEULES A UTILISER, imp\u00e9rativement.<\/strong><\/li>\n<\/ul>\n<p><span style=\"color: #000000;\"><strong>Chaque vente est soutenue par :<\/strong><\/span><\/p>\n<ul>\n<li><b>un extrait du r\u00e8glement,<\/b><\/li>\n<li><span style=\"color: #000000;\"><strong>le descriptif des lots<\/strong>,<\/span><\/li>\n<li><span style=\"color: #000000;\"><strong>des documents imag\u00e9s<\/strong> visionnables et t\u00e9l\u00e9chargeables, pour aider votre choix,<\/span><\/li>\n<li><span style=\"color: #000000;\"><strong>le bulletin r\u00e9ponse<\/strong> \u00e0 remplir soigneusement et \u00e0 nous retourner.<\/span><\/li>\n<\/ul>\n<p><!--more--><\/p>\n\n\n<p class=\"has-text-align-center has-background\" style=\"background-color:#f8fc14\"><strong><a rel=\"noreferrer noopener\" aria-label=\"Poser une offre est r\u00e9http:\/\/www.cfccp.net\/index.php\/espace-adherents\/adhesion\/serv\u00e9 aux adh\u00e9rents du CFCCP. Si vous n'\u00eates pas encore adh\u00e9rent, n'h\u00e9sitez pas \u00e0 faire la d\u00e9marche ICI. (s\u2019ouvre dans un nouvel onglet)\" href=\"http:\/\/www.cfccp.net\/index.php\/espace-adherents\/adhesion\/\" target=\"_blank\">En<\/a><\/strong><strong><a rel=\"noreferrer noopener\" aria-label=\"Poser une offre est r\u00e9http:\/\/www.cfccp.net\/index.php\/espace-adherents\/adhesion\/serv\u00e9 aux adh\u00e9rents du CFCCP. Si vous n'\u00eates pas encore adh\u00e9rent, n'h\u00e9sitez pas \u00e0 faire la d\u00e9marche ICI. (s\u2019ouvre dans un nouvel onglet)\" href=\"http:\/\/www.cfccp.net\/index.php\/espace-adherents\/adhesion\/\" target=\"_blank\">c<\/a><\/strong><strong><a rel=\"noreferrer noopener\" aria-label=\"Poser une offre est r\u00e9http:\/\/www.cfccp.net\/index.php\/espace-adherents\/adhesion\/serv\u00e9 aux adh\u00e9rents du CFCCP. Si vous n'\u00eates pas encore adh\u00e9rent, n'h\u00e9sitez pas \u00e0 faire la d\u00e9marche ICI. (s\u2019ouvre dans un nouvel onglet)\" href=\"http:\/\/www.cfccp.net\/index.php\/espace-adherents\/adhesion\/\" target=\"_blank\">h<\/a><\/strong><strong><a rel=\"noreferrer noopener\" aria-label=\"Poser une offre est r\u00e9http:\/\/www.cfccp.net\/index.php\/espace-adherents\/adhesion\/serv\u00e9 aux adh\u00e9rents du CFCCP. Si vous n'\u00eates pas encore adh\u00e9rent, n'h\u00e9sitez pas \u00e0 faire la d\u00e9marche ICI. (s\u2019ouvre dans un nouvel onglet)\" href=\"http:\/\/www.cfccp.net\/index.php\/espace-adherents\/adhesion\/\" target=\"_blank\">\u00e9<\/a><\/strong><strong><a rel=\"noreferrer noopener\" aria-label=\"Poser une offre est r\u00e9http:\/\/www.cfccp.net\/index.php\/espace-adherents\/adhesion\/serv\u00e9 aux adh\u00e9rents du CFCCP. Si vous n'\u00eates pas encore adh\u00e9rent, n'h\u00e9sitez pas \u00e0 faire la d\u00e9marche ICI. (s\u2019ouvre dans un nouvel onglet)\" href=\"http:\/\/www.cfccp.net\/index.php\/espace-adherents\/adhesion\/\" target=\"_blank\">r<\/a><\/strong><strong><a rel=\"noreferrer noopener\" aria-label=\"Poser une offre est r\u00e9http:\/\/www.cfccp.net\/index.php\/espace-adherents\/adhesion\/serv\u00e9 aux adh\u00e9rents du CFCCP. Si vous n'\u00eates pas encore adh\u00e9rent, n'h\u00e9sitez pas \u00e0 faire la d\u00e9marche ICI. (s\u2019ouvre dans un nouvel onglet)\" href=\"http:\/\/www.cfccp.net\/index.php\/espace-adherents\/adhesion\/\" target=\"_blank\">i<\/a><\/strong><strong><a rel=\"noreferrer noopener\" aria-label=\"Poser une offre est r\u00e9http:\/\/www.cfccp.net\/index.php\/espace-adherents\/adhesion\/serv\u00e9 aux adh\u00e9rents du CFCCP. Si vous n'\u00eates pas encore adh\u00e9rent, n'h\u00e9sitez pas \u00e0 faire la d\u00e9marche ICI. (s\u2019ouvre dans un nouvel onglet)\" href=\"http:\/\/www.cfccp.net\/index.php\/espace-adherents\/adhesion\/\" target=\"_blank\">r et <\/a><\/strong><a rel=\"noreferrer noopener\" aria-label=\"Poser une offre est r\u00e9http:\/\/www.cfccp.net\/index.php\/espace-adherents\/adhesion\/serv\u00e9 aux adh\u00e9rents du CFCCP. Si vous n'\u00eates pas encore adh\u00e9rent, n'h\u00e9sitez pas \u00e0 faire la d\u00e9marche ICI. (s\u2019ouvre dans un nouvel onglet)\" href=\"http:\/\/www.cfccp.net\/index.php\/espace-adherents\/adhesion\/\" target=\"_blank\"><strong>p<\/strong><\/a><strong><a rel=\"noreferrer noopener\" aria-label=\"Poser une offre est r\u00e9http:\/\/www.cfccp.net\/index.php\/espace-adherents\/adhesion\/serv\u00e9 aux adh\u00e9rents du CFCCP. Si vous n'\u00eates pas encore adh\u00e9rent, n'h\u00e9sitez pas \u00e0 faire la d\u00e9marche ICI. (s\u2019ouvre dans un nouvel onglet)\" href=\"http:\/\/www.cfccp.net\/index.php\/espace-adherents\/adhesion\/\" target=\"_blank\">oser une offre est r\u00e9serv\u00e9 aux adh\u00e9rents du CFCCP. Si vous n&rsquo;\u00eates pas adh\u00e9rent, devenez-le simplement en cliquant ICI<\/a><\/strong> <\/p>\n\n\n\n<p><strong>Extrait du r\u00e8glement :<\/strong><\/p>\n\n\n\n<ul><li>la vente est accessible aux adh\u00e9rents \u00e0 jour de cotisation,<\/li><li>un catalogue des lots est propos\u00e9 en ligne; il contient des liens pour le visionnage de certaines cartes. Une version sur papier est disponible sur demande contre une participation de 3 timbres d&rsquo;usage courant pour frais de traitement et d&rsquo;exp\u00e9dition. <\/li><li>seules les r\u00e9ponses re\u00e7ues avant la date limite seront trait\u00e9es,<\/li><li>la meilleure offre de chaque lot sera gagnante,<\/li><li>le prix d&rsquo;achat sera calcul\u00e9 en fonction de l&rsquo;offre imm\u00e9diatement inf\u00e9rieure, augment\u00e9e de 10%, sans d\u00e9passer la meilleure offre,<\/li><li>en cas d&rsquo;<em>ex-aequo<\/em> sur un lot, l&rsquo;offre la plus pr\u00e9coce sera gagnante,<\/li><li>les r\u00e9sultats seront notifi\u00e9s, ainsi que les demandes de paiement avec frais postaux \u00e9ventuels,<\/li><li>l&rsquo;acheteur choisit son mode de livraison; mais tout envoi d&rsquo;un montant sup\u00e9rieur ou \u00e9gal \u00e0 40\u20ac sera effectu\u00e9 en recommand\u00e9 R2, les autres en lettre suivie, sauf demande expresse de l&rsquo;acheteur.<\/li><li>le Cercle n&rsquo;assume aucune garantie autre que celle du prestataire dans le mode de livraison choisi et ne sera pas tenu responsable en cas de perte par le prestataire.<\/li><li>les lots sont r\u00e9put\u00e9s accept\u00e9s en l&rsquo;\u00e9tat, sans r\u00e9clamation ni remboursement.<\/li><\/ul>\n\n\n\n<p class=\"has-quinary-background-color has-background\">1-  <strong>MERCI DE CONSULTER LE CATALOGUE DES LOTS REPRESENTANT PLUS D&rsquo;UN MILLIER DE CARTES POSTALES.<\/strong> Pour chaque lot, sont mentionn\u00e9s un code \u00e0 2 lettres et 3 chiffres, le nombre de cartes, le descriptif et le prix de d\u00e9part en \u20ac. <em>Pour une vente en cours, la liste des lots est visible en cliquant sur le lien ci-dessous ou t\u00e9l\u00e9chargeable avec un bouton<\/em>.<\/p>\n\n\n\n<p class=\"has-quinary-background-color has-background\">2- L&rsquo;acc\u00e8s aux visionneuses de cartes se reconnait par les <strong>CODES DE COULEUR BLEUE au sein du Catalogue<\/strong>. En cliquant sur chacun de ces liens vous acc\u00e9dez \u00e0 des visionneuses pr\u00e9sentant des cartes de la m\u00eame s\u00e9rie. <strong>Ce nouveau syst\u00e8me a \u00e9t\u00e9 pr\u00e9par\u00e9 par Christian Dussart et nous esp\u00e9rons qu&rsquo;il vous sera utile et pratique.<\/strong> Rendus sur ces liens, vous verrez une mosa\u00efque d&rsquo;images agrandissable avec Ctrl+molette. Chaque image de la mosa\u00efque est cliquable pour une vision agrandie.  <strong>Chaque vue est index\u00e9e par le code du lot \u00e0 2 lettres et 3 chiffres, suivi \u00e9ventuellement par a, b, c, etc. pour les lots form\u00e9s de plusieurs cartes.<\/strong>   <strong>ATTENTION,  &nbsp;les lots avec beaucoup de cartes (en g\u00e9n\u00e9ral du r\u00e9gionalisme) sont distingu\u00e9s par un fond jaune et ne sont pas visionnables. <\/strong><\/p>\n\n\n\n<p class=\"has-primary-color has-text-color\"><strong><em>Pour lever toute ambigu\u00eft\u00e9 sur vos options, imprimez le formulaire  et<\/em><\/strong> <strong><em>recopiez scrupuleusement les codes des lots que vous souhaitez acqu\u00e9rir. Pour ench\u00e9rir sur plus de lots, utilisez un formulaire additionnel. Signer le document vaut acceptation des conditions list\u00e9es plus haut.<\/em> PRENEZ TOUTES DISPOSITIONS POUR QUE VOTRE OFFRE SOIT EFFECTIVEMENT PARVENUE LE JOUR DE<\/strong> <strong>CL\u00d4TURE, D\u00c9LAI DE RIGUEUR.<\/strong>   <\/p>\n\n\n\n<p class=\"has-quinary-background-color has-text-color has-background\" style=\"color:#fc0400\">3- <strong>LE CATALOGUE EN LIGNE EST MIS A JOUR REGULIEREMENT (date indiqu\u00e9e en haut de la page 1). Un lot ayant re\u00e7u au moins une offre appara\u00eet en rouge avec le montant de la meilleure ench\u00e8re. Connectez-vous r\u00e9guli\u00e8rement au lien ci-dessous pour voir si votre offre a \u00e9t\u00e9 d\u00e9pass\u00e9e.  Il est possible d&rsquo;ench\u00e9rir \u00e0 plusieurs reprises ou d&rsquo;augmenter son plafond.  <\/strong><\/p>\n\n\n\n<p class=\"has-text-align-center\"><em><strong><a href=\"http:\/\/legadz.free.fr\/_VSOF-2025-CFCCP\/VSOF-Catalogue.pdf\" target=\"_blank\" rel=\"noreferrer noopener\">CONSULTEZ ICI LE CATALOGUE INTERACTIF <\/a><\/strong><\/em><\/p>\n\n\n\n<p class=\"has-text-align-center\"><strong>L&rsquo;analyse des pr\u00e9c\u00e9dentes VSO a montr\u00e9 que beaucoup d&rsquo;ench\u00e8res ont \u00e9t\u00e9 perdues \u00e0 cause d&rsquo;offres faites seulement au prix de d\u00e9part ou bien tardivement. Augmentez vos chances en pla\u00e7ant d&#8217;embl\u00e9e une offre sup\u00e9rieure; ce plafond ne sera pas rendu public. <\/strong><\/p>\n\n\n\n<p class=\"has-text-align-center has-background\" style=\"background-color:#84f702\">&lt;&lt;&lt;&lt;&lt;&lt;    <strong>Merci d&rsquo;avance de votre int\u00e9r\u00eat pour les VSO du CFCCP <\/strong>    &gt;&gt;&gt;&gt;&gt;&gt; <\/p>\n\n\n\n<p class=\"has-text-align-right\"><em>mise \u00e0 jour 23 d\u00e9cembre 2025<\/em><\/p>\n","protected":false},"excerpt":{"rendered":"<p>La 15\u00e8me Vente sur Offres propos\u00e9e par le Cercle est CLOSE depuis le 7 d\u00e9cembre. Ench\u00e9rir et poser une offre&hellip;<\/p>\n","protected":false},"author":4,"featured_media":1405,"parent":625,"menu_order":5,"comment_status":"closed","ping_status":"closed","template":"","meta":[],"_links":{"self":[{"href":"https:\/\/www.cfccp.net\/index.php\/wp-json\/wp\/v2\/pages\/2836"}],"collection":[{"href":"https:\/\/www.cfccp.net\/index.php\/wp-json\/wp\/v2\/pages"}],"about":[{"href":"https:\/\/www.cfccp.net\/index.php\/wp-json\/wp\/v2\/types\/page"}],"author":[{"embeddable":true,"href":"https:\/\/www.cfccp.net\/index.php\/wp-json\/wp\/v2\/users\/4"}],"replies":[{"embeddable":true,"href":"https:\/\/www.cfccp.net\/index.php\/wp-json\/wp\/v2\/comments?post=2836"}],"version-history":[{"count":84,"href":"https:\/\/www.cfccp.net\/index.php\/wp-json\/wp\/v2\/pages\/2836\/revisions"}],"predecessor-version":[{"id":4241,"href":"https:\/\/www.cfccp.net\/index.php\/wp-json\/wp\/v2\/pages\/2836\/revisions\/4241"}],"up":[{"embeddable":true,"href":"https:\/\/www.cfccp.net\/index.php\/wp-json\/wp\/v2\/pages\/625"}],"wp:featuredmedia":[{"embeddable":true,"href":"https:\/\/www.cfccp.net\/index.php\/wp-json\/wp\/v2\/media\/1405"}],"wp:attachment":[{"href":"https:\/\/www.cfccp.net\/index.php\/wp-json\/wp\/v2\/media?parent=2836"}],"curies":[{"name":"wp","href":"https:\/\/api.w.org\/{rel}","templated":true}]}}