{"id":2243,"date":"2020-09-15T21:58:20","date_gmt":"2020-09-15T19:58:20","guid":{"rendered":"http:\/\/www.cfccp.net\/?page_id=2243"},"modified":"2020-12-13T20:40:07","modified_gmt":"2020-12-13T19:40:07","slug":"vpn-190","status":"publish","type":"page","link":"https:\/\/www.cfccp.net\/index.php\/reunions-dispersions\/ventes-a-prix-nets\/vpn-190\/","title":{"rendered":"VPN 190 (archive)"},"content":{"rendered":"\n<p> <\/p>\n\n\n\n<p style=\"background-color:#b670f3\" class=\"has-background\"><strong><em>Historique des<\/em><\/strong><em><strong>&nbsp;VPN&nbsp;<\/strong>\u2013 La liste ci-dessous vous permet de juger de la qualit\u00e9 et de la vari\u00e9t\u00e9 des cartes propos\u00e9es chaque trimestre et de l\u2019int\u00e9r\u00eat d\u2019adh\u00e9rer au CFCCP.&nbsp;<a href=\"http:\/\/www.cfccp.net\/index.php\/espace-adherents\/adhesion\/\">Pour adh\u00e9rer, RENDEZ VOUS ICI<\/a><\/em><\/p>\n\n\n\n<p><strong>Vente \u00e0 Prix Nets du Cartophile 190<\/strong><\/p>\n\n\n\n<p><a href=\"http:\/\/www.cfccp.net\/wp-content\/uploads\/2020\/04\/VPN_N%C2%B0190_Liste-des-lots.pdf\">VPN_N\u00b0190_Liste-des-lots<\/a><\/p>\n\n\n\n<p><a href=\"http:\/\/www.cfccp.net\/wp-content\/uploads\/2020\/04\/VPN_N%C2%B0190_lots-1-27.pdf\">VPN_N\u00b0190_lots-1-27<\/a><\/p>\n\n\n\n<p><a href=\"http:\/\/www.cfccp.net\/wp-content\/uploads\/2020\/04\/VPN_N%C2%B0190_lots-28-58.pdf\">VPN_N\u00b0190_lots-28-58<\/a><\/p>\n\n\n\n<p><a href=\"http:\/\/www.cfccp.net\/wp-content\/uploads\/2020\/04\/VPN_N%C2%B0190_lots-59-83.pdf\">VPN_N\u00b0190_lots-59-83<\/a><\/p>\n\n\n\n<p><strong><a href=\"http:\/\/www.cfccp.net\/index.php\/reunions-dispersions\/ventes-a-prix-nets\/\"><em>&lt;= RETOUR A LA VPN EN COURS<\/em><\/a><\/strong><\/p>\n","protected":false},"excerpt":{"rendered":"<p>Historique des&nbsp;VPN&nbsp;\u2013 La liste ci-dessous vous permet de juger de la qualit\u00e9 et de la vari\u00e9t\u00e9 des cartes propos\u00e9es chaque&hellip;<\/p>\n","protected":false},"author":4,"featured_media":1405,"parent":516,"menu_order":5,"comment_status":"closed","ping_status":"closed","template":"","meta":[],"_links":{"self":[{"href":"https:\/\/www.cfccp.net\/index.php\/wp-json\/wp\/v2\/pages\/2243"}],"collection":[{"href":"https:\/\/www.cfccp.net\/index.php\/wp-json\/wp\/v2\/pages"}],"about":[{"href":"https:\/\/www.cfccp.net\/index.php\/wp-json\/wp\/v2\/types\/page"}],"author":[{"embeddable":true,"href":"https:\/\/www.cfccp.net\/index.php\/wp-json\/wp\/v2\/users\/4"}],"replies":[{"embeddable":true,"href":"https:\/\/www.cfccp.net\/index.php\/wp-json\/wp\/v2\/comments?post=2243"}],"version-history":[{"count":5,"href":"https:\/\/www.cfccp.net\/index.php\/wp-json\/wp\/v2\/pages\/2243\/revisions"}],"predecessor-version":[{"id":2377,"href":"https:\/\/www.cfccp.net\/index.php\/wp-json\/wp\/v2\/pages\/2243\/revisions\/2377"}],"up":[{"embeddable":true,"href":"https:\/\/www.cfccp.net\/index.php\/wp-json\/wp\/v2\/pages\/516"}],"wp:featuredmedia":[{"embeddable":true,"href":"https:\/\/www.cfccp.net\/index.php\/wp-json\/wp\/v2\/media\/1405"}],"wp:attachment":[{"href":"https:\/\/www.cfccp.net\/index.php\/wp-json\/wp\/v2\/media?parent=2243"}],"curies":[{"name":"wp","href":"https:\/\/api.w.org\/{rel}","templated":true}]}}