{"id":1900,"date":"2020-08-13T15:05:51","date_gmt":"2020-08-13T13:05:51","guid":{"rendered":"http:\/\/www.cfccp.net\/?page_id=1900"},"modified":"2021-11-10T17:16:34","modified_gmt":"2021-11-10T16:16:34","slug":"annonces","status":"publish","type":"page","link":"https:\/\/www.cfccp.net\/index.php\/espace-adherents\/annonces\/","title":{"rendered":"Annonces"},"content":{"rendered":"\n<p> Ces pages sont ouvertes aux adh\u00e9rents du Cercle ayant des demandes particuli\u00e8res, recherches, identifications&#8230; ou souhaitant informer la communaut\u00e9 d&rsquo;\u00e9v\u00e9nements o\u00f9 ils sont partie prenante (conf\u00e9rences, salons, expositions, \u00e9dition de livre ou de CP). Nous ouvrons aussi ces pages \u00e0 des clubs et associations oeuvrant pour le d\u00e9veloppement de la cartophilie.  <\/p>\n\n\n\n<p><strong>==>  Voir les <a href=\"http:\/\/www.cfccp.net\/index.php\/espace-adherents\/annonces\/annonce-adh\/\">ANNONCES DE NOS ADHERENTS<\/a><\/strong>  (recherches, contacts)<\/p>\n\n\n\n<p><strong>==>  Voir les<\/strong> <strong><a href=\"http:\/\/www.cfccp.net\/index.php\/espace-adherents\/annonces\/annonce-sal\/\">AUTRES ANNONCES CARTOPHILES<\/a><\/strong> (salons, livres, expositions, conf\u00e9rences)<\/p>\n","protected":false},"excerpt":{"rendered":"<p>Ces pages sont ouvertes aux adh\u00e9rents du Cercle ayant des demandes particuli\u00e8res, recherches, identifications&#8230; ou souhaitant informer la communaut\u00e9 d&rsquo;\u00e9v\u00e9nements&hellip;<\/p>\n","protected":false},"author":4,"featured_media":1907,"parent":194,"menu_order":10,"comment_status":"closed","ping_status":"closed","template":"","meta":[],"_links":{"self":[{"href":"https:\/\/www.cfccp.net\/index.php\/wp-json\/wp\/v2\/pages\/1900"}],"collection":[{"href":"https:\/\/www.cfccp.net\/index.php\/wp-json\/wp\/v2\/pages"}],"about":[{"href":"https:\/\/www.cfccp.net\/index.php\/wp-json\/wp\/v2\/types\/page"}],"author":[{"embeddable":true,"href":"https:\/\/www.cfccp.net\/index.php\/wp-json\/wp\/v2\/users\/4"}],"replies":[{"embeddable":true,"href":"https:\/\/www.cfccp.net\/index.php\/wp-json\/wp\/v2\/comments?post=1900"}],"version-history":[{"count":4,"href":"https:\/\/www.cfccp.net\/index.php\/wp-json\/wp\/v2\/pages\/1900\/revisions"}],"predecessor-version":[{"id":2898,"href":"https:\/\/www.cfccp.net\/index.php\/wp-json\/wp\/v2\/pages\/1900\/revisions\/2898"}],"up":[{"embeddable":true,"href":"https:\/\/www.cfccp.net\/index.php\/wp-json\/wp\/v2\/pages\/194"}],"wp:featuredmedia":[{"embeddable":true,"href":"https:\/\/www.cfccp.net\/index.php\/wp-json\/wp\/v2\/media\/1907"}],"wp:attachment":[{"href":"https:\/\/www.cfccp.net\/index.php\/wp-json\/wp\/v2\/media?parent=1900"}],"curies":[{"name":"wp","href":"https:\/\/api.w.org\/{rel}","templated":true}]}}