{"id":161,"date":"2019-09-20T11:30:17","date_gmt":"2019-09-20T09:30:17","guid":{"rendered":"http:\/\/www.cfccp.net\/?page_id=161"},"modified":"2020-07-30T14:46:57","modified_gmt":"2020-07-30T12:46:57","slug":"panneau","status":"publish","type":"page","link":"https:\/\/www.cfccp.net\/index.php\/reunions-dispersions\/panneau\/","title":{"rendered":"Dispersions \u00ab\u00a0Le Tableau\u00a0\u00bb"},"content":{"rendered":"\n<p style=\"color:#093cf7\" class=\"has-text-color\"><strong><a href=\"http:\/\/www.cfccp.net\/index.php\/reunions-dispersions\/\">&lt;= RETOUR<\/a><\/strong><\/p>\n\n\n<h3><span style=\"color: #ff0000;\"><i>Les dispersions de cartes postales aux ench\u00e8res sont r\u00e9serv\u00e9es aux adh\u00e9rents du CFCCP.<\/i><\/span><\/h3>\n<ul>\n<li>Les cartes postales ci-dessous, sont une s\u00e9lection de celles propos\u00e9es par le Cercle. Elles sont en bon \u00e9tat et, le cas \u00e9ch\u00e9ant, tout d\u00e9faut est signal\u00e9.<\/li>\n<li>Si vous \u00eates adh\u00e9rent et \u00e0 jour de votre cotisation, vous pouvez d\u00e9poser une ench\u00e8re maximale pour acqu\u00e9rir la ou les cartes pr\u00e9sent\u00e9es ou bien, encore mieux, participer \u00e0 nos r\u00e9unions. La meilleure ench\u00e8re emportera la mise. Les cartes sont consultables sur place au d\u00e9but des r\u00e9unions. A noter qu&rsquo;en dehors des cartes s\u00e9lectionn\u00e9es nous vous pr\u00e9sentons \u00e0 chaque s\u00e9ance plus de 100 lots de cartes diverses.<\/li>\n<li>Si vous ne pouvez pas participer \u00e0 la r\u00e9union, vous pouvez ench\u00e9rir par mail aupr\u00e8s du site:\u00a0 <strong style=\"font-size: 1rem;\">cfccpnet@gmail.com<\/strong><\/li>\n<li>Jusqu&rsquo;en mars 2020, les cartes ont \u00e9t\u00e9 pr\u00e9par\u00e9es par Danielle Lacroix que nous remercions vivement.<\/li>\n<li>Ne pas oublier dans votre demande par courriel de mentionner votre nom, adresse et num\u00e9ro de t\u00e9l\u00e9phone pour que vous soyez pr\u00e9venu du r\u00e9sultat de votre offre.<\/li>\n<li>NB : tout envoi, d&rsquo;un montant \u00e9gal ou sup\u00e9rieur \u00e0 30 euros, sera exp\u00e9di\u00e9 en recommand\u00e9.<\/li>\n<\/ul>\n\n\n<p><em>Les r\u00e9unions de D\u00e9cembre et janvier ont \u00e9t\u00e9 annul\u00e9es. La r\u00e9union du 11 f\u00e9vrier a pu se tenir avant que la crise sanitaire interrompe le processus. <\/em><\/p>\n\n\n\n<p style=\"color:#075ff8\" class=\"has-text-color\"><strong><a href=\"http:\/\/www.cfccp.net\/index.php\/reunions-dispersions\/\">&lt;= RETOUR<\/a><\/strong><\/p>\n\n\n\n<p style=\"background-color:#fcec02\" class=\"has-background\"><strong>Dispersion du 15 septembre 2020. <\/strong>   A titre exceptionnel, devant l&rsquo;incertitude sur la tenue de la r\u00e9union chez Mollard et de possibles restrictions concernant les personnes vuln\u00e9rables, nous proposons une proc\u00e9dure \u00e0 distance r\u00e9serv\u00e9e aux adh\u00e9rents.  Le comit\u00e9 des ventes int\u00e9rimaire vous propose des lots pr\u00e9par\u00e9s initialement pour le 17 mars ainsi ceux n&rsquo;ayant pu \u00eatre pass\u00e9s le 14 janvier et le 11 f\u00e9vrier.  <a href=\"http:\/\/www.cfccp.net\/index.php\/reunions-dispersions\/disp-15-sept-2020\/\">VOIR LA PAGE DEDIEE <\/a>   <\/p>\n\n\n\n<p class=\"has-text-color has-background has-quinary-color has-secondary-background-color\"><strong><em>Historique des dispersions<\/em><\/strong><em> La liste ci-dessous permet de juger de la qualit\u00e9 et de la vari\u00e9t\u00e9 des cartes propos\u00e9es et de l&rsquo;int\u00e9r\u00eat d&rsquo;adh\u00e9rer au CFCCP.   <a href=\"http:\/\/www.cfccp.net\/index.php\/espace-adherents\/adhesion\/\">Pour adh\u00e9rer, RENDEZ VOUS ICI<\/a> <\/em><\/p>\n\n\n\n<p class=\"has-text-color has-primary-color\"><strong>Disp<em>ersion du 14 janvier<\/em><\/strong><em><strong> 2020, d\u00e9cal\u00e9e au 11 f\u00e9vrier.  <\/strong><\/em><\/p>\n\n\n\n<div class=\"wp-block-file\"><a href=\"http:\/\/www.cfccp.net\/wp-content\/uploads\/2020\/01\/cfccp-dispersion-photos-20200114.pdf\">cfccp-dispersion-photos-20200114<\/a><a href=\"http:\/\/www.cfccp.net\/wp-content\/uploads\/2020\/01\/cfccp-dispersion-photos-20200114.pdf\" class=\"wp-block-file__button\" download>T\u00e9l\u00e9charger<\/a><\/div>\n\n\n\n<p><strong>Dis<em>persion du 12 novembre 2019<\/em><\/strong>   <\/p>\n\n\n\n<div class=\"wp-block-file\"><a href=\"http:\/\/www.cfccp.net\/wp-content\/uploads\/2020\/01\/cfccp-dispersion-photos-20191112.pdf\">cfccp-dispersion-photos-20191112<\/a><a href=\"http:\/\/www.cfccp.net\/wp-content\/uploads\/2020\/01\/cfccp-dispersion-photos-20191112.pdf\" class=\"wp-block-file__button\" download>T\u00e9l\u00e9charger<\/a><\/div>\n\n\n\n<p><strong>Dispersio<em>n du 15 octobre 2019<\/em><\/strong>   <\/p>\n\n\n\n<div class=\"wp-block-file\"><a href=\"http:\/\/www.cfccp.net\/wp-content\/uploads\/2020\/01\/cfccp-dispersion-photos-20191015.pdf\">cfccp-dispersion-photos-20191015<\/a><a href=\"http:\/\/www.cfccp.net\/wp-content\/uploads\/2020\/01\/cfccp-dispersion-photos-20191015.pdf\" class=\"wp-block-file__button\" download>T\u00e9l\u00e9charger<\/a><\/div>\n\n\n\n<p><\/p>\n","protected":false},"excerpt":{"rendered":"<p>&lt;= RETOUR Les dispersions de cartes postales aux ench\u00e8res sont r\u00e9serv\u00e9es aux adh\u00e9rents du CFCCP. Les cartes postales ci-dessous, sont&hellip;<\/p>\n","protected":false},"author":4,"featured_media":200,"parent":625,"menu_order":2,"comment_status":"closed","ping_status":"closed","template":"","meta":[],"_links":{"self":[{"href":"https:\/\/www.cfccp.net\/index.php\/wp-json\/wp\/v2\/pages\/161"}],"collection":[{"href":"https:\/\/www.cfccp.net\/index.php\/wp-json\/wp\/v2\/pages"}],"about":[{"href":"https:\/\/www.cfccp.net\/index.php\/wp-json\/wp\/v2\/types\/page"}],"author":[{"embeddable":true,"href":"https:\/\/www.cfccp.net\/index.php\/wp-json\/wp\/v2\/users\/4"}],"replies":[{"embeddable":true,"href":"https:\/\/www.cfccp.net\/index.php\/wp-json\/wp\/v2\/comments?post=161"}],"version-history":[{"count":54,"href":"https:\/\/www.cfccp.net\/index.php\/wp-json\/wp\/v2\/pages\/161\/revisions"}],"predecessor-version":[{"id":1677,"href":"https:\/\/www.cfccp.net\/index.php\/wp-json\/wp\/v2\/pages\/161\/revisions\/1677"}],"up":[{"embeddable":true,"href":"https:\/\/www.cfccp.net\/index.php\/wp-json\/wp\/v2\/pages\/625"}],"wp:featuredmedia":[{"embeddable":true,"href":"https:\/\/www.cfccp.net\/index.php\/wp-json\/wp\/v2\/media\/200"}],"wp:attachment":[{"href":"https:\/\/www.cfccp.net\/index.php\/wp-json\/wp\/v2\/media?parent=161"}],"curies":[{"name":"wp","href":"https:\/\/api.w.org\/{rel}","templated":true}]}}