{"id":1497,"date":"2020-05-14T00:22:16","date_gmt":"2020-05-13T22:22:16","guid":{"rendered":"http:\/\/www.cfccp.net\/?page_id=1497"},"modified":"2020-06-12T14:07:33","modified_gmt":"2020-06-12T12:07:33","slug":"mentions-legales","status":"publish","type":"page","link":"https:\/\/www.cfccp.net\/index.php\/accueil\/mentions-legales\/","title":{"rendered":"Mentions l\u00e9gales"},"content":{"rendered":"<p><strong>Cercle Fran\u00e7ais des Collectionneurs de Cartes Postales (CFCCP)<\/strong><\/p>\n<p><em>Si\u00e8ge social et correspondance&nbsp;:<\/em><\/p>\n<p>Maison de la vie Associative et Citoyenne du 15\u00e8me<\/p>\n<p>Association &nbsp;CFCCP&nbsp; &#8211; bo\u00eete 44<\/p>\n<p>22 rue de la Sa\u00efda,&nbsp; &nbsp;&nbsp;75015 PARIS<\/p>\n<p><em>Contact permanent&nbsp;:<\/em>&nbsp; &nbsp; 06 98 56 58 70&nbsp; &nbsp; &nbsp; &nbsp;<a href=\"mailto:cfccpnet@gmail.com\">cfccpnet@gmail.com<\/a><\/p>\n<p>CFCCP est une association sans but lucratif r\u00e9gi par la loi du 1er juillet 1901, d\u00e9clar\u00e9e \u00e0 la Pr\u00e9fecture de Police de Paris le 1403\/1966. (annonce n\u00b0 0155 parue au JO le 9\/04\/1966), inscrite au R\u00e9pertoire National des Associations sous le n\u00b0 W751007586.<\/p>\n<p><em>Directeur de la publication&nbsp;:<\/em>&nbsp;&nbsp; M. Jean LAROUR<\/p>\n<p><em>H\u00e9bergeur :<\/em>&nbsp; <a href=\"https:\/\/www.ovhcloud.com\/fr\/\">OVHcloud<\/a> &nbsp;&nbsp;&nbsp;OVH, 2 rue Kellerman,&nbsp; 59100 ROUBAIX, (OVH SAS est inscrit au RCS Lille M\u00e9tropole 424 761 419 00045)<\/p>\n<p><strong>Conditions d&rsquo;utilisation du site<\/strong><\/p>\n<p>Le site et chacun des \u00e9l\u00e9ments, y compris mais sans limitation les marques, les logos, ic\u00f4nes, infographies, photographies, qui le composent sont prot\u00e9g\u00e9s au titre de la l\u00e9gislation internationale de la propri\u00e9t\u00e9 intellectuelle. Les contenus figurant sur le site sont la propri\u00e9t\u00e9 du CFCCP ou d\u2019autres entreprises. Toute utilisation, reproduction ou repr\u00e9sentation, par quelque proc\u00e9d\u00e9 que ce soit, et sur quelque support que ce soit, de tout ou partie du site et\/ou des \u00e9l\u00e9ments qui le composent n&rsquo;est pas autoris\u00e9e sans le consentement expresse du CFCCP.<\/p>\n<p><strong>Donn\u00e9es Personnelles<\/strong><\/p>\n<p>D&rsquo;une fa\u00e7on g\u00e9n\u00e9rale, vous pouvez visiter notre site sur Internet sans avoir \u00e0 d\u00e9cliner votre identit\u00e9 et \u00e0 fournir des informations personnelles vous concernant. Cependant, nous pouvons parfois vous demander des informations. Par exemple, pour traiter une commande, \u00e9tablir une correspondance, fournir un abonnement ou soumettre une candidature \u00e0 un poste. Nous pouvons compl\u00e9ter ces informations pour conclure une transaction ou offrir un meilleur service.<\/p>\n<p><strong>Signalement de contenus illicites<\/strong><\/p>\n<p>Conform\u00e9ment \u00e0 la loi Informatique et Libert\u00e9s , vous disposez d\u2019un droit d\u2019acc\u00e8s, de modification, de rectification et de suppression des donn\u00e9es vous concernant. Vous pouvez exercer ce droit par courrier \u00e0 l\u2019adresse du CFCCP ou par mail \u00e0 <a href=\"mailto:cfccpnet@gmail.com\">cfccpnet@gmail.com<\/a>.<\/p>\n<p><em><strong>Informations au 12 Juin 2020<\/strong><\/em><\/p>\n","protected":false},"excerpt":{"rendered":"<p>Cercle Fran\u00e7ais des Collectionneurs de Cartes Postales (CFCCP) Si\u00e8ge social et correspondance&nbsp;: Maison de la vie Associative et Citoyenne du&hellip;<\/p>\n","protected":false},"author":4,"featured_media":839,"parent":7,"menu_order":4,"comment_status":"closed","ping_status":"closed","template":"","meta":[],"_links":{"self":[{"href":"https:\/\/www.cfccp.net\/index.php\/wp-json\/wp\/v2\/pages\/1497"}],"collection":[{"href":"https:\/\/www.cfccp.net\/index.php\/wp-json\/wp\/v2\/pages"}],"about":[{"href":"https:\/\/www.cfccp.net\/index.php\/wp-json\/wp\/v2\/types\/page"}],"author":[{"embeddable":true,"href":"https:\/\/www.cfccp.net\/index.php\/wp-json\/wp\/v2\/users\/4"}],"replies":[{"embeddable":true,"href":"https:\/\/www.cfccp.net\/index.php\/wp-json\/wp\/v2\/comments?post=1497"}],"version-history":[{"count":10,"href":"https:\/\/www.cfccp.net\/index.php\/wp-json\/wp\/v2\/pages\/1497\/revisions"}],"predecessor-version":[{"id":1529,"href":"https:\/\/www.cfccp.net\/index.php\/wp-json\/wp\/v2\/pages\/1497\/revisions\/1529"}],"up":[{"embeddable":true,"href":"https:\/\/www.cfccp.net\/index.php\/wp-json\/wp\/v2\/pages\/7"}],"wp:featuredmedia":[{"embeddable":true,"href":"https:\/\/www.cfccp.net\/index.php\/wp-json\/wp\/v2\/media\/839"}],"wp:attachment":[{"href":"https:\/\/www.cfccp.net\/index.php\/wp-json\/wp\/v2\/media?parent=1497"}],"curies":[{"name":"wp","href":"https:\/\/api.w.org\/{rel}","templated":true}]}}