{"id":1439,"date":"2020-04-28T17:31:52","date_gmt":"2020-04-28T15:31:52","guid":{"rendered":"http:\/\/www.cfccp.net\/?page_id=1439"},"modified":"2020-12-13T20:42:31","modified_gmt":"2020-12-13T19:42:31","slug":"vpn-188","status":"publish","type":"page","link":"https:\/\/www.cfccp.net\/index.php\/reunions-dispersions\/ventes-a-prix-nets\/vpn-188\/","title":{"rendered":"VPN 188 (archive)"},"content":{"rendered":"\n<p style=\"background-color:#fd91f8\" class=\"has-background\"><strong><em>Historique des<\/em><\/strong><em><strong>&nbsp;VPN  <\/strong>&#8211; La liste ci-dessous vous permet de juger de la qualit\u00e9 et de la vari\u00e9t\u00e9 des cartes propos\u00e9es chaque trimestre et de l\u2019int\u00e9r\u00eat d\u2019adh\u00e9rer au CFCCP.&nbsp;<a href=\"http:\/\/www.cfccp.net\/index.php\/espace-adherents\/adhesion\/\">Pour adh\u00e9rer, RENDEZ VOUS ICI<\/a><\/em><\/p>\n\n\n\n<p class=\"has-background has-quinary-background-color\"><strong>Vente \u00e0 Prix Nets du Cartophile 188<\/strong><\/p>\n\n\n\n<p><a href=\"http:\/\/www.cfccp.net\/wp-content\/uploads\/2020\/01\/cfccpventes20191210texte.pdf\">VPN-2019_12_10-texte<\/a><\/p>\n\n\n\n<p><a href=\"http:\/\/www.cfccp.net\/wp-content\/uploads\/2020\/01\/cfccpventes20191210photos1.pdf\">VPN-2019_12_10-photos-1-29<\/a><\/p>\n\n\n\n<p><a href=\"http:\/\/www.cfccp.net\/wp-content\/uploads\/2020\/01\/cfccpventes20191210photos2.pdf\">VPN-2019_12_10-photos-30-61<\/a><\/p>\n\n\n\n<p><a href=\"http:\/\/www.cfccp.net\/wp-content\/uploads\/2020\/01\/cfccpventes20191210photos3.pdf\">VPN-2019_12_10-photos-62-90<\/a><\/p>\n\n\n\n<p><strong><a href=\"http:\/\/www.cfccp.net\/index.php\/reunions-dispersions\/ventes-a-prix-nets\/\">&lt;= RETOUR A LA VPN EN COURS<\/a><\/strong><\/p>\n","protected":false},"excerpt":{"rendered":"<p>Historique des&nbsp;VPN &#8211; La liste ci-dessous vous permet de juger de la qualit\u00e9 et de la vari\u00e9t\u00e9 des cartes propos\u00e9es&hellip;<\/p>\n","protected":false},"author":4,"featured_media":0,"parent":516,"menu_order":2,"comment_status":"closed","ping_status":"closed","template":"","meta":[],"_links":{"self":[{"href":"https:\/\/www.cfccp.net\/index.php\/wp-json\/wp\/v2\/pages\/1439"}],"collection":[{"href":"https:\/\/www.cfccp.net\/index.php\/wp-json\/wp\/v2\/pages"}],"about":[{"href":"https:\/\/www.cfccp.net\/index.php\/wp-json\/wp\/v2\/types\/page"}],"author":[{"embeddable":true,"href":"https:\/\/www.cfccp.net\/index.php\/wp-json\/wp\/v2\/users\/4"}],"replies":[{"embeddable":true,"href":"https:\/\/www.cfccp.net\/index.php\/wp-json\/wp\/v2\/comments?post=1439"}],"version-history":[{"count":7,"href":"https:\/\/www.cfccp.net\/index.php\/wp-json\/wp\/v2\/pages\/1439\/revisions"}],"predecessor-version":[{"id":2379,"href":"https:\/\/www.cfccp.net\/index.php\/wp-json\/wp\/v2\/pages\/1439\/revisions\/2379"}],"up":[{"embeddable":true,"href":"https:\/\/www.cfccp.net\/index.php\/wp-json\/wp\/v2\/pages\/516"}],"wp:attachment":[{"href":"https:\/\/www.cfccp.net\/index.php\/wp-json\/wp\/v2\/media?parent=1439"}],"curies":[{"name":"wp","href":"https:\/\/api.w.org\/{rel}","templated":true}]}}