{"id":1424,"date":"2020-04-22T00:15:36","date_gmt":"2020-04-21T22:15:36","guid":{"rendered":"http:\/\/www.cfccp.net\/?page_id=1424"},"modified":"2020-12-13T20:41:23","modified_gmt":"2020-12-13T19:41:23","slug":"vpn-189","status":"publish","type":"page","link":"https:\/\/www.cfccp.net\/index.php\/reunions-dispersions\/ventes-a-prix-nets\/vpn-189\/","title":{"rendered":"VPN 189 (archive)"},"content":{"rendered":"\n<p style=\"background-color:#f982fb\" class=\"has-background\"><strong><em>Historique des<\/em><\/strong><em><strong>&nbsp;VPN <\/strong> &#8211; La liste ci-dessous vous permet de juger de la qualit\u00e9 et de la vari\u00e9t\u00e9 des cartes propos\u00e9es chaque trimestre et de l\u2019int\u00e9r\u00eat d\u2019adh\u00e9rer au CFCCP.&nbsp;<a href=\"http:\/\/www.cfccp.net\/index.php\/espace-adherents\/adhesion\/\">Pour adh\u00e9rer, RENDEZ VOUS ICI<\/a><\/em><\/p>\n\n\n\n<p class=\"has-background has-quinary-background-color\"><strong>Vente \u00e0 Prix Nets du Cartophile 189<\/strong><\/p>\n\n\n\n<p><a href=\"http:\/\/www.cfccp.net\/wp-content\/uploads\/2020\/01\/cfccpventes20200211texte.pdf\">VPN-2020_02_11-texte<\/a><\/p>\n\n\n\n<p><a href=\"http:\/\/www.cfccp.net\/wp-content\/uploads\/2020\/01\/cfccpventes20200211photos1.pdf\">VPN-2020_02_11-photos-1-33<\/a><\/p>\n\n\n\n<p><a href=\"http:\/\/www.cfccp.net\/wp-content\/uploads\/2020\/01\/cfccpventes20200211photos2.pdf\">VPN-2020_02_11-photos-34-60<\/a><\/p>\n\n\n\n<p><a href=\"http:\/\/www.cfccp.net\/wp-content\/uploads\/2020\/01\/cfccpventes20200211photos3.pdf\">VPN-2020_02_11-photos-61-86<\/a><\/p>\n\n\n\n<p><strong><a href=\"http:\/\/www.cfccp.net\/index.php\/reunions-dispersions\/ventes-a-prix-nets\/\"><em>&lt;= RETOUR A LA VPN EN COURS<\/em><\/a><\/strong><\/p>\n","protected":false},"excerpt":{"rendered":"<p>Historique des&nbsp;VPN &#8211; La liste ci-dessous vous permet de juger de la qualit\u00e9 et de la vari\u00e9t\u00e9 des cartes propos\u00e9es&hellip;<\/p>\n","protected":false},"author":4,"featured_media":0,"parent":516,"menu_order":1,"comment_status":"closed","ping_status":"closed","template":"","meta":[],"_links":{"self":[{"href":"https:\/\/www.cfccp.net\/index.php\/wp-json\/wp\/v2\/pages\/1424"}],"collection":[{"href":"https:\/\/www.cfccp.net\/index.php\/wp-json\/wp\/v2\/pages"}],"about":[{"href":"https:\/\/www.cfccp.net\/index.php\/wp-json\/wp\/v2\/types\/page"}],"author":[{"embeddable":true,"href":"https:\/\/www.cfccp.net\/index.php\/wp-json\/wp\/v2\/users\/4"}],"replies":[{"embeddable":true,"href":"https:\/\/www.cfccp.net\/index.php\/wp-json\/wp\/v2\/comments?post=1424"}],"version-history":[{"count":9,"href":"https:\/\/www.cfccp.net\/index.php\/wp-json\/wp\/v2\/pages\/1424\/revisions"}],"predecessor-version":[{"id":2378,"href":"https:\/\/www.cfccp.net\/index.php\/wp-json\/wp\/v2\/pages\/1424\/revisions\/2378"}],"up":[{"embeddable":true,"href":"https:\/\/www.cfccp.net\/index.php\/wp-json\/wp\/v2\/pages\/516"}],"wp:attachment":[{"href":"https:\/\/www.cfccp.net\/index.php\/wp-json\/wp\/v2\/media?parent=1424"}],"curies":[{"name":"wp","href":"https:\/\/api.w.org\/{rel}","templated":true}]}}