{"id":1204,"date":"2020-02-17T16:59:12","date_gmt":"2020-02-17T15:59:12","guid":{"rendered":"http:\/\/www.cfccp.net\/?page_id=1204"},"modified":"2020-08-02T01:34:20","modified_gmt":"2020-08-01T23:34:20","slug":"histoire-cfccp","status":"publish","type":"page","link":"https:\/\/www.cfccp.net\/index.php\/archives\/histoire-cfccp\/","title":{"rendered":"Histoire virtuelle du CFCCP"},"content":{"rendered":"\n<p><strong><em><a href=\"http:\/\/www.cfccp.net\/index.php\/archives\/\">&lt;=   RETOUR AUX ARCHIVES<\/a><\/em><\/strong><\/p>\n\n\n\n<h2>Retour vers notre pass\u00e9<\/h2>\n\n\n\n<p><em>J\u2019ai pass\u00e9 une partie du mois de septembre \u00e0 essayer de trouver les raisons qui avaient conduit \u00e0 l\u2019\u00e9dition de deux documents reproduits ci-apr\u00e8s,<br><br>&#8211; l\u2019un \u00e9tait une carte de v\u0153ux, \u00e9mise en 1968, par un Club Iris qui l\u2019adressait au CFCCP au moyen de ce qui me semblait \u00eatre une pi\u00e8ce unique.<\/em><br><\/p>\n\n\n\n<div class=\"wp-block-image\"><figure class=\"aligncenter\"><img src=\"http:\/\/www.cfccp.com\/aaa-cfccp-histoirevirtuelle-photos-mod\/cfccp-iris-mod\/0975-paris-cfccp-iris-000000-0-00ar-01-mod.jpg\" alt=\"\"\/><\/figure><\/div>\n\n\n\n<p><em>&#8211; l\u2019autre \u00e9tait une invitation \u00e0 une exposition organis\u00e9e en juin 1969 par le CFCCP.<\/em><\/p>\n\n\n\n<div class=\"wp-block-image\"><figure class=\"aligncenter\"><img src=\"http:\/\/www.cfccp.com\/aaa-cfccp-histoirevirtuelle-photos-mod\/cfccp-iris-mod\/0975-paris-cfccp-iris-196906-0-00ar-02-mod.jpg\" alt=\"\"\/><\/figure><\/div>\n\n\n\n<p><em>J\u2019ai interrog\u00e9 nos anciens, car \u00e0 ces dates, je ne collectionnais rien et j\u2019ignorais l\u2019existence de notre Cercle. Mon ami Jacques Guieux a r\u00e9agi assez vite en m\u2019orientant vers les premiers num\u00e9ros du Cartophile. Et nous avons trouv\u00e9 !!!<\/em><\/p>\n\n\n\n<p><em>En 1968, le CFCCP a aid\u00e9 le Club Iris \u00e0 organiser une exposition d\u2019o\u00f9 les remerciements sur une carte sp\u00e9ciale (cf le Cartophile No 12) et en 1969 il organisait sa quatri\u00e8me exposition (cf le Cartophile No 15). Les Cartophiles 3, 7 et 14 rendent compte \u00e9galement d\u2019activit\u00e9s analogues du CFCCP.<\/em><\/p>\n\n\n\n<p><em>L&rsquo;\u00e9diteur de CPSM et CPM appel\u00e9 IRIS \u00e9tait bas\u00e9 \u00e0 Panazol dans le 87 (publicit\u00e9 dans le cartophile n\u00b0 5) mais dans le Neudin on trouve un \u00e9diteur de CPSM et CPM appel\u00e9 club IRIS bas\u00e9 \u00e0 Denfert-Rochereau dans le 14\u00e8 \u00e0 Paris. Ce club a disparu en 1980, n&rsquo;ayant pas retrouv\u00e9 de repreneur.<\/em><\/p>\n\n\n\n<p><em>Mais des questions demeurent, qu\u2019\u00e9tait exactement ce Club Iris, quels \u00e9taient ses liens avec nous, le CFCCP a-t-il particip\u00e9 \u00e0 autre chose entre 1966 et 1969, existe-t-il d\u2019autres documents relatifs aux premi\u00e8res ann\u00e9es de notre Cercle. ? Questions qui restent pour l\u2019instant sans r\u00e9ponse.<\/em><\/p>\n\n\n\n<p><em>D\u2019o\u00f9 l\u2019id\u00e9e de vous lancer un appel. Retournons-nous vers notre pass\u00e9. Si vous avez des documents qui \u00e9voquent les activit\u00e9s du CFCCP \u00e0 la fin des ann\u00e9es 60 ou au cours des ann\u00e9es qui ont suivi, signalez-le-nous. Vos trouvailles trouveront leur place dans un mus\u00e9e virtuel de l\u2019histoire du CFCCP qui serait log\u00e9 sur notre site.<\/em><\/p>\n\n\n\n<p><em>A vous de jouer maintenant.   Ronald MATTATIA<\/em><\/p>\n\n\n\n<p>Une \u00e9tude attentive des 15 premiers num\u00e9ros du cartophile, fait appara\u00eetre des informations concernant des expositions organis\u00e9es par le CFCCP. On pourrait en d\u00e9duire que quatre ou cinq expositions en collaboration avec le syndicat des \u00e9diteurs et install\u00e9es dans une salle pr\u00eat\u00e9e par la soci\u00e9t\u00e9 IRIS ont \u00e9t\u00e9 organis\u00e9es en d\u00e9cembre de 1966 \u00e0 1969.<\/p>\n\n\n\n<p>En introduction aux recherches, nous vous proposons un texte de Serge ZEYONS d\u00e9crivant l&rsquo;histoire du CFCCP :<\/p>\n\n\n\n<div class=\"wp-block-file\"><a href=\"http:\/\/www.cfccp.net\/wp-content\/uploads\/2020\/02\/histoireducfccp03112013.pdf\">histoireducfccp03112013<\/a><a href=\"http:\/\/www.cfccp.net\/wp-content\/uploads\/2020\/02\/histoireducfccp03112013.pdf\" class=\"wp-block-file__button\" download>T\u00e9l\u00e9charger<\/a><\/div>\n\n\n\n<p>Voici la liste du Conseil d&rsquo;Administration provisoire du 27 mars 1966 qui a cr\u00e9\u00e9 notre association.<\/p>\n\n\n\n<table class=\"wp-block-table has-subtle-pale-green-background-color has-background\"><tbody><tr><td>X. Monnot<\/td><td>Pr\u00e9sident d&rsquo;Honneur Fondateur<\/td><\/tr><tr><td>J. Terrasson<\/td><td>Pr\u00e9sident d&rsquo;Honneur<\/td><\/tr><tr><td>M. Caillot<\/td><td>Pr\u00e9sident<\/td><\/tr><tr><td>E. Josse<\/td><td>Vice-Pr\u00e9sident<\/td><\/tr><tr><td>E. Zeller<\/td><td>Vice-Pr\u00e9sident<\/td><\/tr><tr><td>A. Fildier<\/td><td>Secr\u00e9taire g\u00e9n\u00e9ral<\/td><\/tr><tr><td>R. Debuisson<\/td><td>Secr\u00e9taire g\u00e9n\u00e9ral Adjoint<\/td><\/tr><tr><td>H. Devaux<\/td><td>Tr\u00e9sorier<\/td><\/tr><tr><td>N. Bataille<\/td><td>Conseiller<\/td><\/tr><tr><td>L. Hessenbruch<\/td><td>Conseiller<\/td><\/tr><tr><td>G. Petit<\/td><td>Conseiller<\/td><\/tr><\/tbody><\/table>\n\n\n\n<p>La cotisation annuelle a \u00e9t\u00e9 fix\u00e9e \u00e0 l&rsquo;\u00e9poque \u00e0 20 Francs (\u00e9quivalant 25\u20ac de 2012).<br><\/p>\n\n\n\n<table class=\"wp-block-table has-subtle-light-gray-background-color has-background\"><tbody><tr><td><strong>Liste des Pr\u00e9sidents bas\u00e9e sur la publication <\/strong><br><strong>du Cartophile<\/strong><\/td><\/tr><tr><td>R. Mattatia<\/td><td>2\u00e8me trim. 2013 au 1er trim. 2020<\/td><td>cartophiles n\u00b0 163 \u00e0 189<\/td><\/tr><tr><td>S. Zeyons<\/td><td>1er semestre 1998 au 1er trim. 2013<\/td><td>cartophiles n\u00b0 105 \u00e0 162<\/td><\/tr><tr><td>H. Robert<\/td><td>mars 1984 \u00e0 septembre 1992<\/td><td>cartophiles 72 \u00e0 104<\/td><\/tr><tr><td>R. Babigeon<\/td><td>mars 1979 \u00e0 d\u00e9cembre 1983<\/td><td>cartophiles 52 \u00e0 71<\/td><\/tr><tr><td>J. Henriquet<\/td><td>juin 1975 \u00e0 d\u00e9cembre 1978<\/td><td>cartophiles 36 \u00e0 51<\/td><\/tr><tr><td>M. Cailliot<\/td><td>juin 1966 \u00e0 mars 1975<\/td><td>cartophiles 1 \u00e0 35<\/td><\/tr><\/tbody><\/table>\n\n\n\n<p><em>Nous recherchons la photo du premier Pr\u00e9sident du CFCCP M. CAILLIOT<\/em><\/p>\n\n\n\n<p>Dans l&rsquo;attente nous vous proposons un texte r\u00e9dig\u00e9 par le Pr\u00e9sident du CFCCP, M. CAILLIOT \u00e0 l&rsquo;occasion de la 3\u00e8me exposition du CFCCP organis\u00e9e en 1968 dans les locaux du club IRIS.<\/p>\n\n\n\n<div class=\"wp-block-image\"><figure class=\"aligncenter is-resized\"><img loading=\"lazy\" src=\"http:\/\/www.cfccp.com\/aaa-cfccp-histoirevirtuelle-photos-mod\/cfccp-iris-mod\/0975-paris-cfccp-iris-196812-0-00ar-02-mod.jpg\" alt=\"\" width=\"508\" height=\"650\"\/><\/figure><\/div>\n\n\n\n<div class=\"wp-block-image\"><figure class=\"aligncenter\"><img src=\"http:\/\/www.cfccp.com\/aaa-cfccp-histoirevirtuelle-photos-mod\/cfccp-iris-mod\/0975-paris-cfccp-iris-196812-0-00av-02-mod.jpg\" alt=\"\"\/><\/figure><\/div>\n\n\n\n<p><strong>A gauche notre 2\u00e8me Pr\u00e9sident M. HENRIQUET<\/strong> avec Georges PETIT, Adien MAUREL et M. DEQUEKER. Au fond M. RAFFRAY &#8211; Un hommage de Jo\u00eblle et G\u00e9rard NEUDIN \u00e0 Georges PETIT.<\/p>\n\n\n\n<div class=\"wp-block-image\"><figure class=\"aligncenter\"><img src=\"http:\/\/www.cfccp.com\/aaa-cfccp-histoirevirtuelle-photos-mod\/cfccp-presidents-mod\/cfccp-photos-henriquet-mod\/cfccp-histoirevirtuelle-henriquetr-01-mod.jpg\" alt=\"\"\/><\/figure><\/div>\n\n\n\n<div class=\"wp-block-image\"><figure class=\"aligncenter\"><img src=\"http:\/\/www.cfccp.com\/aaa-cfccp-histoirevirtuelle-photos-mod\/cfccp-presidents-mod\/cfccp-photos-henriquet-mod\/cfccp-histoirevirtuelle-henriquetv-01-mod.jpg\" alt=\"\"\/><\/figure><\/div>\n\n\n\n<p><strong>Notre 3\u00e8me Pr\u00e9sident M. BABIGEON<\/strong><\/p>\n\n\n\n<figure class=\"wp-block-image alignwide\"><img src=\"http:\/\/www.cfccp.com\/aaa-cfccp-histoirevirtuelle-photos-mod\/cfccp-presidents-mod\/cfccp-photos-babigeon-mod\/cfccp-histoirevirtuelle-babigeon1r-01-mod.jpg\" alt=\"\"\/><\/figure>\n\n\n\n<p><strong>Notre 4\u00e8me Pr\u00e9sident M. ROBERT<\/strong> avec M. PRIVES<br>Henri Robert d\u00e9c\u00e8de le 20 juin 1997, l&rsquo;int\u00e9rim fut assur\u00e9 par Adrien MAUREL<\/p>\n\n\n\n<div class=\"wp-block-image\"><figure class=\"aligncenter is-resized\"><img loading=\"lazy\" src=\"http:\/\/www.cfccp.com\/aaa-cfccp-histoirevirtuelle-photos-mod\/cfccp-presidents-mod\/cfccp-photos-robert-mod\/cfccp-histoirevirtuelle-robert1r-01-mod.jpg\" alt=\"\" width=\"706\" height=\"527\"\/><\/figure><\/div>\n\n\n\n<p><strong>Notre 5\u00e8me Pr\u00e9sident Serge ZEYONS avec M. NOYELLE. <\/strong>L&rsquo;Assembl\u00e9e G\u00e9n\u00e9rale du 20 novembre 1997 d\u00e9signa Serge comme notre nouveau Pr\u00e9sident<\/p>\n\n\n\n<div class=\"wp-block-image\"><figure class=\"aligncenter\"><img src=\"http:\/\/www.cfccp.com\/aaa-cfccp-histoirevirtuelle-photos-mod\/cfccp-presidents-mod\/cfccp-photos-zeyons-mod\/cfccp-histoirevirtuelle-zeyons1r-01-mod.jpg\" alt=\"\"\/><\/figure><\/div>\n\n\n\n<p><strong>Notre 6\u00e8me Pr\u00e9sident Ronald MATTATIA <\/strong>\u00e0 la Journ\u00e9e de la carte postale du CFCCP en mai 2014 avec Fran\u00e7oise PETINIOT, Claudie et Jacques GUIEUX<\/p>\n\n\n\n<figure class=\"wp-block-image alignwide\"><img src=\"http:\/\/www.cfccp.com\/aaa-cfccp-histoirevirtuelle-photos-mod\/cfccp-presidents-mod\/cfccp-photos-mattatia-mod\/cfccp-histoirevirtuelle-mattatia1r-01-mod.jpg\" alt=\"\"\/><\/figure>\n\n\n\n<h2>Liste des cartes \u00e9dit\u00e9es par le CFCCP (1966-2019)<\/h2>\n\n\n\n<div class=\"wp-block-file\"><a href=\"http:\/\/www.cfccp.net\/wp-content\/uploads\/2020\/02\/CP-editees-cfccp.pdf\">CP-\u00e9dit\u00e9es-cfccp<\/a><a href=\"http:\/\/www.cfccp.net\/wp-content\/uploads\/2020\/02\/CP-editees-cfccp.pdf\" class=\"wp-block-file__button\" download>T\u00e9l\u00e9charger<\/a><\/div>\n\n\n\n<p><strong><em><a href=\"http:\/\/www.cfccp.net\/index.php\/archives\/\">&lt;=   RETOUR AUX ARCHIVES<\/a><\/em><\/strong><\/p>\n","protected":false},"excerpt":{"rendered":"<p>&lt;= RETOUR AUX ARCHIVES Retour vers notre pass\u00e9 J\u2019ai pass\u00e9 une partie du mois de septembre \u00e0 essayer de trouver&hellip;<\/p>\n","protected":false},"author":4,"featured_media":0,"parent":190,"menu_order":13,"comment_status":"closed","ping_status":"closed","template":"","meta":[],"_links":{"self":[{"href":"https:\/\/www.cfccp.net\/index.php\/wp-json\/wp\/v2\/pages\/1204"}],"collection":[{"href":"https:\/\/www.cfccp.net\/index.php\/wp-json\/wp\/v2\/pages"}],"about":[{"href":"https:\/\/www.cfccp.net\/index.php\/wp-json\/wp\/v2\/types\/page"}],"author":[{"embeddable":true,"href":"https:\/\/www.cfccp.net\/index.php\/wp-json\/wp\/v2\/users\/4"}],"replies":[{"embeddable":true,"href":"https:\/\/www.cfccp.net\/index.php\/wp-json\/wp\/v2\/comments?post=1204"}],"version-history":[{"count":7,"href":"https:\/\/www.cfccp.net\/index.php\/wp-json\/wp\/v2\/pages\/1204\/revisions"}],"predecessor-version":[{"id":1782,"href":"https:\/\/www.cfccp.net\/index.php\/wp-json\/wp\/v2\/pages\/1204\/revisions\/1782"}],"up":[{"embeddable":true,"href":"https:\/\/www.cfccp.net\/index.php\/wp-json\/wp\/v2\/pages\/190"}],"wp:attachment":[{"href":"https:\/\/www.cfccp.net\/index.php\/wp-json\/wp\/v2\/media?parent=1204"}],"curies":[{"name":"wp","href":"https:\/\/api.w.org\/{rel}","templated":true}]}}