{"id":1171,"date":"2020-02-16T22:46:59","date_gmt":"2020-02-16T21:46:59","guid":{"rendered":"http:\/\/www.cfccp.net\/?page_id=1171"},"modified":"2020-02-16T23:40:08","modified_gmt":"2020-02-16T22:40:08","slug":"confs-images","status":"publish","type":"page","link":"https:\/\/www.cfccp.net\/index.php\/archives\/confs-images\/","title":{"rendered":"Nos conf\u00e9rences en images"},"content":{"rendered":"\n<p style=\"color:#0aa8ec\" class=\"has-text-color\"><strong><em><a href=\"http:\/\/www.cfccp.net\/index.php\/archives\/\">&lt;=  RETOUR AUX ARCHIVES<\/a><\/em><\/strong><\/p>\n\n\n<p>Une ou deux fois par an, principalement pendant les r\u00e9unions du samedi, le CFCCP organise une projection comment\u00e9e sur un th\u00e8me cartophile. Quelques liens vers ces conf\u00e9rences sont accessibles en bas de cette&nbsp; page.<b><\/b><\/p>\n<table>\n<tbody>\n<tr>\n<td colspan=\"2\">\n<p><strong>Liste des sujets d\u00e9j\u00e0 trait\u00e9s<\/strong><\/p>\n<\/td>\n<\/tr>\n<tr>\n<td>\n<p>Les \u00e9ditions PULCINELLA<\/p>\n<\/td>\n<td>\n<p>par Bernard NANTY<\/p>\n<\/td>\n<\/tr>\n<tr>\n<td>\n<p>L&rsquo;Ecole Centrale \u00e0 travers les collections<\/p>\n<\/td>\n<td>\n<p>par Ronald MATTATIA<\/p>\n<\/td>\n<\/tr>\n<tr>\n<td>\n<p>Raconter la carte postale<\/p>\n<\/td>\n<td>\n<p>par Serge ZEYONS<\/p>\n<\/td>\n<\/tr>\n<tr>\n<td>\n<p>L&rsquo;entreprise COMBIER<\/p>\n<\/td>\n<td>\n<p>par Marc COMBIER<\/p>\n<\/td>\n<\/tr>\n<tr>\n<td>\n<p>Le travail des femmes d\u00e9but 1900<\/p>\n<\/td>\n<td>\n<p>par Michel TOULET<\/p>\n<\/td>\n<\/tr>\n<tr>\n<td>\n<p>Le Calvados du temps des d\u00e9buts du tourisme (2\u00e8 partie)<\/p>\n<\/td>\n<td>\n<p>par Marc-Henri LOUVEL<\/p>\n<\/td>\n<\/tr>\n<tr>\n<td>\n<p>Les petits m\u00e9tiers disparus<\/p>\n<\/td>\n<td>\n<p>par Michel TOULET<\/p>\n<\/td>\n<\/tr>\n<tr>\n<td>\n<p>Histoire de la CP<\/p>\n<\/td>\n<td>\n<p>par Serge ZEYONS<\/p>\n<\/td>\n<\/tr>\n<tr>\n<td>\n<p>Clip sur les corons \u00e0 partir de la chanson de Pierre BACHELET<\/p>\n<\/td>\n<td>\n<p>par Gilbert SAGUES<\/p>\n<\/td>\n<\/tr>\n<tr>\n<td>\n<p>La vie \u00e9conomique au Calvados au d\u00e9but du XX\u00e8 si\u00e8cle<\/p>\n<\/td>\n<td>\n<p>par Marc-Henri LOUVEL<\/p>\n<\/td>\n<\/tr>\n<tr>\n<td>\n<p>Le site internet du CFCCP<\/p>\n<\/td>\n<td>\n<p>par Jean VEROT<\/p>\n<\/td>\n<\/tr>\n<tr>\n<td>\n<p>Autour de la Sa\u00efda<\/p>\n<\/td>\n<td>\n<p>par Alain BAUDENS<\/p>\n<\/td>\n<\/tr>\n<tr>\n<td>\n<p>Le logement social<\/p>\n<\/td>\n<td>\n<p>par Marc-Henri LOUVEL<\/p>\n<\/td>\n<\/tr>\n<tr>\n<td>\n<p>Le village d&rsquo;Audresselle dans le \u00a8Pas de Calais<\/p>\n<\/td>\n<td>\n<p>par Alexandre RAIZMAN<\/p>\n<\/td>\n<\/tr>\n<tr>\n<td>\n<p>Un outil Excel pour suivre une collection de cartes postales<\/p>\n<\/td>\n<td>\n<p>par Alexandre RAIZMAN<\/p>\n<\/td>\n<\/tr>\n<tr>\n<td>\n<p>La mobilisation et le d\u00e9but de la guerre de 14<\/p>\n<\/td>\n<td>\n<p>par Michel Toulet<\/p>\n<\/td>\n<\/tr>\n<tr>\n<td>\n<p>La France paysanne \u00e0 la Belle \u00e9poque dans la carte postale illustr\u00e9e<\/p>\n<\/td>\n<td>\n<p>par Michel Toulet<\/p>\n<\/td>\n<\/tr>\n<tr>\n<td>\n<p>La vie des femmes \u00e0 la Belle Epoque<\/p>\n<\/td>\n<td>\n<p>par Michel Toulet<\/p>\n<\/td>\n<\/tr>\n<tr>\n<td>\n<p>Les femmes en 1900<\/p>\n<\/td>\n<td>\n<p>par Michel Toulet<\/p>\n<\/td>\n<\/tr>\n<tr>\n<td>\n<p>La Presse<\/p>\n<\/td>\n<td>\n<p>par Jeannine Christophe<\/p>\n<\/td>\n<\/tr>\n<tr>\n<td>\n<p>Les bistrots de Paris<\/p>\n<\/td>\n<td>\n<p>par Cyril Vergne et Michel Toulet<\/p>\n<\/td>\n<\/tr>\n<tr>\n<td>\n<p>Les cartes d&rsquo;illustratrices<\/p>\n<\/td>\n<td>\n<p>par Edouard Grecias<\/p>\n<\/td>\n<\/tr>\n<tr>\n<td>\n<p>L&rsquo;\u00e9diteur suisse H. Guggenheim<\/p>\n<\/td>\n<td>\n<p>par Jean-Paul Payen<\/p>\n<\/td>\n<\/tr>\n<tr>\n<td>\n<p>Une nouveaut\u00e9, la carte ALU<\/p>\n<\/td>\n<td>\n<p>par Fran\u00e7oise Valette<\/p>\n<\/td>\n<\/tr>\n<tr>\n<td>\n<p>Les d\u00e9buts de l&rsquo;aviation<\/p>\n<\/td>\n<td>\n<p>par Paul Kiefer<\/p>\n<\/td>\n<\/tr>\n<tr>\n<td>\n<p>Le Stade de Colombes<\/p>\n<\/td>\n<td>\n<p>par Daniel Legros<\/p>\n<\/td>\n<\/tr>\n<tr>\n<td>\n<p>Victor Hugo<\/p>\n<\/td>\n<td>\n<p>par Andr\u00e9 Prives<\/p>\n<\/td>\n<\/tr>\n<tr>\n<td>\n<p>Les spectacles et vedettes de Paris<\/p>\n<\/td>\n<td>\n<p>par Andr\u00e9 Prives<\/p>\n<\/td>\n<\/tr>\n<tr>\n<td>\n<p>Les \u00e9ditions Barr\u00e9&nbsp;Dayez<\/p>\n<\/td>\n<td>\n<p>par Bernard Nanty<\/p>\n<\/td>\n<\/tr>\n<tr>\n<td>\n<p>Recettes de cuisine d&rsquo;Emilie Bernard<\/p>\n<\/td>\n<td>\n<p>par Bernard Nanty<\/p>\n<\/td>\n<\/tr>\n<tr>\n<td>\n<p>L&rsquo;humour \u00e0 la carte<\/p>\n<\/td>\n<td>\n<p>par Jacques Richard<\/p>\n<\/td>\n<\/tr>\n<tr>\n<td>\n<p>Le Qu\u00e9bec<\/p>\n<\/td>\n<td>\n<p>par A. Ripaux<\/p>\n<\/td>\n<\/tr>\n<tr>\n<td>\n<p>Les inondations de 1910<\/p>\n<\/td>\n<td>\n<p>par Michel Toulet<\/p>\n<\/td>\n<\/tr>\n<tr>\n<td>\n<p>La s\u00e9rie Paris V\u00e9cu<\/p>\n<\/td>\n<td>\n<p>par Michel Toulet<\/p>\n<\/td>\n<\/tr>\n<tr>\n<td>\n<p>Les origines de la carte postale<\/p>\n<\/td>\n<td>\n<p>par Serge Zeyons<\/p>\n<\/td>\n<\/tr>\n<tr>\n<td>\n<p>Le travail des femmes<\/p>\n<\/td>\n<td>\n<p>par Michel Toulet<\/p>\n<\/td>\n<\/tr>\n<\/tbody>\n<\/table>\n<h2>Quelques vues de nos conf\u00e9rences<\/h2>\n<ul>\n<li><b><a href=\"http:\/\/www.cfccp.com\/cfccp-conf-20190216.php\">Les \u00e9ditions PULCINELLA par Bernard NANTY<\/a><\/b><\/li>\n<li><b><a href=\"http:\/\/www.cfccp.com\/cfccp-conf-20181027.php\">Une collection compos\u00e9e de documents d&rsquo;objets de toutes natures. L&rsquo;Ecole Centrale telle que vous l&rsquo;avez peut-\u00eatre connue par Ronald MATTATIA<\/a><\/b><\/li>\n<li><b><a href=\"http:\/\/www.cfccp.com\/cfccp-conf-20180306.php\">raconter la carte postale par Serge ZEYONS<\/a><\/b><\/li>\n<li><b><a href=\"http:\/\/www.cfccp.com\/cfccp-conf-20161210.php\">L&rsquo;entreprise COMBIER par Marc COMBIER<\/a><\/b><\/li>\n<li><b><a href=\"http:\/\/www.cfccp.com\/cfccp-conf-20161022.php\">Le travail des femmes d\u00e9but 1900 par Michel TOULET<\/a><\/b><\/li>\n<li><b><a href=\"http:\/\/www.cfccp.com\/cfccp-conf-20160618.php\">La vie \u00e9conomique du Calvados au d\u00e9but du XX\u00e8 si\u00e8cle (2\u00e8 partie) par Marc-Henri LOUVEL<\/a><\/b><\/li>\n<li><b><a href=\"http:\/\/www.cfccp.com\/cfccp-conf-20151212.php\">Les petits m\u00e9tiers disparus par Michel TOULET<\/a><\/b><\/li>\n<li><b><a href=\"http:\/\/www.cfccp.com\/cfccp-conf-20151112.php\">Histoire de la carte postale par Serge ZEYONS<\/a><\/b><\/li>\n<li><b><a href=\"http:\/\/www.cfccp.com\/cfccp-conf-20151010.php\">Clip Les Corons sur une musique de Pierre BACHELET r\u00e9alis\u00e9 par Gilbert SAGUES et pr\u00e9sent\u00e9 par Ronald MATTATIA<\/a><\/b><\/li>\n<li><b><a href=\"http:\/\/www.cfccp.com\/cfccp-conf-20150530.php\">La vie \u00e9conomique du Calvados au d\u00e9but du XX\u00e8 si\u00e8cle par Marc-Henri LOUVEL<\/a><\/b><\/li>\n<li><b><a href=\"http:\/\/www.cfccp.com\/cfccp-conf-20141213.php\">Le site internet du CFCCP par Jean VEROT<\/a><\/b><\/li>\n<li><b><a href=\"http:\/\/www.cfccp.com\/cfccp-conf-20141108.php\">Autour de la Sa\u00efda par Alain BAUDENS<\/a><\/b><\/li>\n<li><b><a href=\"http:\/\/www.cfccp.com\/cfccp-conf-20140608-1.php\">Le logement social par Marc-Henri LOUVEL<\/a><\/b><\/li>\n<li><b style=\"font-size: inherit;\"><a href=\"http:\/\/www.cfccp.com\/cfccp-conf-20140608-2.php\">Le village d&rsquo;Audresselle, suivi d&rsquo;une&nbsp;<\/a><\/b><b style=\"font-size: inherit;\"><a href=\"http:\/\/www.cfccp.com\/cfccp-conf-20140608-2.php\">pr\u00e9sentation d&rsquo;un programme Excel pour le traitement d&rsquo;une collection de cartes postales <\/a><\/b><b style=\"font-size: inherit;\"><a href=\"http:\/\/www.cfccp.com\/cfccp-conf-20140608-2.php\">par Alexandre RAIZMAN<\/a><\/b><\/li>\n<\/ul>\n<ul>\n<li><b><a href=\"http:\/\/www.cfccp.com\/cfccp-conf-20140118.php\">Mobilisation et le d\u00e9but de la guerre de 14 par Michel TOULET<\/a><\/b><\/li>\n<li><b><a href=\"http:\/\/www.cfccp.com\/cfccp-conf-20121208.php\">La vie des femmes \u00e0 la belle \u00e9poque par Michel TOULET<\/a><\/b><\/li>\n<li><b><a href=\"http:\/\/www.cfccp.com\/cfccp-conf-20080212.php\">Les inondations de Paris en 1910 par Michel TOULET<\/a><\/b><\/li>\n<\/ul>\n\n\n<p style=\"color:#0aa8ec\" class=\"has-text-color\"><strong><em><a href=\"http:\/\/www.cfccp.net\/index.php\/archives\/\">&lt;=  RETOUR AUX ARCHIVES<\/a><\/em><\/strong><\/p>\n","protected":false},"excerpt":{"rendered":"<p>&lt;= RETOUR AUX ARCHIVES Une ou deux fois par an, principalement pendant les r\u00e9unions du samedi, le CFCCP organise une&hellip;<\/p>\n","protected":false},"author":4,"featured_media":1179,"parent":190,"menu_order":10,"comment_status":"closed","ping_status":"closed","template":"","meta":[],"_links":{"self":[{"href":"https:\/\/www.cfccp.net\/index.php\/wp-json\/wp\/v2\/pages\/1171"}],"collection":[{"href":"https:\/\/www.cfccp.net\/index.php\/wp-json\/wp\/v2\/pages"}],"about":[{"href":"https:\/\/www.cfccp.net\/index.php\/wp-json\/wp\/v2\/types\/page"}],"author":[{"embeddable":true,"href":"https:\/\/www.cfccp.net\/index.php\/wp-json\/wp\/v2\/users\/4"}],"replies":[{"embeddable":true,"href":"https:\/\/www.cfccp.net\/index.php\/wp-json\/wp\/v2\/comments?post=1171"}],"version-history":[{"count":5,"href":"https:\/\/www.cfccp.net\/index.php\/wp-json\/wp\/v2\/pages\/1171\/revisions"}],"predecessor-version":[{"id":1180,"href":"https:\/\/www.cfccp.net\/index.php\/wp-json\/wp\/v2\/pages\/1171\/revisions\/1180"}],"up":[{"embeddable":true,"href":"https:\/\/www.cfccp.net\/index.php\/wp-json\/wp\/v2\/pages\/190"}],"wp:featuredmedia":[{"embeddable":true,"href":"https:\/\/www.cfccp.net\/index.php\/wp-json\/wp\/v2\/media\/1179"}],"wp:attachment":[{"href":"https:\/\/www.cfccp.net\/index.php\/wp-json\/wp\/v2\/media?parent=1171"}],"curies":[{"name":"wp","href":"https:\/\/api.w.org\/{rel}","templated":true}]}}