{"id":1152,"date":"2020-02-16T19:49:20","date_gmt":"2020-02-16T18:49:20","guid":{"rendered":"http:\/\/www.cfccp.net\/?page_id=1152"},"modified":"2023-05-10T09:01:02","modified_gmt":"2023-05-10T07:01:02","slug":"ag2020-et-repas","status":"publish","type":"page","link":"https:\/\/www.cfccp.net\/index.php\/reunions-dispersions\/ag2020-et-repas\/","title":{"rendered":"Assembl\u00e9e g\u00e9n\u00e9rale 2023 et Repas associatif"},"content":{"rendered":"\n<p><strong><a href=\"http:\/\/www.cfccp.net\/index.php\/reunions-dispersions\/\">&lt;= RETOUR<\/a><\/strong><\/p>\n\n\n\n<p class=\"has-text-color\" style=\"color:#0a0200\"><strong>L\u2019Assembl\u00e9e G\u00e9n\u00e9rale 2023 se tiendra le jeudi 11 mai 2023<\/strong>&nbsp;14 heures 30 \u00e0 la Maison de la Vie Associative et Citoyenne du 15\u00e8me, 22 rue de la Sa\u00efda, 75015 PARIS. Les adh\u00e9rents avaient re\u00e7u par courrier la convocation, l\u2019ordre du jour et le formulaire de pouvoir \u00e0 renvoyer le cas \u00e9ch\u00e9ant. <\/p>\n\n\n\n<div class=\"wp-block-image\"><figure class=\"aligncenter\"><img loading=\"lazy\" width=\"384\" height=\"288\" src=\"http:\/\/www.cfccp.net\/wp-content\/uploads\/2020\/01\/saida-entree-small.jpg\" alt=\"\" class=\"wp-image-648\" srcset=\"https:\/\/www.cfccp.net\/wp-content\/uploads\/2020\/01\/saida-entree-small.jpg 384w, https:\/\/www.cfccp.net\/wp-content\/uploads\/2020\/01\/saida-entree-small-300x225.jpg 300w\" sizes=\"(max-width: 384px) 100vw, 384px\" \/><figcaption><strong><em>Entr\u00e9e de la maison des associations du 15\u00e8me.&nbsp;<strong><em>T<\/em><\/strong>ram&nbsp;<strong><em>T<\/em><\/strong>3a et bus 89 arr\u00eats&nbsp;<strong><em>G<\/em><\/strong>eorges&nbsp;<strong><em>B<\/em><\/strong>rassens. M\u00e9tro Convention<\/em><\/strong><\/figcaption><\/figure><\/div>\n\n\n\n<p class=\"has-quaternary-color has-text-color\"> <strong>Pour consulter l&rsquo;organigramme du Cercle,<\/strong>&nbsp;<strong><a href=\"http:\/\/www.cfccp.net\/index.php\/espace-adherents\/gouvernance\/\">RENDEZ VOUS ICI<\/a><\/strong><\/p>\n\n\n\n<p><strong><strong>Le repas associatif s\u2019est tenu le samedi 18 mars<\/strong>\u00a02023 \u00e0 midi au restaurant Mollard, 115 rue Saint Lazare, 75008 PARIS. Les adh\u00e9rents pr\u00e9sents ont pu ainsi se retrouver et \u00e9changer \u00e0 table, apr\u00e8s un ap\u00e9ritif offert par le Cercle dans une salle. <\/strong><\/p>\n\n\n\n<figure class=\"wp-block-image\"><img loading=\"lazy\" width=\"1024\" height=\"975\" src=\"http:\/\/www.cfccp.net\/wp-content\/uploads\/2019\/09\/cfccpmollardrecto-1024x975.jpg\" alt=\"\" class=\"wp-image-206\" srcset=\"https:\/\/www.cfccp.net\/wp-content\/uploads\/2019\/09\/cfccpmollardrecto-1024x975.jpg 1024w, https:\/\/www.cfccp.net\/wp-content\/uploads\/2019\/09\/cfccpmollardrecto-300x286.jpg 300w, https:\/\/www.cfccp.net\/wp-content\/uploads\/2019\/09\/cfccpmollardrecto-768x731.jpg 768w, https:\/\/www.cfccp.net\/wp-content\/uploads\/2019\/09\/cfccpmollardrecto-1600x1524.jpg 1600w, https:\/\/www.cfccp.net\/wp-content\/uploads\/2019\/09\/cfccpmollardrecto-600x571.jpg 600w\" sizes=\"(max-width: 1024px) 100vw, 1024px\" \/><\/figure>\n\n\n\n<p><strong><a href=\"http:\/\/www.cfccp.net\/index.php\/reunions-dispersions\/\">&lt;= RETOUR<\/a><\/strong><\/p>\n","protected":false},"excerpt":{"rendered":"<p>&lt;= RETOUR L\u2019Assembl\u00e9e G\u00e9n\u00e9rale 2023 se tiendra le jeudi 11 mai 2023&nbsp;14 heures 30 \u00e0 la Maison de la Vie&hellip;<\/p>\n","protected":false},"author":4,"featured_media":200,"parent":625,"menu_order":5,"comment_status":"closed","ping_status":"closed","template":"","meta":[],"_links":{"self":[{"href":"https:\/\/www.cfccp.net\/index.php\/wp-json\/wp\/v2\/pages\/1152"}],"collection":[{"href":"https:\/\/www.cfccp.net\/index.php\/wp-json\/wp\/v2\/pages"}],"about":[{"href":"https:\/\/www.cfccp.net\/index.php\/wp-json\/wp\/v2\/types\/page"}],"author":[{"embeddable":true,"href":"https:\/\/www.cfccp.net\/index.php\/wp-json\/wp\/v2\/users\/4"}],"replies":[{"embeddable":true,"href":"https:\/\/www.cfccp.net\/index.php\/wp-json\/wp\/v2\/comments?post=1152"}],"version-history":[{"count":8,"href":"https:\/\/www.cfccp.net\/index.php\/wp-json\/wp\/v2\/pages\/1152\/revisions"}],"predecessor-version":[{"id":3747,"href":"https:\/\/www.cfccp.net\/index.php\/wp-json\/wp\/v2\/pages\/1152\/revisions\/3747"}],"up":[{"embeddable":true,"href":"https:\/\/www.cfccp.net\/index.php\/wp-json\/wp\/v2\/pages\/625"}],"wp:featuredmedia":[{"embeddable":true,"href":"https:\/\/www.cfccp.net\/index.php\/wp-json\/wp\/v2\/media\/200"}],"wp:attachment":[{"href":"https:\/\/www.cfccp.net\/index.php\/wp-json\/wp\/v2\/media?parent=1152"}],"curies":[{"name":"wp","href":"https:\/\/api.w.org\/{rel}","templated":true}]}}