{"id":1121,"date":"2020-02-05T01:07:54","date_gmt":"2020-02-05T00:07:54","guid":{"rendered":"http:\/\/www.cfccp.net\/?page_id=1121"},"modified":"2020-02-27T16:04:31","modified_gmt":"2020-02-27T15:04:31","slug":"message-ca","status":"publish","type":"page","link":"https:\/\/www.cfccp.net\/index.php\/accueil\/message-ca\/","title":{"rendered":"Message du Conseil d&rsquo;Administration"},"content":{"rendered":"\n<p><strong><em><a href=\"http:\/\/www.cfccp.net\/\">&lt;=  RETOUR A L&rsquo;ACCUEIL<\/a><\/em><\/strong><\/p>\n\n\n<p><strong>Lors de sa r\u00e9union du 28 janvier 2020, le C. A. a d\u00e9cid\u00e9 d&rsquo;adresser un message urgent \u00e0 tous les adh\u00e9rents.<\/strong><\/p>\n<p>Des points cruciaux ont \u00e9t\u00e9 identifi\u00e9s :<\/p>\n<ol>\n<li>Trouver un local pour stocker les cartes postales, typiquement contenues dans une armoire.<\/li>\n<li>Former une \u00e9quipe d&rsquo;au moins 3 adh\u00e9rents charg\u00e9e de r\u00e9colter des cartes et de pr\u00e9parer les dispersions. Michel Degrave a d\u00e9j\u00e0 r\u00e9pondu pr\u00e9sent.<\/li>\n<li>Assurer la tenue des dispersions lors des r\u00e9unions mensuelles.<\/li>\n<\/ol>\n<p><strong>Les adh\u00e9rents pouvant r\u00e9pondre pr\u00e9sent sont invit\u00e9s \u00e0 contacter le CA dans les plus brefs d\u00e9lais en utilisant le t\u00e9l\u00e9phone ou la messagerie figurant ci-contre.<\/strong><\/p>\n<p>Le texte complet du message figure ci-dessous.<\/p>\n\n\n<figure class=\"wp-block-image\"><img loading=\"lazy\" width=\"709\" height=\"1024\" src=\"http:\/\/www.cfccp.net\/wp-content\/uploads\/2020\/02\/lettre03-709x1024.jpg\" alt=\"\" class=\"wp-image-1129\" srcset=\"https:\/\/www.cfccp.net\/wp-content\/uploads\/2020\/02\/lettre03-709x1024.jpg 709w, https:\/\/www.cfccp.net\/wp-content\/uploads\/2020\/02\/lettre03-208x300.jpg 208w, https:\/\/www.cfccp.net\/wp-content\/uploads\/2020\/02\/lettre03-600x867.jpg 600w, https:\/\/www.cfccp.net\/wp-content\/uploads\/2020\/02\/lettre03.jpg 720w\" sizes=\"(max-width: 709px) 100vw, 709px\" \/><\/figure>\n\n\n\n<p><strong><em><a href=\"http:\/\/www.cfccp.net\/\">&lt;=  RETOUR A L&rsquo;ACCUEIL<\/a><\/em><\/strong><\/p>\n","protected":false},"excerpt":{"rendered":"<p>&lt;= RETOUR A L&rsquo;ACCUEIL Lors de sa r\u00e9union du 28 janvier 2020, le C. A. a d\u00e9cid\u00e9 d&rsquo;adresser un message&hellip;<\/p>\n","protected":false},"author":4,"featured_media":837,"parent":7,"menu_order":3,"comment_status":"closed","ping_status":"closed","template":"","meta":[],"_links":{"self":[{"href":"https:\/\/www.cfccp.net\/index.php\/wp-json\/wp\/v2\/pages\/1121"}],"collection":[{"href":"https:\/\/www.cfccp.net\/index.php\/wp-json\/wp\/v2\/pages"}],"about":[{"href":"https:\/\/www.cfccp.net\/index.php\/wp-json\/wp\/v2\/types\/page"}],"author":[{"embeddable":true,"href":"https:\/\/www.cfccp.net\/index.php\/wp-json\/wp\/v2\/users\/4"}],"replies":[{"embeddable":true,"href":"https:\/\/www.cfccp.net\/index.php\/wp-json\/wp\/v2\/comments?post=1121"}],"version-history":[{"count":6,"href":"https:\/\/www.cfccp.net\/index.php\/wp-json\/wp\/v2\/pages\/1121\/revisions"}],"predecessor-version":[{"id":1133,"href":"https:\/\/www.cfccp.net\/index.php\/wp-json\/wp\/v2\/pages\/1121\/revisions\/1133"}],"up":[{"embeddable":true,"href":"https:\/\/www.cfccp.net\/index.php\/wp-json\/wp\/v2\/pages\/7"}],"wp:featuredmedia":[{"embeddable":true,"href":"https:\/\/www.cfccp.net\/index.php\/wp-json\/wp\/v2\/media\/837"}],"wp:attachment":[{"href":"https:\/\/www.cfccp.net\/index.php\/wp-json\/wp\/v2\/media?parent=1121"}],"curies":[{"name":"wp","href":"https:\/\/api.w.org\/{rel}","templated":true}]}}