{"id":11,"date":"2019-01-10T19:54:24","date_gmt":"2019-01-10T18:54:24","guid":{"rendered":"http:\/\/cfccp.france1900.com\/?page_id=11"},"modified":"2020-09-18T09:30:18","modified_gmt":"2020-09-18T07:30:18","slug":"galeries","status":"publish","type":"page","link":"https:\/\/www.cfccp.net\/index.php\/galeries\/","title":{"rendered":"Galeries"},"content":{"rendered":"<p><strong><span style=\"color: #000000;\">A la demande de nombreux adh\u00e9rents, une galerie de cartes postales a \u00e9t\u00e9 install\u00e9e pour t\u00e9moigner \u00e0 la fois de la vitalit\u00e9 de l&rsquo;\u00e9dition cartophile \u00e0 travers les \u00e9poques et de l&rsquo;\u00e9rudition de nos adh\u00e9rents.<\/span><\/strong><\/p>\n<p><strong><span style=\"color: #000000;\">Le CFCCP propose ainsi \u00e0 ses adh\u00e9rents de pr\u00e9senter un sujet comprenant dix \u00e0 quinze cartes postales illustrant un th\u00e8me g\u00e9ographique (r\u00e9gionalisme, arrondissement parisien) ou une th\u00e9matique particuli\u00e8re qui leur est ch\u00e8re\u00a0 (m\u00e9tiers, objets, monument, personnage, moyen de transport, \u00e9v\u00e9nement, mode, presse, etc.). Un bon moyen de d\u00e9montrer que la Carte Postale est un vecteur de connaissances et de mise en valeur du patrimoine historique ou humain.<\/span><\/strong><\/p>\n<p><span style=\"color: #000000;\"><strong>Si vous d\u00e9sirez participer \u00e0 l&rsquo;aventure<\/strong>, il vous suffit de contacter l&rsquo;administrateur du site en utilisant la messagerie <strong>cfccpnet@gmail.com<\/strong>\u00a0 et de lui envoyer la copie des cartes (un scan sans modification des param\u00e8tres ou dimensionn\u00e9 \u00e0 300 pixels par pouce\u00a0 (<em>dpi<\/em>) avec 650 pixels de largeur pour une carte horizontale et 650 de hauteur pour une carte verticale) munie d&rsquo;un commentaire introduisant le th\u00e8me choisi et d\u00e9crivant au mieux possible la carte (\u00e9diteur, date estim\u00e9e, circulation, etc.). Les auteurs les plus \u00e0 l&rsquo;aise avec l&rsquo;\u00e9dition sur ordinateur fourniront un fichier <em>pdf<\/em> de taille mod\u00e9r\u00e9e (typ. 5 Mo) avec la mise en page qu&rsquo;ils souhaitent. Pour les autres, une aide \u00e9ditoriale pourra leur \u00eatre fournie, par exemple si vous souhaitez caviarder vos vues pour limiter les copies pirates.<\/span><\/p>\n<p><em><span style=\"color: #000000;\"><span style=\"color: #ff0000;\">Nous vous remercions \u00e0 l&rsquo;avance de votre coop\u00e9ration.\u00a0\u00a0\u00a0 <strong>A VOUS DE JOUER !<\/strong><\/span><br \/><\/span><\/em><\/p>\n\n\n<p><\/p>\n\n\n\n<p><strong>Choisissez une galerie ci-dessous<\/strong> pour d\u00e9marrer votre visite (jusqu&rsquo;\u00e0 20 th\u00e8mes par galerie)<\/p>\n\n\n\n<p style=\"color:#01597e\" class=\"has-text-color has-background has-quinary-background-color\"> <a href=\"http:\/\/www.cfccp.net\/index.php\/galeries\/histoire-cp\/\"><strong>HISTOIRE DE LA CARTE POSTALE<\/strong><\/a><\/p>\n\n\n\n<p style=\"color:#036f9d;text-align:left\" class=\"has-text-color has-background has-quinary-background-color\"> <a href=\"http:\/\/www.cfccp.net\/index.php\/galeries\/galerie-1\/\"><strong>GALERIE DES ADHERENTS  1<\/strong><\/a><\/p>\n\n\n\n<p style=\"color:#036f9d\" class=\"has-text-color has-background has-quinary-background-color\"> <a href=\"http:\/\/www.cfccp.net\/index.php\/galeries\/galerie-2\/\"><strong>GALERIE DES ADHERENTS  2<\/strong><\/a><\/p>\n\n\n\n<p>Mention particuli\u00e8re pour les<strong> coups de coeur des adh\u00e9rents<\/strong>, des contributions percutantes autour d&rsquo;une carte (plus de 50 th\u00e8mes) :<\/p>\n\n\n\n<p style=\"text-align:left\" class=\"has-background has-quinary-background-color\"><strong><em><a href=\"http:\/\/www.cfccp.net\/index.php\/galeries\/coups-de-coeur\/\">LES COUPS DE COEUR DES ADHERENTS<\/a><\/em><\/strong><\/p>\n\n\n\n<p class=\"has-text-color has-primary-color\"><strong>Outre ces monographies, nous avons aussi recens\u00e9 des sites g\u00e9r\u00e9s par certains de nos adh\u00e9rents. Vous y trouverez des informations tout aussi vari\u00e9es sous un format libre<a href=\"http:\/\/www.cfccp.net\/index.php\/galeries\/liens\/\">.<\/a><\/strong> Signalez-nous vos publications !<\/p>\n\n\n\n<p style=\"color:#0476bc\" class=\"has-text-color has-background has-quinary-background-color\"> <strong><a href=\"http:\/\/www.cfccp.net\/index.php\/galeries\/liens\/\">ACCEDER AUX LIENS SUR LA TOILE<\/a><\/strong><\/p>\n\n\n\n<p style=\"text-align:right\"><em>mise \u00e0 jour septembre 2020<\/em><\/p>\n","protected":false},"excerpt":{"rendered":"<p>A la demande de nombreux adh\u00e9rents, une galerie de cartes postales a \u00e9t\u00e9 install\u00e9e pour t\u00e9moigner \u00e0 la fois de&hellip;<\/p>\n","protected":false},"author":4,"featured_media":342,"parent":0,"menu_order":8,"comment_status":"closed","ping_status":"closed","template":"","meta":[],"_links":{"self":[{"href":"https:\/\/www.cfccp.net\/index.php\/wp-json\/wp\/v2\/pages\/11"}],"collection":[{"href":"https:\/\/www.cfccp.net\/index.php\/wp-json\/wp\/v2\/pages"}],"about":[{"href":"https:\/\/www.cfccp.net\/index.php\/wp-json\/wp\/v2\/types\/page"}],"author":[{"embeddable":true,"href":"https:\/\/www.cfccp.net\/index.php\/wp-json\/wp\/v2\/users\/4"}],"replies":[{"embeddable":true,"href":"https:\/\/www.cfccp.net\/index.php\/wp-json\/wp\/v2\/comments?post=11"}],"version-history":[{"count":57,"href":"https:\/\/www.cfccp.net\/index.php\/wp-json\/wp\/v2\/pages\/11\/revisions"}],"predecessor-version":[{"id":2261,"href":"https:\/\/www.cfccp.net\/index.php\/wp-json\/wp\/v2\/pages\/11\/revisions\/2261"}],"wp:featuredmedia":[{"embeddable":true,"href":"https:\/\/www.cfccp.net\/index.php\/wp-json\/wp\/v2\/media\/342"}],"wp:attachment":[{"href":"https:\/\/www.cfccp.net\/index.php\/wp-json\/wp\/v2\/media?parent=11"}],"curies":[{"name":"wp","href":"https:\/\/api.w.org\/{rel}","templated":true}]}}