{"id":1064,"date":"2020-02-03T01:28:04","date_gmt":"2020-02-03T00:28:04","guid":{"rendered":"http:\/\/www.cfccp.net\/?page_id=1064"},"modified":"2020-08-07T07:11:41","modified_gmt":"2020-08-07T05:11:41","slug":"cartophile-no189","status":"publish","type":"page","link":"https:\/\/www.cfccp.net\/index.php\/le-cartophile\/cartophile-no189\/","title":{"rendered":"Aper\u00e7u du Cartophile n\u00b0 189"},"content":{"rendered":"\n<p style=\"color:#077fb2\" class=\"has-text-color\"><strong><a href=\"http:\/\/www.cfccp.net\/index.php\/le-cartophile\/\">&lt;=  RETOUR<\/a><\/strong><\/p>\n\n\n<h2>Scans partiels du Cartophile dat\u00e9 de d\u00e9cembre 2019<\/h2>\n<p>Devant l&rsquo;impossibilit\u00e9 de tenir la r\u00e9union de d\u00e9cembre et celle de janvier, Le Cartophile n\u00b0 189 du 4\u00e8me trimestre 2019 a \u00e9t\u00e9 exp\u00e9di\u00e9 \u00e0 tous nos adh\u00e9rents.<\/p>\n<p><b>Pages de couverture ext\u00e9rieure<\/b><\/p>\n<p><img src=\"http:\/\/www.cfccp.com\/images\/cartophile\/cfccpcartophile189\/cfccpcartophile189-mod\/cfccp-carto189-couvext-mod.jpg\" width=\"520\" \/><\/p>\n<p><b>Pages de couverture int\u00e9rieure<\/b><\/p>\n<p><img class=\"alignnone\" src=\"http:\/\/www.cfccp.com\/images\/cartophile\/cfccpcartophile189\/cfccpcartophile189-mod\/cfccp-carto189-couvint-mod.jpg\" width=\"520\" \/><\/p>\n<p><b>Page 1 : La carte du cartophile : Le CFCCP pr\u00e9sente \u00e0 ses adh\u00e9rents ses meilleurs voeux<\/b><\/p>\n<p><img src=\"http:\/\/www.cfccp.com\/images\/cartophile\/cfccpcartophile189\/cfccpcartophile189-mod\/cfccp-carto189-page01-mod.jpg\" width=\"520\" \/><\/p>\n<p><b>Page 2 : Sommaire du n\u00b0 189<\/b><\/p>\n<p><img src=\"http:\/\/www.cfccp.com\/images\/cartophile\/cfccpcartophile189\/cfccpcartophile189-mod\/cfccp-carto189-page02-mod.jpg\" width=\"520\" \/><\/p>\n<p><b>Page 3 : Le mot du Pr\u00e9sident par Ronald MATTATIA et Date de l&rsquo;AG<\/b><\/p>\n<p><img src=\"http:\/\/www.cfccp.com\/images\/cartophile\/cfccpcartophile189\/cfccpcartophile189-mod\/cfccp-carto189-page03-mod.jpg\" width=\"520\" \/><\/p>\n<p><b>Pages 4 : Les myst\u00e8res des cartes postales<\/b><\/p>\n<p><img src=\"http:\/\/www.cfccp.com\/images\/cartophile\/cfccpcartophile189\/cfccpcartophile189-mod\/cfccp-carto189-page04-mod.jpg\" width=\"520\" \/><\/p>\n<p><b>Pages 5 \u00e0 7 : Vos articles \u00ab\u00a0Aux tortues\u00a0\u00bb par Manuel RIERA<\/b><\/p>\n<p><b>Page 8 : Histoires de cartes &#8230;Une newsletter avant l&rsquo;heure ! par Daniel LACROIX<\/b><\/p>\n<p><b>Page 9 : Histoires de cartes &#8230; Les gr\u00e8ves d&rsquo;hier &#8230; et leurs \u00e9tonnants clich\u00e9s par Jacques BIZET<\/b><\/p>\n<p><b>Page 10 : Vie associative Des nouvelles de notre page Facebook par Jean LAROUR<\/b><\/p>\n<p><img src=\"http:\/\/www.cfccp.com\/images\/cartophile\/cfccpcartophile189\/cfccpcartophile189-mod\/cfccp-carto189-page10-mod.jpg\" width=\"520\" \/><\/p>\n<p><b>Pages 11 et 12 : Un jour une carte Devine qui vient d\u00e9jeuner ce mercredi ? par Ronald MATTATIA<\/b><\/p>\n<p><b>Page 12 : Du fond de nos tiroirs Circulez, y a rien \u00e0 voir ! par Michel DEGRAVE<\/b><\/p>\n<p><b>Pages 13 \u00e0 22 : Ventes \u00e0 prix nets &#8211; R\u00e8glementet de la vente \u00e0 prix nets du 11 f\u00e9vrier 2020 &#8211; Liste des lots<\/b><\/p>\n<p><b>Pages 23 \u00e0 26 : Vos articles : Travail et m\u00e9tiers du bois par Michel TOULET<\/b><\/p>\n<p><b>Pages 27 &#8211; 28 : Vos articles La vaillante sonneuse \/ \u00e0 Saint-Joseph par Michel DEGRAVE et Actualit\u00e9s de la carte postale<\/b><\/p>\n<p><img src=\"http:\/\/www.cfccp.com\/images\/cartophile\/cfccpcartophile189\/cfccpcartophile189-mod\/cfccp-carto189-page27-mod.jpg\" width=\"520\" \/><\/p>\n<p><b>Page 29 : Nouvelles de nos adh\u00e9rents<\/b><\/p>\n<p><img src=\"http:\/\/www.cfccp.com\/images\/cartophile\/cfccpcartophile189\/cfccpcartophile189-mod\/cfccp-carto189-page29-mod.jpg\" width=\"520\" \/><\/p>\n<p><b>Page 30 : Publications et nos adh\u00e9rents exposent<\/b><\/p>\n<p><img src=\"http:\/\/www.cfccp.com\/images\/cartophile\/cfccpcartophile189\/cfccpcartophile189-mod\/cfccp-carto189-page30-mod.jpg\" width=\"520\" \/><\/p>\n<p><b>Page 31 : Nouvelles de nos adh\u00e9rents et nos adh\u00e9rents m\u00e8nent l&rsquo;enqu\u00eate<\/b><\/p>\n<p><img src=\"http:\/\/www.cfccp.com\/images\/cartophile\/cfccpcartophile189\/cfccpcartophile189-mod\/cfccp-carto189-page31-mod.jpg\" width=\"520\" \/><\/p>\n<p><b>Page 32 : CP MAG<\/b><\/p>\n<p><img src=\"http:\/\/www.cfccp.com\/images\/cartophile\/cfccpcartophile189\/cfccpcartophile189-mod\/cfccp-carto189-page32-mod.jpg\" width=\"520\" \/><\/p>\n\n\n<p style=\"color:#077fb2\" class=\"has-text-color\"><strong><a href=\"http:\/\/www.cfccp.net\/index.php\/le-cartophile\/\">&lt;=  RETOUR<\/a><\/strong><\/p>\n","protected":false},"excerpt":{"rendered":"<p>&lt;= RETOUR Scans partiels du Cartophile dat\u00e9 de d\u00e9cembre 2019 Devant l&rsquo;impossibilit\u00e9 de tenir la r\u00e9union de d\u00e9cembre et celle&hellip;<\/p>\n","protected":false},"author":4,"featured_media":1014,"parent":364,"menu_order":19,"comment_status":"closed","ping_status":"closed","template":"","meta":[],"_links":{"self":[{"href":"https:\/\/www.cfccp.net\/index.php\/wp-json\/wp\/v2\/pages\/1064"}],"collection":[{"href":"https:\/\/www.cfccp.net\/index.php\/wp-json\/wp\/v2\/pages"}],"about":[{"href":"https:\/\/www.cfccp.net\/index.php\/wp-json\/wp\/v2\/types\/page"}],"author":[{"embeddable":true,"href":"https:\/\/www.cfccp.net\/index.php\/wp-json\/wp\/v2\/users\/4"}],"replies":[{"embeddable":true,"href":"https:\/\/www.cfccp.net\/index.php\/wp-json\/wp\/v2\/comments?post=1064"}],"version-history":[{"count":10,"href":"https:\/\/www.cfccp.net\/index.php\/wp-json\/wp\/v2\/pages\/1064\/revisions"}],"predecessor-version":[{"id":1797,"href":"https:\/\/www.cfccp.net\/index.php\/wp-json\/wp\/v2\/pages\/1064\/revisions\/1797"}],"up":[{"embeddable":true,"href":"https:\/\/www.cfccp.net\/index.php\/wp-json\/wp\/v2\/pages\/364"}],"wp:featuredmedia":[{"embeddable":true,"href":"https:\/\/www.cfccp.net\/index.php\/wp-json\/wp\/v2\/media\/1014"}],"wp:attachment":[{"href":"https:\/\/www.cfccp.net\/index.php\/wp-json\/wp\/v2\/media?parent=1064"}],"curies":[{"name":"wp","href":"https:\/\/api.w.org\/{rel}","templated":true}]}}