{"id":104,"date":"2019-01-10T21:52:00","date_gmt":"2019-01-10T20:52:00","guid":{"rendered":"http:\/\/cfccp.france1900.com\/index.php\/newsletter\/"},"modified":"2023-03-23T22:13:35","modified_gmt":"2023-03-23T21:13:35","slug":"newsletter","status":"publish","type":"page","link":"https:\/\/www.cfccp.net\/index.php\/newsletter\/","title":{"rendered":"La Lettre du CFCCP"},"content":{"rendered":"\n<p class=\"has-background\" style=\"background-color:#49f909\"><strong>Si vous \u00eates adh\u00e9rent et si vous avez autoris\u00e9 la publication de votre adresse \u00e9lectronique \u00e0 l&rsquo;annuaire du Cercle<\/strong>, vous recevrez une lettre d&rsquo;information (Newsletter) \u00e0 un rythme mensuel. <\/p>\n\n\n\n<p class=\"has-background\" style=\"background-color:#fefa09\"> <strong>Si vous n&rsquo;\u00eates pas adh\u00e9rent ou si vous \u00eates adh\u00e9rent mais n&rsquo;avez autoris\u00e9 la publication de votre adresse \u00e9lectronique \u00e0 l&rsquo;annuaire du Cercle<\/strong>,  en vous inscrivant ici, vous autorisez le CFCCP \u00e0 vous envoyer une lettre d&rsquo;information (Newsletter). Vos coordonn\u00e9es seront utilis\u00e9es UNIQUEMENT pour la gestion de l&rsquo;envoi de La Lettre. <strong>Merci de remplir le formulaire ci-dessous avec pr\u00e9cision, cochez pour accepter la politique et envoyez avec la touche S&rsquo;ABONNER.<\/strong> Apr\u00e8s traitement de votre demande, vous recevrez une confirmation d&rsquo;abonnement.<\/p>\n\n\n\n<p> Pour ne pas vous surcharger, et sauf urgence, cette lettre sera envoy\u00e9e \u00e0 un rythme mensuel au plus. Elle vous permettra de garder le lien avec le Cercle en vous proposant des informations et des liens vers le site&nbsp;&nbsp;<a rel=\"noreferrer noopener\" href=\"http:\/\/www.cfccp.net\/\" target=\"_blank\">http:\/\/www.cfccp.net<\/a>&nbsp;mais ne comportera pas de pi\u00e8ces jointes. <\/p>\n\n\n<p><div class=\"tnp tnp-subscription\">\n<form method=\"post\" action=\"https:\/\/www.cfccp.net\/?na=s\" onsubmit=\"return newsletter_check(this)\">\n\n<input type=\"hidden\" name=\"nlang\" value=\"\">\n<input type=\"hidden\" name=\"nr\" value=\"page\">\n<div class=\"tnp-field tnp-field-firstname\"><label>Pr\u00e9nom ou nom complet<\/label><input class=\"tnp-firstname\" type=\"text\" name=\"nn\" ><\/div>\n<div class=\"tnp-field tnp-field-email\"><label>Email<\/label><input class=\"tnp-email\" type=\"email\" name=\"ne\" required><\/div>\n<div class=\"tnp-field tnp-field-privacy\"><label><input type=\"checkbox\" name=\"ny\" required class=\"tnp-privacy\">&nbsp;En continuant, vous acceptez la politique de confidentialit\u00e9<\/label><\/div>\n<div class=\"tnp-field tnp-field-button\"><input class=\"tnp-submit\" type=\"submit\" value=\"S&#039;abonner\" >\n<\/div>\n<\/form>\n<\/div>\n<\/p>\n<p><strong>Historique des envois de la Lettre :<\/strong><\/p>\n<ul>\n<li>lettre 19 &#8211; le 21 mars 2023<\/li>\n<li>lettre 18 &#8211; le 28 janvier 2023<\/li>\n<li>lettre 17 &#8211; le 02 janvier 2023<\/li>\n<li>lettre 16 &#8211; le 27 novembre 2022<\/li>\n<li>lettre 15 &#8211; le 29 septembre 2022<\/li>\n<li>lettre 14 &#8211; le 31 d\u00e9cembre 2021<\/li>\n<li>lettre 13 &#8211; le 05 octobre 2021<\/li>\n<li>lettre 12 &#8211; le 29 juin 2021<\/li>\n<li>lettre 11 &#8211; le 06 mai 2021<\/li>\n<li>lettre 10 &#8211; le 31 mars 2021<\/li>\n<li>lettre 09 &#8211; le 1er mars 2021<\/li>\n<li>lettre 08 &#8211; le 25 f\u00e9vrier 2021<\/li>\n<li>lettre 07 &#8211; le 02 octobre 2020<\/li>\n<li>lettre 06 &#8211; le 08 septembre 2020<\/li>\n<li>lettre 05 &#8211; le 1er ao\u00fbt 2020<\/li>\n<li>lettre 04 &#8211; le 30 avril 2020<\/li>\n<li>lettre 03 &#8211; le 31 mars 2020<\/li>\n<li>lettre 02 &#8211; le 04 f\u00e9vrier 2020<\/li>\n<li>lettre 01 &#8211; le 28 janvier 2020<\/li>\n<\/ul>\n\n\n<p><\/p>\n","protected":false},"excerpt":{"rendered":"<p>Si vous \u00eates adh\u00e9rent et si vous avez autoris\u00e9 la publication de votre adresse \u00e9lectronique \u00e0 l&rsquo;annuaire du Cercle, vous&hellip;<\/p>\n","protected":false},"author":1,"featured_media":341,"parent":0,"menu_order":7,"comment_status":"closed","ping_status":"closed","template":"","meta":[],"_links":{"self":[{"href":"https:\/\/www.cfccp.net\/index.php\/wp-json\/wp\/v2\/pages\/104"}],"collection":[{"href":"https:\/\/www.cfccp.net\/index.php\/wp-json\/wp\/v2\/pages"}],"about":[{"href":"https:\/\/www.cfccp.net\/index.php\/wp-json\/wp\/v2\/types\/page"}],"author":[{"embeddable":true,"href":"https:\/\/www.cfccp.net\/index.php\/wp-json\/wp\/v2\/users\/1"}],"replies":[{"embeddable":true,"href":"https:\/\/www.cfccp.net\/index.php\/wp-json\/wp\/v2\/comments?post=104"}],"version-history":[{"count":31,"href":"https:\/\/www.cfccp.net\/index.php\/wp-json\/wp\/v2\/pages\/104\/revisions"}],"predecessor-version":[{"id":3696,"href":"https:\/\/www.cfccp.net\/index.php\/wp-json\/wp\/v2\/pages\/104\/revisions\/3696"}],"wp:featuredmedia":[{"embeddable":true,"href":"https:\/\/www.cfccp.net\/index.php\/wp-json\/wp\/v2\/media\/341"}],"wp:attachment":[{"href":"https:\/\/www.cfccp.net\/index.php\/wp-json\/wp\/v2\/media?parent=104"}],"curies":[{"name":"wp","href":"https:\/\/api.w.org\/{rel}","templated":true}]}}