{"id":1034,"date":"2020-02-01T00:11:08","date_gmt":"2020-01-31T23:11:08","guid":{"rendered":"http:\/\/www.cfccp.net\/?page_id=1034"},"modified":"2020-02-03T00:56:49","modified_gmt":"2020-02-02T23:56:49","slug":"numero-2","status":"publish","type":"page","link":"https:\/\/www.cfccp.net\/index.php\/le-cartophile\/numero-2\/","title":{"rendered":"Le num\u00e9ro 2 de septembre 1966"},"content":{"rendered":"\n<p style=\"color:#077fb2\" class=\"has-text-color\"><strong><a href=\"http:\/\/www.cfccp.net\/index.php\/le-cartophile\/\">&lt;=  RETOUR<\/a><\/strong><\/p>\n\n\n<h2>Scans du deuxi\u00e8me n\u00b0 du Cartophile, dat\u00e9 d&rsquo;octobre 1966<\/h2>\n<p><\/p>\n<p><b>Pages de couverture ext\u00e9rieure<\/b><\/p>\n<p><img src=\"http:\/\/www.cfccp.com\/images\/cartophile\/cfccpcartophile002\/cfccpcarto002couvext.jpg\"><\/p>\n<p><b>Pages de couverture int\u00e9rieure<\/b><\/p>\n<p><img src=\"http:\/\/www.cfccp.com\/images\/cartophile\/cfccpcartophile002\/cfccpcarto002couvint.jpg\"><\/p>\n<p><b>Page 1<\/b><\/p>\n<p><img src=\"http:\/\/www.cfccp.com\/images\/cartophile\/cfccpcartophile002\/cfccpcarto002page01.jpg\"><\/p>\n<p><b>Page 2<\/b><\/p>\n<p><img src=\"http:\/\/www.cfccp.com\/images\/cartophile\/cfccpcartophile002\/cfccpcarto002page02.jpg\"><\/p>\n<p><b>Page 3<\/b><\/p>\n<p><img src=\"http:\/\/www.cfccp.com\/images\/cartophile\/cfccpcartophile002\/cfccpcarto002page03.jpg\"><\/p>\n<p><b>Page 4<\/b><\/p>\n<p><img src=\"http:\/\/www.cfccp.com\/images\/cartophile\/cfccpcartophile002\/cfccpcarto002page04.jpg\"><\/p>\n<p><b>Page 5<\/b><\/p>\n<p><img src=\"http:\/\/www.cfccp.com\/images\/cartophile\/cfccpcartophile002\/cfccpcarto002page05.jpg\"><\/p>\n<p><b>Page 6<\/b><\/p>\n<p><img src=\"http:\/\/www.cfccp.com\/images\/cartophile\/cfccpcartophile002\/cfccpcarto002page06.jpg\"><\/p>\n<p><b>Page 7<\/b><\/p>\n<p><img src=\"http:\/\/www.cfccp.com\/images\/cartophile\/cfccpcartophile002\/cfccpcarto002page07.jpg\"><\/p>\n<p><b>Page 8<\/b><\/p>\n<p><img src=\"http:\/\/www.cfccp.com\/images\/cartophile\/cfccpcartophile002\/cfccpcarto002page08.jpg\"><\/p>\n<p><b>Page 9<\/b><\/p>\n<p><img src=\"http:\/\/www.cfccp.com\/images\/cartophile\/cfccpcartophile002\/cfccpcarto002page09.jpg\"><\/p>\n<p><b>Page 10<\/b><\/p>\n<p><img src=\"http:\/\/www.cfccp.com\/images\/cartophile\/cfccpcartophile002\/cfccpcarto002page10.jpg\"><\/p>\n<p><b>Page 11<\/b><\/p>\n<p><img src=\"http:\/\/www.cfccp.com\/images\/cartophile\/cfccpcartophile002\/cfccpcarto002page11.jpg\"><\/p>\n<p><b>Page 12<\/b><\/p>\n<p><img src=\"http:\/\/www.cfccp.com\/images\/cartophile\/cfccpcartophile002\/cfccpcarto002page12.jpg\"><\/p>\n<p><b>Page 13<\/b><\/p>\n<p><img src=\"http:\/\/www.cfccp.com\/images\/cartophile\/cfccpcartophile002\/cfccpcarto002page13.jpg\"><\/p>\n<p><b>Page 14<\/b><\/p>\n<p><img src=\"http:\/\/www.cfccp.com\/images\/cartophile\/cfccpcartophile002\/cfccpcarto002page14.jpg\"><\/p>\n<p><b>Page 15<\/b><\/p>\n<p><img src=\"http:\/\/www.cfccp.com\/images\/cartophile\/cfccpcartophile002\/cfccpcarto002page15.jpg\"><\/p>\n<p><b>Page 16<\/b><\/p>\n<p><img src=\"http:\/\/www.cfccp.com\/images\/cartophile\/cfccpcartophile002\/cfccpcarto002page16.jpg\"><\/p>\n\n\n<p style=\"color:#077fb2\" class=\"has-text-color\"><strong><a href=\"http:\/\/www.cfccp.net\/index.php\/le-cartophile\/\">&lt;=  RETOUR<\/a><\/strong><\/p>\n","protected":false},"excerpt":{"rendered":"<p>&lt;= RETOUR Scans du deuxi\u00e8me n\u00b0 du Cartophile, dat\u00e9 d&rsquo;octobre 1966 Pages de couverture ext\u00e9rieure Pages de couverture int\u00e9rieure Page&hellip;<\/p>\n","protected":false},"author":4,"featured_media":1014,"parent":364,"menu_order":21,"comment_status":"closed","ping_status":"closed","template":"","meta":[],"_links":{"self":[{"href":"https:\/\/www.cfccp.net\/index.php\/wp-json\/wp\/v2\/pages\/1034"}],"collection":[{"href":"https:\/\/www.cfccp.net\/index.php\/wp-json\/wp\/v2\/pages"}],"about":[{"href":"https:\/\/www.cfccp.net\/index.php\/wp-json\/wp\/v2\/types\/page"}],"author":[{"embeddable":true,"href":"https:\/\/www.cfccp.net\/index.php\/wp-json\/wp\/v2\/users\/4"}],"replies":[{"embeddable":true,"href":"https:\/\/www.cfccp.net\/index.php\/wp-json\/wp\/v2\/comments?post=1034"}],"version-history":[{"count":3,"href":"https:\/\/www.cfccp.net\/index.php\/wp-json\/wp\/v2\/pages\/1034\/revisions"}],"predecessor-version":[{"id":1054,"href":"https:\/\/www.cfccp.net\/index.php\/wp-json\/wp\/v2\/pages\/1034\/revisions\/1054"}],"up":[{"embeddable":true,"href":"https:\/\/www.cfccp.net\/index.php\/wp-json\/wp\/v2\/pages\/364"}],"wp:featuredmedia":[{"embeddable":true,"href":"https:\/\/www.cfccp.net\/index.php\/wp-json\/wp\/v2\/media\/1014"}],"wp:attachment":[{"href":"https:\/\/www.cfccp.net\/index.php\/wp-json\/wp\/v2\/media?parent=1034"}],"curies":[{"name":"wp","href":"https:\/\/api.w.org\/{rel}","templated":true}]}}